{"id":73,"date":"2019-04-01T09:11:29","date_gmt":"2019-04-01T09:11:29","guid":{"rendered":"http:\/\/selectbanks.se\/?page_id=73"},"modified":"2021-12-15T14:09:22","modified_gmt":"2021-12-15T14:09:22","slug":"lendo","status":"publish","type":"page","link":"https:\/\/navibanker.com\/se\/langivare\/lendo\/","title":{"rendered":"\ufeffTa ett privatl\u00e5n hos Lendo \u2013 vad erbjuds nu, vad \u00e4r bra och mindre bra"},"content":{"rendered":"\n<p>Ett privatl\u00e5n \u00e4r ett l\u00e5n utan s\u00e4kerhet. Privatl\u00e5n tas ofta f\u00f6r att finansiera till exempel konsumentartiklar&nbsp;&nbsp;<\/p>\n\n\n\n<p>N\u00e5gra exempel p\u00e5 vad privatl\u00e5n anv\u00e4nds till:<\/p>\n\n\n\n<ul><li>TV-apparater<\/li><li>kylsk\u00e5p<\/li><li>cyklar<\/li><li>kl\u00e4der<\/li><li>b\u00e5tar<\/li><li>bilar<\/li><li>resor<\/li><li>renoveringar<\/li><li>utbildning<\/li><li>sk\u00f6nhetsoperationer<\/li><li>sjukv\u00e5rd<\/li><li>begravningar<\/li><li>till att samla tidigare skulder<\/li><\/ul>\n\n\n\n<p><p>Privatl\u00e5n \u00e4r ett vanligt s\u00e4tt f\u00f6r privatpersoner att finansiera konsumtion och ov\u00e4ntade utgifter.<\/p>\n<p><img fetchpriority=\"high\" decoding=\"async\" class=\"alignnone size-full wp-image-526\" src=\"https:\/\/navibanker.com\/se\/wp-content\/uploads\/sites\/3\/2019\/04\/lendo.jpg\" alt=\"lendo\" width=\"769\" height=\"358\"><\/p>\n<p><a class=\"button-langivare\" href=\"#\">L\u00e4s mer om Lendo<\/a><\/p><\/p>\n\n\n\n<h2 class=\"wp-block-heading\"><strong>Information om bolaget Lendo<\/strong><\/h2>\n\n\n\n<h2 class=\"wp-block-heading\"><strong>S\u00e4te, adress och kontaktuppgifter till Lendo:<\/strong><\/h2>\n\n\n\n<p>Lendo AB<\/p>\n\n\n\n<p>Org. nr: 556515-1627<\/p>\n\n\n\n<p>V\u00e4stra J\u00e4rnv\u00e4gsgatan 21,<\/p>\n\n\n\n<p>111 64 Stockholm<\/p>\n\n\n\n<p>Kontakt<\/p>\n\n\n\n<p>0771 &#8211; 13 13 10<\/p>\n\n\n\n<p>kundservice@lendo.se<\/p>\n\n\n\n<h2 class=\"wp-block-heading\"><strong>Finns det hos Lendo reklambudskap<\/strong><\/h2>\n\n\n\n<p>P\u00e5 sin f\u00f6rstasida p\u00e5 sin sajt har Lendo just nu meddelanden som lyder:<\/p>\n\n\n\n<p><em>\u201dJ\u00e4mf\u00f6r privatl\u00e5n upp till 500 000 kr &#8211; helt kostnadsfritt!\u201d<\/em><\/p>\n\n\n\n<p><em>\u201dMed endast en UC f\u00e5r du flera l\u00e5neerbjudanden.\u201d<\/em><\/p>\n\n\n\n<p><em>\u201dSveriges st\u00f6rsta j\u00e4mf\u00f6relsetj\u00e4nst f\u00f6r l\u00e5n\u201d<\/em><\/p>\n\n\n\n<h2 class=\"wp-block-heading\"><strong>Sammanfattning av skillnaderna mellan nominell r\u00e4nta, effektiv r\u00e4nta och amortering hos Lendo? <\/strong><\/h2>\n\n\n\n<h2 class=\"wp-block-heading\"><strong>Nominell r\u00e4nta hos Lendo<\/strong><\/h2>\n\n\n\n<p>Skillnaden mellan nominell r\u00e4nta och effektiv r\u00e4nta \u00e4r att den nominella r\u00e4ntan \u00e4r kostnaden f\u00f6r pengarna du f\u00e5r l\u00e5na. Det \u00e4r den kostnad som Sveriges Riksbank s\u00e4tter p\u00e5 att ge pengar till bankerna, och p\u00e5 Riksbankens r\u00e4nta l\u00e4gger l\u00e5ngivarna sedan till lite mer f\u00f6r att de ocks\u00e5 ska tj\u00e4na pengar.<\/p>\n\n\n\n<h2 class=\"wp-block-heading\"><strong>Administrativa avgifter hos Lendo<\/strong><\/h2>\n\n\n\n<p>F\u00f6r att l\u00e4gga upp ditt l\u00e5n och f\u00f6r att administrera ditt l\u00e5n tar kreditinstituten ut administrativa avgifter. De administrativa avgifterna kan kallas f\u00f6r administrativa avgifter, uppl\u00e4ggningskostnad, aviavgifter, faktureringsavgift, kreditupplysningsavgift med mera. Dessa administrativa avgifter \u00e4r en kostnad f\u00f6r ditt l\u00e5n och dessa kan vara h\u00f6ga som andel av din kostnad om du l\u00e5nar ett litet belopp.<\/p>\n\n\n\n<h2 class=\"wp-block-heading\"><strong>Effektiv r\u00e4nta hos Lendo<\/strong><\/h2>\n\n\n\n<p>Den effektiva r\u00e4ntan \u00e4r den totala kostnaden du har f\u00f6r ditt l\u00e5n. Den effektiva r\u00e4ntan \u00e4r den nominella r\u00e4ntan plus de administrativa avgifterna. Den effektiva r\u00e4ntan \u00e4r allts\u00e5 den som du ska titta p\u00e5 n\u00e4r du j\u00e4mf\u00f6r kostnader f\u00f6r olika l\u00e5n.<\/p>\n\n\n\n<h2 class=\"wp-block-heading\"><strong>Amorteringar och avbetalningar hos Lendo<\/strong><\/h2>\n\n\n\n<p>Amortering \u2013 som ocks\u00e5 kallas f\u00f6r avbetalningar \u2013 \u00e4r det belopp som du ska betala tillbaka till l\u00e5ngivaren varje m\u00e5nad. Du har antagligen l\u00e5nat pengarna fr\u00e5n Lendo f\u00f6r en viss tid och det inneb\u00e4r att n\u00e4r den tiden \u00e4r slut m\u00e5ste hela l\u00e5nebeloppet vara \u00e5terbetalt.<\/p>\n\n\n\n<h2 class=\"wp-block-heading\"><strong>Sammanst\u00e4llning av l\u00e5nevillkor hos Lendo (svenska kronor):<\/strong><\/h2>\n\n\n\n<p>Hos Lendo kan du l\u00e5na: 10,000 till 500,000 kr<\/p>\n\n\n\n<p>R\u00e4ntespann: 2,95 % &#8211; 29,95 %<\/p>\n\n\n\n<p>Uppl\u00e4ggningsavgift: 0<\/p>\n\n\n\n<p>Aviavgift per m\u00e5nad: 0<\/p>\n\n\n\n<p>Annan avgift per m\u00e5nad: 0<\/p>\n\n\n\n<p>\u00c5terbetalningstid: 1 \u2013 15 \u00e5r<\/p>\n\n\n\n<p>*Lendo har en m\u00e4ngd olika alternativ f\u00f6r l\u00e5n<\/p>\n\n\n\n<h2 class=\"wp-block-heading\"><strong>\u00d6vrig information om vad som kr\u00e4vs f\u00f6r att l\u00e5na av Lendo?<\/strong><\/h2>\n\n\n\n<p>Du m\u00e5ste vara minst 18 \u00e5r gammal f\u00f6r att l\u00e5na hos Lendo och du f\u00e5r inte ha n\u00e5gon betalningsanm\u00e4rkning.<\/p>\n\n\n\n<p>Du m\u00e5ste ha en fast inkomst fr\u00e5n till exempel fast anst\u00e4llning, eller vikariat, pension eller vara egenf\u00f6retagare.<\/p>\n\n\n\n<p>Du kan knyta din arbetsgivare till l\u00e5net vilket betyder att arbetsgivaren drar l\u00e5nekostnaden fr\u00e5n din l\u00f6n. Detta \u00f6kar s\u00e4kerheten i \u00e5terbetalningarna.<\/p>\n\n\n\n<h2 class=\"wp-block-heading\"><strong>Lendo formul\u00e4r f\u00f6r att f\u00e5 l\u00e5na<\/strong><\/h2>\n\n\n\n<p>Allt du beh\u00f6ver g\u00f6ra f\u00f6r att f\u00e5 ett l\u00e5n hos Lendo \u00e4r att fylla i en kort l\u00e5neans\u00f6kan.<\/p>\n\n\n\n<p>F\u00f6rst v\u00e4ljer ett l\u00e5nebelopp samt \u00f6nskad \u00e5terbetalningstid.<\/p>\n\n\n\n<p>D\u00e4refter fyller du i ditt namn, telefonnummer, e-postadress och personnummer.<\/p>\n\n\n\n<p>Slutligen fyller du i ditt bankkontonummer inklusive clearingnummer.<\/p>\n\n\n\n<p>Med denna information som grund kommer Lendo att besluta om de ska ge dig det l\u00e5n du ans\u00f6kt om. Beskedet kommer att l\u00e4mnas omg\u00e5ende.<\/p>\n\n\n\n<h2 class=\"wp-block-heading\"><strong>Lendo kan komma att s\u00f6ka information om din ekonomi<\/strong><\/h2>\n\n\n\n<p>Lendo kommer vid ett eller flera tillf\u00e4llen under l\u00e5netiden att s\u00f6ka minst en kreditupplysning p\u00e5 dig.<\/p>\n\n\n\n<h2 class=\"wp-block-heading\"><strong>Du f\u00e5r pengarna fr\u00e5n Lendo n\u00e4stan direkt<\/strong><\/h2>\n\n\n\n<p>Du f\u00e5r dina pengar fr\u00e5n Lendo samma dag eller dagen efter att ans\u00f6kt om l\u00e5net.<\/p>\n\n\n\n<h2 class=\"wp-block-heading\"><strong>V\u00e5ra intryck av Lendo<\/strong><\/h2>\n\n\n\n<p>Nedan har vi gjort en kort sammanst\u00e4llning av hur vi ser p\u00e5 Lendo, deras erbjudande och hur de kommunicerar p\u00e5 sajten.<\/p>\n\n\n\n<p>Det som \u00e4r viktigast vid j\u00e4mf\u00f6relsen \u00e4r om det \u00e4r l\u00e4tt eller sv\u00e5rt att g\u00f6ra en totalbed\u00f6mning av l\u00e5neerbjudandet.<\/p>\n\n\n\n<h2 class=\"wp-block-heading\"><strong>Vilka \u00e4r f\u00f6rdelarna med att l\u00e5na hos Lendo <\/strong><\/h2>\n\n\n\n<ul><li>Lendo s\u00f6ker l\u00e5n hos 30 l\u00e5ngivare. Genom en ans\u00f6kan f\u00e5r du svar fr\u00e5n upp till 30 banker och l\u00e5ngivare.<\/li><\/ul>\n\n\n\n<ul><li>En ans\u00f6kan tar 2 minuter. Dessutom f\u00e5r du oftast svar inom en minut, f\u00e4rdigbehandlad inom 24h.<\/li><\/ul>\n\n\n\n<ul><li>Endast en kreditupplysning! Endast en kreditupplysning hos Upplysningscentralen (UC).<\/li><\/ul>\n\n\n\n<ul><li>L\u00e5na tryggt och s\u00e4kert. Lendo med samarbetspartners st\u00e5r under Finansinspektionens tillsyn.<\/li><\/ul>\n\n\n\n<h2 class=\"wp-block-heading\"><strong>Vilka \u00e4r nackdelarna med att l\u00e5na hos Lendo<\/strong><\/h2>\n\n\n\n<ul><li>Sv\u00e5rt att f\u00e5 grepp om alla tj\u00e4nster d\u00e5 typerna av l\u00e5n varierar<\/li><\/ul>\n\n\n\n<ul><li>V\u00e4ldigt mycket information att ta in<\/li><\/ul>\n\n\n<p><a class=\"button-langivare\" href=\"#\">L\u00e4s mer om Lendo<\/a><\/p>\n<p>Hos Lendo kan du j\u00e4mf\u00f6ra b\u00e5de privatl\u00e5n och f\u00f6retagsl\u00e5n. Lendo \u00e4r en l\u00e5nef\u00f6rmedlare och j\u00e4mf\u00f6relsetj\u00e4nst och l\u00e5nar allts\u00e5 inte sj\u00e4lva ut pengar. De samarbetar med omkring 30 l\u00e5ngivare och genom en enda ans\u00f6kan f\u00e5r du svar fr\u00e5n upp till 30 l\u00e5ngivare och banker. Hos Lendo kan du j\u00e4mf\u00f6ra privatl\u00e5n upp till 500 000 kr utan kostnad. Om du \u00e4r intresserad av att l\u00e4ra dig mer om Lendo rekommenderar vi att du l\u00e4ser vidare h\u00e4r nedan. Vi kommer titta n\u00e4rmare p\u00e5 derast tj\u00e4nst och vilka f\u00f6r- och nackdelar som finns med att anv\u00e4nda sig av Lendo.<\/p>\n<p><\/p>\n<p><a class=\"button-udbyder\" href=\"#\">L\u00e4s mer om lendon<\/a><\/p>\n<h2>S\u00e5 fungerar Lendo<\/h2>\n<p>Att ans\u00f6ka om ett l\u00e5n tar bara ett par minuter och flera svar kommer ofta inom n\u00e5gon minut. Det tar 24 timmar innan alla erbjudanden har kommit.<\/p>\n<p>En f\u00f6rdel med att anv\u00e4nda Lendo (eller n\u00e5gon annan l\u00e5nef\u00f6rmedlare) \u00e4r att det endast g\u00f6rs en kreditupplysning, trots att du f\u00e5r erbjudanden fr\u00e5n m\u00e5nga l\u00e5ngivare. Lendo anv\u00e4nder sig av UC (Upplysningscentralen). Det \u00e4r en stor f\u00f6rdel att det endast g\u00f6rs en enda kreditupplysning. Om du hade kontaktat varje bank f\u00f6r sig hade det gjorts m\u00e5nga kreditupplysningar p\u00e5 kort tid och det kan f\u00f6rs\u00e4mra din kreditv\u00e4rdighet.<\/p>\n<h2>Krav<\/h2>\n<p>Lendo st\u00e4ller olika krav beroende p\u00e5 vilken typ av l\u00e5n det r\u00f6r sig om. \u00c4r det ett l\u00e5n \u00f6ver 30 000 kr s\u00e5 m\u00e5ste du vara minst 18 \u00e5r, vara folkbokf\u00f6rd och skriven i Sverige i minst ett \u00e5r och ha en fast inkomst fr\u00e5n arbete eller pension. Din \u00e5rsinkomst ska ligga p\u00e5 minst 110 000 kr.<\/p>\n<p>Ans\u00f6ker du om ett l\u00e5n p\u00e5 30 000 eller mindre s\u00e5 r\u00e4cker det med en \u00e5rsinkomst p\u00e5 minst 100 000 kr, du ska ha en inkomst fr\u00e5n arbete eller pension och vara skuldfri fr\u00e5n Kronofogden i minst 6 m\u00e5nader. Du beh\u00f6ver allts\u00e5 inte ha en fast anst\u00e4llning f\u00f6r att ans\u00f6ka om ett l\u00e5n p\u00e5 30 000 eller mindre.<\/p>\n<p>\u00c4ven om du har betalningsanm\u00e4rkningar har du m\u00f6jlighet att ans\u00f6ka om ett l\u00e5n upp till 150 000 kr. Men d\u00e5 m\u00e5ste du vara minst 18 \u00e5r, vara folkbokf\u00f6rd i Sverige och vara skuldfri hos Kronofogden sedan 6 m\u00e5nader.<\/p>\n<p>Lendo liknar i h\u00f6g grad andra j\u00e4mf\u00f6relsetj\u00e4nster och l\u00e5nef\u00f6rmedlare. De lyfter fram sina f\u00f6retagsl\u00e5n mer \u00e4n vad andra l\u00e5nef\u00f6rmedlare g\u00f6r. M\u00e5nga andra l\u00e5nef\u00f6rmedlare riktar sig enbart till privatpersoner. S\u00e5 detta b\u00f6r ses som en f\u00f6rdel med Lendo.<\/p>\n<h2>Avrundning<\/h2>\n<p>Nu har vi tittat n\u00e4rmare p\u00e5 Lendo, vilka f\u00f6r- och nackdelar som finns med deras tj\u00e4nst och vilka krav de st\u00e4ller p\u00e5 dig som ans\u00f6ker om ett l\u00e5n. Att anv\u00e4nda sig av en l\u00e5nef\u00f6rmedlare har m\u00e5nga f\u00f6rdelar. Du slipper kontakta varje l\u00e5ngivare eller bank sj\u00e4lv och du slipper l\u00e5nga och tr\u00e5kiga bankm\u00f6ten. Dessutom f\u00e5r du snabbt en \u00f6verblick \u00f6ver vilka l\u00e5n du har m\u00f6jlighet att f\u00e5 beviljade och vilka r\u00e4ntor som \u00e4r aktuella.<\/p>\n<p>Finns det n\u00e5gra nackdelar med att anv\u00e4nda sig av en l\u00e5nef\u00f6rmedlare? Egentligen inte. Men tro inte att du f\u00e5r en helt\u00e4ckande bild. Om du kontaktar din lokala bank d\u00e4r du har en personlig kontakt kanske du skulle f\u00e5 \u00e4nnu b\u00e4ttre r\u00e4nta. En l\u00e5nef\u00f6rmedlare ger dig en bra bild av vilka l\u00e5n du kan f\u00e5 &#8211; men lura inte dig sj\u00e4lv att det \u00e4r en helt\u00e4ckande bild.<\/p>\n<p><a class=\"button-udbyder\" href=\"#\">L\u00e4s mer om lendon<\/a><\/p>","protected":false},"excerpt":{"rendered":"<p>Ett privatl\u00e5n \u00e4r ett l\u00e5n utan s\u00e4kerhet. Privatl\u00e5n tas ofta f\u00f6r att finansiera till exempel konsumentartiklar&nbsp;&nbsp; N\u00e5gra exempel p\u00e5 vad privatl\u00e5n anv\u00e4nds till: TV-apparater kylsk\u00e5p cyklar kl\u00e4der b\u00e5tar bilar resor renoveringar utbildning sk\u00f6nhetsoperationer sjukv\u00e5rd begravningar till att samla tidigare skulder Privatl\u00e5n \u00e4r ett vanligt s\u00e4tt f\u00f6r privatpersoner att finansiera konsumtion och ov\u00e4ntade utgifter. L\u00e4s mer &#8230; <a title=\"\ufeffTa ett privatl\u00e5n hos Lendo \u2013 vad erbjuds nu, vad \u00e4r bra och mindre bra\" class=\"read-more\" href=\"https:\/\/navibanker.com\/se\/langivare\/lendo\/\" aria-label=\"Mer p\u00e5 \ufeffTa ett privatl\u00e5n hos Lendo \u2013 vad erbjuds nu, vad \u00e4r bra och mindre bra\">L\u00e4s mer<\/a><\/p>\n","protected":false},"author":1,"featured_media":0,"parent":8,"menu_order":0,"comment_status":"closed","ping_status":"closed","template":"","meta":{"inline_featured_image":false,"footnotes":""},"acf":[],"yoast_head":"<!-- This site is optimized with the Yoast SEO plugin v21.9.1 - https:\/\/yoast.com\/wordpress\/plugins\/seo\/ -->\n<title>\ufeffTa ett privatl\u00e5n hos Lendo \u2013 vad erbjuds nu, vad \u00e4r bra och mindre bra - Navibanker - Sverige<\/title>\n<meta name=\"robots\" content=\"index, follow, max-snippet:-1, max-image-preview:large, max-video-preview:-1\" \/>\n<link rel=\"canonical\" href=\"https:\/\/navibanker.com\/se\/langivare\/lendo\/\" \/>\n<meta property=\"og:locale\" content=\"sv_SE\" \/>\n<meta property=\"og:type\" content=\"article\" \/>\n<meta property=\"og:title\" content=\"\ufeffTa ett privatl\u00e5n hos Lendo \u2013 vad erbjuds nu, vad \u00e4r bra och mindre bra - Navibanker - Sverige\" \/>\n<meta property=\"og:description\" content=\"Ett privatl\u00e5n \u00e4r ett l\u00e5n utan s\u00e4kerhet. Privatl\u00e5n tas ofta f\u00f6r att finansiera till exempel konsumentartiklar&nbsp;&nbsp; N\u00e5gra exempel p\u00e5 vad privatl\u00e5n anv\u00e4nds till: TV-apparater kylsk\u00e5p cyklar kl\u00e4der b\u00e5tar bilar resor renoveringar utbildning sk\u00f6nhetsoperationer sjukv\u00e5rd begravningar till att samla tidigare skulder Privatl\u00e5n \u00e4r ett vanligt s\u00e4tt f\u00f6r privatpersoner att finansiera konsumtion och ov\u00e4ntade utgifter. L\u00e4s mer ... L\u00e4s mer\" \/>\n<meta property=\"og:url\" content=\"https:\/\/navibanker.com\/se\/langivare\/lendo\/\" \/>\n<meta property=\"og:site_name\" content=\"Navibanker - Sverige\" \/>\n<meta property=\"article:modified_time\" content=\"2021-12-15T14:09:22+00:00\" \/>\n<meta property=\"og:image\" content=\"https:\/\/navibanker.com\/se\/wp-content\/uploads\/sites\/3\/2019\/04\/lendo.jpg\" \/>\n<meta name=\"twitter:card\" content=\"summary_large_image\" \/>\n<meta name=\"twitter:label1\" content=\"Ber\u00e4knad l\u00e4stid\" \/>\n\t<meta name=\"twitter:data1\" content=\"6 minuter\" \/>\n<script type=\"application\/ld+json\" class=\"yoast-schema-graph\">{\"@context\":\"https:\/\/schema.org\",\"@graph\":[{\"@type\":\"WebPage\",\"@id\":\"https:\/\/navibanker.com\/se\/langivare\/lendo\/\",\"url\":\"https:\/\/navibanker.com\/se\/langivare\/lendo\/\",\"name\":\"\ufeffTa ett privatl\u00e5n hos Lendo \u2013 vad erbjuds nu, vad \u00e4r bra och mindre bra - Navibanker - Sverige\",\"isPartOf\":{\"@id\":\"https:\/\/navibanker.com\/se\/#website\"},\"datePublished\":\"2019-04-01T09:11:29+00:00\",\"dateModified\":\"2021-12-15T14:09:22+00:00\",\"breadcrumb\":{\"@id\":\"https:\/\/navibanker.com\/se\/langivare\/lendo\/#breadcrumb\"},\"inLanguage\":\"sv-SE\",\"potentialAction\":[{\"@type\":\"ReadAction\",\"target\":[\"https:\/\/navibanker.com\/se\/langivare\/lendo\/\"]}]},{\"@type\":\"BreadcrumbList\",\"@id\":\"https:\/\/navibanker.com\/se\/langivare\/lendo\/#breadcrumb\",\"itemListElement\":[{\"@type\":\"ListItem\",\"position\":1,\"name\":\"Home\",\"item\":\"https:\/\/navibanker.com\/se\/\"},{\"@type\":\"ListItem\",\"position\":2,\"name\":\"L\u00e5ngivare\",\"item\":\"https:\/\/navibanker.com\/se\/langivare\/\"},{\"@type\":\"ListItem\",\"position\":3,\"name\":\"\ufeffTa ett privatl\u00e5n hos Lendo \u2013 vad erbjuds nu, vad \u00e4r bra och mindre bra\"}]},{\"@type\":\"WebSite\",\"@id\":\"https:\/\/navibanker.com\/se\/#website\",\"url\":\"https:\/\/navibanker.com\/se\/\",\"name\":\"Navibanker - Sverige\",\"description\":\"Comparing Loans Online\",\"publisher\":{\"@id\":\"https:\/\/navibanker.com\/se\/#organization\"},\"potentialAction\":[{\"@type\":\"SearchAction\",\"target\":{\"@type\":\"EntryPoint\",\"urlTemplate\":\"https:\/\/navibanker.com\/se\/?s={search_term_string}\"},\"query-input\":\"required name=search_term_string\"}],\"inLanguage\":\"sv-SE\"},{\"@type\":\"Organization\",\"@id\":\"https:\/\/navibanker.com\/se\/#organization\",\"name\":\"Navibanker - Sverige\",\"url\":\"https:\/\/navibanker.com\/se\/\",\"logo\":{\"@type\":\"ImageObject\",\"inLanguage\":\"sv-SE\",\"@id\":\"https:\/\/navibanker.com\/se\/#\/schema\/logo\/image\/\",\"url\":\"https:\/\/navibanker.com\/se\/wp-content\/uploads\/sites\/3\/2021\/12\/NaviBanker_fv_neg.svg\",\"contentUrl\":\"https:\/\/navibanker.com\/se\/wp-content\/uploads\/sites\/3\/2021\/12\/NaviBanker_fv_neg.svg\",\"caption\":\"Navibanker - Sverige\"},\"image\":{\"@id\":\"https:\/\/navibanker.com\/se\/#\/schema\/logo\/image\/\"}}]}<\/script>\n<!-- \/ Yoast SEO plugin. -->","yoast_head_json":{"title":"\ufeffTa ett privatl\u00e5n hos Lendo \u2013 vad erbjuds nu, vad \u00e4r bra och mindre bra - Navibanker - Sverige","robots":{"index":"index","follow":"follow","max-snippet":"max-snippet:-1","max-image-preview":"max-image-preview:large","max-video-preview":"max-video-preview:-1"},"canonical":"https:\/\/navibanker.com\/se\/langivare\/lendo\/","og_locale":"sv_SE","og_type":"article","og_title":"\ufeffTa ett privatl\u00e5n hos Lendo \u2013 vad erbjuds nu, vad \u00e4r bra och mindre bra - Navibanker - Sverige","og_description":"Ett privatl\u00e5n \u00e4r ett l\u00e5n utan s\u00e4kerhet. Privatl\u00e5n tas ofta f\u00f6r att finansiera till exempel konsumentartiklar&nbsp;&nbsp; N\u00e5gra exempel p\u00e5 vad privatl\u00e5n anv\u00e4nds till: TV-apparater kylsk\u00e5p cyklar kl\u00e4der b\u00e5tar bilar resor renoveringar utbildning sk\u00f6nhetsoperationer sjukv\u00e5rd begravningar till att samla tidigare skulder Privatl\u00e5n \u00e4r ett vanligt s\u00e4tt f\u00f6r privatpersoner att finansiera konsumtion och ov\u00e4ntade utgifter. L\u00e4s mer ... L\u00e4s mer","og_url":"https:\/\/navibanker.com\/se\/langivare\/lendo\/","og_site_name":"Navibanker - Sverige","article_modified_time":"2021-12-15T14:09:22+00:00","og_image":[{"url":"https:\/\/navibanker.com\/se\/wp-content\/uploads\/sites\/3\/2019\/04\/lendo.jpg"}],"twitter_card":"summary_large_image","twitter_misc":{"Ber\u00e4knad l\u00e4stid":"6 minuter"},"schema":{"@context":"https:\/\/schema.org","@graph":[{"@type":"WebPage","@id":"https:\/\/navibanker.com\/se\/langivare\/lendo\/","url":"https:\/\/navibanker.com\/se\/langivare\/lendo\/","name":"\ufeffTa ett privatl\u00e5n hos Lendo \u2013 vad erbjuds nu, vad \u00e4r bra och mindre bra - Navibanker - Sverige","isPartOf":{"@id":"https:\/\/navibanker.com\/se\/#website"},"datePublished":"2019-04-01T09:11:29+00:00","dateModified":"2021-12-15T14:09:22+00:00","breadcrumb":{"@id":"https:\/\/navibanker.com\/se\/langivare\/lendo\/#breadcrumb"},"inLanguage":"sv-SE","potentialAction":[{"@type":"ReadAction","target":["https:\/\/navibanker.com\/se\/langivare\/lendo\/"]}]},{"@type":"BreadcrumbList","@id":"https:\/\/navibanker.com\/se\/langivare\/lendo\/#breadcrumb","itemListElement":[{"@type":"ListItem","position":1,"name":"Home","item":"https:\/\/navibanker.com\/se\/"},{"@type":"ListItem","position":2,"name":"L\u00e5ngivare","item":"https:\/\/navibanker.com\/se\/langivare\/"},{"@type":"ListItem","position":3,"name":"\ufeffTa ett privatl\u00e5n hos Lendo \u2013 vad erbjuds nu, vad \u00e4r bra och mindre bra"}]},{"@type":"WebSite","@id":"https:\/\/navibanker.com\/se\/#website","url":"https:\/\/navibanker.com\/se\/","name":"Navibanker - Sverige","description":"Comparing Loans Online","publisher":{"@id":"https:\/\/navibanker.com\/se\/#organization"},"potentialAction":[{"@type":"SearchAction","target":{"@type":"EntryPoint","urlTemplate":"https:\/\/navibanker.com\/se\/?s={search_term_string}"},"query-input":"required name=search_term_string"}],"inLanguage":"sv-SE"},{"@type":"Organization","@id":"https:\/\/navibanker.com\/se\/#organization","name":"Navibanker - Sverige","url":"https:\/\/navibanker.com\/se\/","logo":{"@type":"ImageObject","inLanguage":"sv-SE","@id":"https:\/\/navibanker.com\/se\/#\/schema\/logo\/image\/","url":"https:\/\/navibanker.com\/se\/wp-content\/uploads\/sites\/3\/2021\/12\/NaviBanker_fv_neg.svg","contentUrl":"https:\/\/navibanker.com\/se\/wp-content\/uploads\/sites\/3\/2021\/12\/NaviBanker_fv_neg.svg","caption":"Navibanker - Sverige"},"image":{"@id":"https:\/\/navibanker.com\/se\/#\/schema\/logo\/image\/"}}]}},"_links":{"self":[{"href":"https:\/\/navibanker.com\/se\/wp-json\/wp\/v2\/pages\/73"}],"collection":[{"href":"https:\/\/navibanker.com\/se\/wp-json\/wp\/v2\/pages"}],"about":[{"href":"https:\/\/navibanker.com\/se\/wp-json\/wp\/v2\/types\/page"}],"author":[{"embeddable":true,"href":"https:\/\/navibanker.com\/se\/wp-json\/wp\/v2\/users\/1"}],"replies":[{"embeddable":true,"href":"https:\/\/navibanker.com\/se\/wp-json\/wp\/v2\/comments?post=73"}],"version-history":[{"count":1,"href":"https:\/\/navibanker.com\/se\/wp-json\/wp\/v2\/pages\/73\/revisions"}],"predecessor-version":[{"id":995,"href":"https:\/\/navibanker.com\/se\/wp-json\/wp\/v2\/pages\/73\/revisions\/995"}],"up":[{"embeddable":true,"href":"https:\/\/navibanker.com\/se\/wp-json\/wp\/v2\/pages\/8"}],"wp:attachment":[{"href":"https:\/\/navibanker.com\/se\/wp-json\/wp\/v2\/media?parent=73"}],"curies":[{"name":"wp","href":"https:\/\/api.w.org\/{rel}","templated":true}]}}