{"id":49,"date":"2019-04-01T08:49:35","date_gmt":"2019-04-01T08:49:35","guid":{"rendered":"http:\/\/selectbanks.se\/?page_id=49"},"modified":"2021-12-15T14:04:58","modified_gmt":"2021-12-15T14:04:58","slug":"axo-finans","status":"publish","type":"page","link":"https:\/\/navibanker.com\/se\/langivare\/axo-finans\/","title":{"rendered":"\ufeffPrivatl\u00e5n hos Axo Finans \u2013 erbjudanden, f\u00f6rdelar och nackdelar"},"content":{"rendered":"\n<p>Ett privatl\u00e5n \u00e4r ett l\u00e5n utan s\u00e4kerhet. Privatl\u00e5n tas ofta f\u00f6r att finansiera till exempel konsumentartiklar<\/p>\n\n\n\n<p>N\u00e5gra exempel p\u00e5 vad privatl\u00e5n anv\u00e4nds till:<\/p>\n\n\n\n<ul><li>TV-apparater<\/li><li>kylsk\u00e5p<\/li><li>cyklar<\/li><li>kl\u00e4der<\/li><li>b\u00e5tar<\/li><li>bilar<\/li><li>resor<\/li><li>renoveringar<\/li><li>utbildning<\/li><li>sk\u00f6nhetsoperationer<\/li><li>sjukv\u00e5rd<\/li><li>begravningar<\/li><li>till att samla tidigare skulder<\/li><\/ul>\n\n\n\n<p>Det finns m\u00e5nga l\u00e5ngivare som tillhandah\u00e5ller privatl\u00e5n, Axo Finans \u00e4r ett av dessa f\u00f6retag.<\/p>\n\n\n\n<p><p>I den h\u00e4r artikeln kommer vi att g\u00e5 igenom vilka villkor, erbjudanden, f\u00f6rdelar och nackdelar det finns med att ta ett privatl\u00e5n hos Axo Finans<\/p>\n<p><img fetchpriority=\"high\" decoding=\"async\" class=\"alignnone size-full wp-image-506\" src=\"https:\/\/navibanker.com\/se\/wp-content\/uploads\/sites\/3\/2019\/04\/axo-finans.jpg\" alt=\"axo finans\" width=\"769\" height=\"358\"><\/p>\n<p><a class=\"button-langivare\" href=\"#\">L\u00e4s mer om Axo Finans<\/a><\/p><\/p>\n\n\n\n<h2 class=\"wp-block-heading\"><strong>Information om Axo Finans och dess moderbolag<\/strong><\/h2>\n\n\n\n<p>Axo Finans \u00e4r ett f\u00f6retag som ger privatl\u00e5n.<\/p>\n\n\n\n<h2 class=\"wp-block-heading\"><strong>S\u00e4te, adress och kontaktuppgifter till Axo Finans:<\/strong><\/h2>\n\n\n\n<p>Axo Finans AB<\/p>\n\n\n\n<p>Strandv\u00e4gen 7A<\/p>\n\n\n\n<p>114 56 Stockholm<\/p>\n\n\n\n<p>Sverige<\/p>\n\n\n\n<p>Organisationsnummer: 556907-5673<\/p>\n\n\n\n<h2 class=\"wp-block-heading\"><strong>Kundtj\u00e4nst:<\/strong><\/h2>\n\n\n\n<p>Telefon:<\/p>\n\n\n\n<p>0771 323400<\/p>\n\n\n\n<p>Epost<\/p>\n\n\n\n<p>kundservice@axofinans.se<\/p>\n\n\n\n<h2 class=\"wp-block-heading\"><strong>Har Axo Finans n\u00e5got s\u00e4rskilt erbjudande nu<\/strong><\/h2>\n\n\n\n<p>P\u00e5 sin f\u00f6rstasida p\u00e5 sin sajt har Axo Finans f\u00f6ljande meddelande:<\/p>\n\n\n\n<p>\u201dAxo Finans j\u00e4mf\u00f6r privatl\u00e5n \u00e5t dig\u201d<\/p>\n\n\n\n<p>\u201dVi j\u00e4mf\u00f6r bankernas villkor f\u00f6r dig, vi \u00e5terkommer med det b\u00e4sta erbjudandet redan samma dag! Du slipper f\u00f6rhandla med banken och vi hj\u00e4lper dig samtidigt under hela processen.\u201d<\/p>\n\n\n\n<h2 class=\"wp-block-heading\"><strong>Hur mycket kan du l\u00e5na hos Axo Finans<\/strong><\/h2>\n\n\n\n<p>Hos Axo Finans kan du l\u00e5na:<\/p>\n\n\n\n<p>5,000 \u2013 600,000 kronor<\/p>\n\n\n\n<h2 class=\"wp-block-heading\"><strong>Vad \u00e4r skillnaden mellan nominell r\u00e4nta, effektiv r\u00e4nta och amortering hos Axo Finans? <\/strong><\/h2>\n\n\n\n<h2 class=\"wp-block-heading\"><strong>Nominell r\u00e4nta hos Axo Finans<\/strong><\/h2>\n\n\n\n<p>Skillnaden mellan nominell r\u00e4nta och effektiv r\u00e4nta \u00e4r att den nominella r\u00e4ntan \u00e4r kostnaden f\u00f6r pengarna du f\u00e5r l\u00e5na. Det \u00e4r den kostnad som Sveriges Riksbank s\u00e4tter p\u00e5 att ge pengar till bankerna, och p\u00e5 Riksbankens r\u00e4nta l\u00e4gger l\u00e5ngivarna sedan till lite mer f\u00f6r att de ocks\u00e5 ska tj\u00e4na pengar.<\/p>\n\n\n\n<h2 class=\"wp-block-heading\"><strong>Administrativa avgifter hos Axo Finans<\/strong><\/h2>\n\n\n\n<p>F\u00f6r att l\u00e4gga upp ditt l\u00e5n och f\u00f6r att administrera ditt l\u00e5n tar kreditinstituten ut administrativa avgifter. De administrativa avgifterna kan kallas f\u00f6r administrativa avgifter, uppl\u00e4ggningskostnad, aviavgifter, faktureringsavgift, kreditupplysningsavgift med mera. Dessa administrativa avgifter \u00e4r en kostnad f\u00f6r ditt l\u00e5n och dessa kan vara h\u00f6ga som andel av din kostnad om du l\u00e5nar ett litet belopp.<\/p>\n\n\n\n<h2 class=\"wp-block-heading\"><strong>Effektiv r\u00e4nta hos Axo Finans<\/strong><\/h2>\n\n\n\n<p>Den effektiva r\u00e4ntan \u00e4r den totala kostnaden du har f\u00f6r ditt l\u00e5n. Den effektiva r\u00e4ntan \u00e4r den nominella r\u00e4ntan plus de administrativa avgifterna. Den effektiva r\u00e4ntan \u00e4r allts\u00e5 den som du ska titta p\u00e5 n\u00e4r du j\u00e4mf\u00f6r kostnader f\u00f6r olika l\u00e5n.<\/p>\n\n\n\n<h2 class=\"wp-block-heading\"><strong>Amorteringar och avbetalningar hos Axo Finans<\/strong><\/h2>\n\n\n\n<p>Amortering \u2013 som ocks\u00e5 kallas f\u00f6r avbetalningar \u2013 \u00e4r det belopp som du ska betala tillbaka till l\u00e5ngivaren varje m\u00e5nad. Du har antagligen l\u00e5nat pengarna fr\u00e5n Axo Finans f\u00f6r en viss tid och det inneb\u00e4r att n\u00e4r den tiden \u00e4r slut m\u00e5ste hela l\u00e5nebeloppet vara \u00e5terbetalt.<\/p>\n\n\n\n<h2 class=\"wp-block-heading\"><strong>Sammanst\u00e4llning av l\u00e5nekostnaderna hos Axo Finans (svenska kronor):<\/strong><\/h2>\n\n\n\n<p>Nominell r\u00e4nta: 2,95% &#8211; 24%.<\/p>\n\n\n\n<p>Effektiv r\u00e4nta: 3,7 % &#8211; 26,9 %.<\/p>\n\n\n\n<p>Uppl\u00e4ggningsavgift: 495<\/p>\n\n\n\n<p>Aviavgift per m\u00e5nad: 35<\/p>\n\n\n\n<p>Annan avgift per m\u00e5nad: 0<\/p>\n\n\n\n<p>\u00c5terbetalningstid: 1 \u2013 15 \u00e5r<\/p>\n\n\n\n<h2 class=\"wp-block-heading\"><strong>Finns det andra villkor av betydelse hos Axo Finans?<\/strong><\/h2>\n\n\n\n<p>Du m\u00e5ste vara minst 20 \u00e5r gammal f\u00f6r att l\u00e5na hos Axo Finans och du f\u00e5r inte ha n\u00e5gon betalningsanm\u00e4rkning.<\/p>\n\n\n\n<p>Du m\u00e5ste ha en \u00e5rsinkomst p\u00e5 minst 120,000 kronor<\/p>\n\n\n\n<p>Du m\u00e5ste ha en fast anst\u00e4llning, eller vikariat, pension eller vara egenf\u00f6retagare<\/p>\n\n\n\n<h2 class=\"wp-block-heading\"><strong>Hur fyller du i l\u00e5neans\u00f6kan hos Axo Finans<\/strong><\/h2>\n\n\n\n<p>Allt du beh\u00f6ver g\u00f6ra f\u00f6r att f\u00e5 ett l\u00e5n hos Axo Finans \u00e4r att fylla i en kort l\u00e5neans\u00f6kan.<\/p>\n\n\n\n<p>F\u00f6rst v\u00e4ljer ett l\u00e5nebelopp samt \u00f6nskad \u00e5terbetalningstid.<\/p>\n\n\n\n<p>D\u00e4refter fyller du i ditt namn, telefonnummer, e-postadress och personnummer.<\/p>\n\n\n\n<p>Slutligen fyller du i ditt bankkontonummer inklusive clearingnummer.<\/p>\n\n\n\n<p>Med denna information som grund kommer Axo Finans att besluta om de ska ge dig det l\u00e5n du ans\u00f6kt om. Beskedet kommer att l\u00e4mnas omg\u00e5ende.<\/p>\n\n\n\n<h2 class=\"wp-block-heading\"><strong>Kommer Axo Finans att g\u00f6ra en kreditupplysning p\u00e5 dig<\/strong><\/h2>\n\n\n\n<p>Axo Finans kommer vid flera tillf\u00e4llen under l\u00e5netiden att s\u00f6ka minst en kreditupplysning p\u00e5 dig.<\/p>\n\n\n\n<h2 class=\"wp-block-heading\"><strong>Hur snart f\u00e5r du pengarna fr\u00e5n Axo Finans<\/strong><\/h2>\n\n\n\n<p>Du f\u00e5r dina pengar fr\u00e5n Axo Finans samma dag eller dagen efter att ans\u00f6kt om l\u00e5net.<\/p>\n\n\n\n<h2 class=\"wp-block-heading\"><strong>Sammanfattning av l\u00e5n fr\u00e5n Axo Finans<\/strong><\/h2>\n\n\n\n<p>Nedan f\u00f6ljer en kort sammanst\u00e4llning av vad vi tycker \u00e4r f\u00f6rdelarna respektive nackdelarna med att l\u00e5na hos Axo Finans.<\/p>\n\n\n\n<h2 class=\"wp-block-heading\"><strong>Vilka \u00e4r f\u00f6rdelarna med att l\u00e5na hos Axo Finans &#8211; punkter<\/strong><\/h2>\n\n\n\n<ul><li>Mycket l\u00e4ttnavigerad sajt<\/li><li>L\u00e5neans\u00f6kan \u00e4r l\u00e4tt att f\u00f6rst\u00e5 och att fylla i<\/li><li>Bra l\u00e5nevillkor<\/li><li>Mycket l\u00e4tt att hitta relevant information<\/li><li>Bra att det \u00e4r tydligt vilket bolag som st\u00e5r bakom l\u00e5nen<\/li><\/ul>\n\n\n\n<h2 class=\"wp-block-heading\"><strong>Vilka \u00e4r nackdelarna med att l\u00e5na hos Axo Finans<\/strong><\/h2>\n\n\n\n<ul><li>Sammanst\u00e4llningen av r\u00e4ntevillkoren \u00e4r sv\u00e5ra att snabbt f\u00f6rst\u00e5<\/li><li>Det finns tv\u00e5 platser med r\u00e4ntevillkor och bara p\u00e5 den ena platsen ing\u00e5r total effektiv r\u00e4nta.<\/li><\/ul>\n\n\n<p><a class=\"button-langivare\" href=\"#\">L\u00e4s mer om Axo Finans<\/a><\/p>\n<p>Med Axo Finans tj\u00e4nst kan du j\u00e4mf\u00f6ra bankernas villkor. De \u00e5terkommer till dig med det b\u00e4sta erbjudandet redan samma dag. P\u00e5 det s\u00e4ttet beh\u00f6ver du inte f\u00f6rhandla med banken. Axo Finans hj\u00e4lper dig med hela processen.<\/p>\n<p>Du v\u00e4ljer sj\u00e4lv l\u00e5nebelopp, fyller i ett formul\u00e4r och sedan inv\u00e4ntar du erbjudandena. R\u00e4ntan \u00e4r individuell, startavgiften ligger p\u00e5 495 kr och avi-kostnaden p\u00e5 35 kr per m\u00e5nad.<\/p>\n<p>Axo Finans \u00e4r allts\u00e5 en l\u00e5nef\u00f6rmedlare som du anv\u00e4nder f\u00f6r att hitta en bra l\u00e5ngivare med bra villkor och l\u00e5ga r\u00e4ntor. Det g\u00f6rs endast en enda kreditupplysning via UC \u00e4ven om Axo Finans skickar din ans\u00f6kan till m\u00e5nga banker. Axo Finans har f\u00f6rs\u00f6kt f\u00f6renkla ans\u00f6kningsprocessen s\u00e5 mycket det g\u00e5r, vilket b\u00f6r ses som hederv\u00e4rt. Om du beh\u00f6ver hj\u00e4lp med din ans\u00f6kan kan r\u00e5dgivarna hos Axo Finans hj\u00e4lpa dig.<\/p>\n<p><\/p>\n<p><a class=\"button-udbyder\" href=\"#\">L\u00e4s mer om Axo Finans<\/a><\/p>\n<h2>Privatl\u00e5n utan s\u00e4kerhet<\/h2>\n<p>Via Axo Finans kan du f\u00e5 m\u00f6jlighet att ta ett privatl\u00e5n utan s\u00e4kerhet. Privatl\u00e5n anv\u00e4nds oftast till of\u00f6rutsedda utgifter eller f\u00f6r att samla l\u00e5n och l\u00f6sa skulder. Axo Finans erbjuder privatl\u00e5n fr\u00e5n 10 000 kr \u00e4nda upp till 600 000 kr. M\u00f6jligheten att l\u00e5na s\u00e5 mycket som 600 000 kronor hittar du inte hos alla l\u00e5nef\u00f6rmedlare, vilket b\u00f6r ses som en klar f\u00f6rdel med Axo Finans.<\/p>\n<p>Att ans\u00f6ka om ett l\u00e5n via Axo Finans \u00e4r enkelt. Du kan anv\u00e4nda dig av BankID f\u00f6r att identifiera dig och att fylla i ans\u00f6kningsformul\u00e4ret g\u00e5r snabbt. Du beh\u00f6ver endast fylla i hur mycket du vill l\u00e5na, samt vilken \u00e5terbetalningstid du vill ha.<\/p>\n<h2>Krav<\/h2>\n<p>Axo Finans st\u00e4ller vissa krav p\u00e5 dig som ans\u00f6ker om ett l\u00e5n. Du ska ha fyllt minst 20 \u00e5r, du ska ha en fast inkomst p\u00e5 minst 10 000 kr per m\u00e5nad och vara anst\u00e4lld, ha vikariat, f\u00f6retag eller vara pension\u00e4r. Om du inte uppfyller alla dessa villkor kan du \u00e4nd\u00e5 skicka in en ans\u00f6kan men risken \u00e4r d\u00e5 stor att du inte f\u00e5r ditt l\u00e5n beviljat. F\u00f6r att \u00f6ka chanserna att f\u00e5 ditt l\u00e5n beviljat kan du ans\u00f6ka tillsammans med en meds\u00f6kande.<\/p>\n<p>Det \u00e4r flera faktorer som avg\u00f6r hur mycket du f\u00e5r l\u00e5na. Ett exempel \u00e4r vilken \u00e5rsinkomst du har. Det \u00e4r ocks\u00e5 avg\u00f6rande hur gammal du \u00e4r och vilken kreditv\u00e4rdighet du har.<\/p>\n<p>Att l\u00e5na via Axo Finans kostar inget. Sj\u00e4lva f\u00f6rmedlingstj\u00e4nsten \u00e4r allts\u00e5 gratis. Det fungerar egentligen p\u00e5 samma s\u00e4tt som om du sj\u00e4lv hade kontaktat alla l\u00e5ngivare, med den skillnaden att det endast g\u00f6rs en kreditupplysning p\u00e5 dig.<\/p>\n<h2>Snabb l\u00e5neprocess<\/h2>\n<p>L\u00e5neprocessen hos Axo Finans \u00e4r snabb. Du brukar kunna f\u00e5 pengarna utbetalda inom ett par dagar. Vilken r\u00e4nta du f\u00e5r beror p\u00e5 vilken bed\u00f6mning bankerna och l\u00e5ngivarna g\u00f6r n\u00e4r det g\u00e4ller din ekonomiska situation. Kom ih\u00e5g att det brukar vara billigare med ett privatl\u00e5n \u00e4n att anv\u00e4nda sig av krediten som du f\u00e5r via ett kreditkort.<\/p>\n<p>Nu har vi tittat n\u00e4rmare p\u00e5 Axo Finans och de f\u00f6r- och nackdelar som finns med att anv\u00e4nda sig av deras f\u00f6rmedlingstj\u00e4nst. Om du \u00e4r \u00f6ver 20 \u00e5r och t\u00e4nker ans\u00f6ka om ett lite st\u00f6rre privatl\u00e5n s\u00e5 kan det vara ett utm\u00e4rkt alternativ att j\u00e4mf\u00f6ra r\u00e4ntor och kostnader med hj\u00e4lp av Axo Finans f\u00f6rmedlingstj\u00e4nst.<\/p>\n<p><a class=\"button-udbyder\" href=\"#\">L\u00e4s mer om Axo Finans<\/a><\/p>","protected":false},"excerpt":{"rendered":"<p>Ett privatl\u00e5n \u00e4r ett l\u00e5n utan s\u00e4kerhet. Privatl\u00e5n tas ofta f\u00f6r att finansiera till exempel konsumentartiklar N\u00e5gra exempel p\u00e5 vad privatl\u00e5n anv\u00e4nds till: TV-apparater kylsk\u00e5p cyklar kl\u00e4der b\u00e5tar bilar resor renoveringar utbildning sk\u00f6nhetsoperationer sjukv\u00e5rd begravningar till att samla tidigare skulder Det finns m\u00e5nga l\u00e5ngivare som tillhandah\u00e5ller privatl\u00e5n, Axo Finans \u00e4r ett av dessa f\u00f6retag. I &#8230; <a title=\"\ufeffPrivatl\u00e5n hos Axo Finans \u2013 erbjudanden, f\u00f6rdelar och nackdelar\" class=\"read-more\" href=\"https:\/\/navibanker.com\/se\/langivare\/axo-finans\/\" aria-label=\"Mer p\u00e5 \ufeffPrivatl\u00e5n hos Axo Finans \u2013 erbjudanden, f\u00f6rdelar och nackdelar\">L\u00e4s mer<\/a><\/p>\n","protected":false},"author":1,"featured_media":0,"parent":8,"menu_order":0,"comment_status":"closed","ping_status":"closed","template":"","meta":{"inline_featured_image":false,"footnotes":""},"acf":[],"yoast_head":"<!-- This site is optimized with the Yoast SEO plugin v21.9.1 - https:\/\/yoast.com\/wordpress\/plugins\/seo\/ -->\n<title>\ufeffPrivatl\u00e5n hos Axo Finans \u2013 erbjudanden, f\u00f6rdelar och nackdelar - Navibanker - Sverige<\/title>\n<meta name=\"robots\" content=\"index, follow, max-snippet:-1, max-image-preview:large, max-video-preview:-1\" \/>\n<link rel=\"canonical\" href=\"https:\/\/navibanker.com\/se\/langivare\/axo-finans\/\" \/>\n<meta property=\"og:locale\" content=\"sv_SE\" \/>\n<meta property=\"og:type\" content=\"article\" \/>\n<meta property=\"og:title\" content=\"\ufeffPrivatl\u00e5n hos Axo Finans \u2013 erbjudanden, f\u00f6rdelar och nackdelar - Navibanker - Sverige\" \/>\n<meta property=\"og:description\" content=\"Ett privatl\u00e5n \u00e4r ett l\u00e5n utan s\u00e4kerhet. Privatl\u00e5n tas ofta f\u00f6r att finansiera till exempel konsumentartiklar N\u00e5gra exempel p\u00e5 vad privatl\u00e5n anv\u00e4nds till: TV-apparater kylsk\u00e5p cyklar kl\u00e4der b\u00e5tar bilar resor renoveringar utbildning sk\u00f6nhetsoperationer sjukv\u00e5rd begravningar till att samla tidigare skulder Det finns m\u00e5nga l\u00e5ngivare som tillhandah\u00e5ller privatl\u00e5n, Axo Finans \u00e4r ett av dessa f\u00f6retag. I ... L\u00e4s mer\" \/>\n<meta property=\"og:url\" content=\"https:\/\/navibanker.com\/se\/langivare\/axo-finans\/\" \/>\n<meta property=\"og:site_name\" content=\"Navibanker - Sverige\" \/>\n<meta property=\"article:modified_time\" content=\"2021-12-15T14:04:58+00:00\" \/>\n<meta property=\"og:image\" content=\"https:\/\/navibanker.com\/se\/wp-content\/uploads\/sites\/3\/2019\/04\/axo-finans.jpg\" \/>\n<meta name=\"twitter:card\" content=\"summary_large_image\" \/>\n<meta name=\"twitter:label1\" content=\"Ber\u00e4knad l\u00e4stid\" \/>\n\t<meta name=\"twitter:data1\" content=\"6 minuter\" \/>\n<script type=\"application\/ld+json\" class=\"yoast-schema-graph\">{\"@context\":\"https:\/\/schema.org\",\"@graph\":[{\"@type\":\"WebPage\",\"@id\":\"https:\/\/navibanker.com\/se\/langivare\/axo-finans\/\",\"url\":\"https:\/\/navibanker.com\/se\/langivare\/axo-finans\/\",\"name\":\"\ufeffPrivatl\u00e5n hos Axo Finans \u2013 erbjudanden, f\u00f6rdelar och nackdelar - Navibanker - Sverige\",\"isPartOf\":{\"@id\":\"https:\/\/navibanker.com\/se\/#website\"},\"datePublished\":\"2019-04-01T08:49:35+00:00\",\"dateModified\":\"2021-12-15T14:04:58+00:00\",\"breadcrumb\":{\"@id\":\"https:\/\/navibanker.com\/se\/langivare\/axo-finans\/#breadcrumb\"},\"inLanguage\":\"sv-SE\",\"potentialAction\":[{\"@type\":\"ReadAction\",\"target\":[\"https:\/\/navibanker.com\/se\/langivare\/axo-finans\/\"]}]},{\"@type\":\"BreadcrumbList\",\"@id\":\"https:\/\/navibanker.com\/se\/langivare\/axo-finans\/#breadcrumb\",\"itemListElement\":[{\"@type\":\"ListItem\",\"position\":1,\"name\":\"Home\",\"item\":\"https:\/\/navibanker.com\/se\/\"},{\"@type\":\"ListItem\",\"position\":2,\"name\":\"L\u00e5ngivare\",\"item\":\"https:\/\/navibanker.com\/se\/langivare\/\"},{\"@type\":\"ListItem\",\"position\":3,\"name\":\"\ufeffPrivatl\u00e5n hos Axo Finans \u2013 erbjudanden, f\u00f6rdelar och nackdelar\"}]},{\"@type\":\"WebSite\",\"@id\":\"https:\/\/navibanker.com\/se\/#website\",\"url\":\"https:\/\/navibanker.com\/se\/\",\"name\":\"Navibanker - Sverige\",\"description\":\"Comparing Loans Online\",\"publisher\":{\"@id\":\"https:\/\/navibanker.com\/se\/#organization\"},\"potentialAction\":[{\"@type\":\"SearchAction\",\"target\":{\"@type\":\"EntryPoint\",\"urlTemplate\":\"https:\/\/navibanker.com\/se\/?s={search_term_string}\"},\"query-input\":\"required name=search_term_string\"}],\"inLanguage\":\"sv-SE\"},{\"@type\":\"Organization\",\"@id\":\"https:\/\/navibanker.com\/se\/#organization\",\"name\":\"Navibanker - Sverige\",\"url\":\"https:\/\/navibanker.com\/se\/\",\"logo\":{\"@type\":\"ImageObject\",\"inLanguage\":\"sv-SE\",\"@id\":\"https:\/\/navibanker.com\/se\/#\/schema\/logo\/image\/\",\"url\":\"https:\/\/navibanker.com\/se\/wp-content\/uploads\/sites\/3\/2021\/12\/NaviBanker_fv_neg.svg\",\"contentUrl\":\"https:\/\/navibanker.com\/se\/wp-content\/uploads\/sites\/3\/2021\/12\/NaviBanker_fv_neg.svg\",\"caption\":\"Navibanker - Sverige\"},\"image\":{\"@id\":\"https:\/\/navibanker.com\/se\/#\/schema\/logo\/image\/\"}}]}<\/script>\n<!-- \/ Yoast SEO plugin. -->","yoast_head_json":{"title":"\ufeffPrivatl\u00e5n hos Axo Finans \u2013 erbjudanden, f\u00f6rdelar och nackdelar - Navibanker - Sverige","robots":{"index":"index","follow":"follow","max-snippet":"max-snippet:-1","max-image-preview":"max-image-preview:large","max-video-preview":"max-video-preview:-1"},"canonical":"https:\/\/navibanker.com\/se\/langivare\/axo-finans\/","og_locale":"sv_SE","og_type":"article","og_title":"\ufeffPrivatl\u00e5n hos Axo Finans \u2013 erbjudanden, f\u00f6rdelar och nackdelar - Navibanker - Sverige","og_description":"Ett privatl\u00e5n \u00e4r ett l\u00e5n utan s\u00e4kerhet. Privatl\u00e5n tas ofta f\u00f6r att finansiera till exempel konsumentartiklar N\u00e5gra exempel p\u00e5 vad privatl\u00e5n anv\u00e4nds till: TV-apparater kylsk\u00e5p cyklar kl\u00e4der b\u00e5tar bilar resor renoveringar utbildning sk\u00f6nhetsoperationer sjukv\u00e5rd begravningar till att samla tidigare skulder Det finns m\u00e5nga l\u00e5ngivare som tillhandah\u00e5ller privatl\u00e5n, Axo Finans \u00e4r ett av dessa f\u00f6retag. I ... L\u00e4s mer","og_url":"https:\/\/navibanker.com\/se\/langivare\/axo-finans\/","og_site_name":"Navibanker - Sverige","article_modified_time":"2021-12-15T14:04:58+00:00","og_image":[{"url":"https:\/\/navibanker.com\/se\/wp-content\/uploads\/sites\/3\/2019\/04\/axo-finans.jpg"}],"twitter_card":"summary_large_image","twitter_misc":{"Ber\u00e4knad l\u00e4stid":"6 minuter"},"schema":{"@context":"https:\/\/schema.org","@graph":[{"@type":"WebPage","@id":"https:\/\/navibanker.com\/se\/langivare\/axo-finans\/","url":"https:\/\/navibanker.com\/se\/langivare\/axo-finans\/","name":"\ufeffPrivatl\u00e5n hos Axo Finans \u2013 erbjudanden, f\u00f6rdelar och nackdelar - Navibanker - Sverige","isPartOf":{"@id":"https:\/\/navibanker.com\/se\/#website"},"datePublished":"2019-04-01T08:49:35+00:00","dateModified":"2021-12-15T14:04:58+00:00","breadcrumb":{"@id":"https:\/\/navibanker.com\/se\/langivare\/axo-finans\/#breadcrumb"},"inLanguage":"sv-SE","potentialAction":[{"@type":"ReadAction","target":["https:\/\/navibanker.com\/se\/langivare\/axo-finans\/"]}]},{"@type":"BreadcrumbList","@id":"https:\/\/navibanker.com\/se\/langivare\/axo-finans\/#breadcrumb","itemListElement":[{"@type":"ListItem","position":1,"name":"Home","item":"https:\/\/navibanker.com\/se\/"},{"@type":"ListItem","position":2,"name":"L\u00e5ngivare","item":"https:\/\/navibanker.com\/se\/langivare\/"},{"@type":"ListItem","position":3,"name":"\ufeffPrivatl\u00e5n hos Axo Finans \u2013 erbjudanden, f\u00f6rdelar och nackdelar"}]},{"@type":"WebSite","@id":"https:\/\/navibanker.com\/se\/#website","url":"https:\/\/navibanker.com\/se\/","name":"Navibanker - Sverige","description":"Comparing Loans Online","publisher":{"@id":"https:\/\/navibanker.com\/se\/#organization"},"potentialAction":[{"@type":"SearchAction","target":{"@type":"EntryPoint","urlTemplate":"https:\/\/navibanker.com\/se\/?s={search_term_string}"},"query-input":"required name=search_term_string"}],"inLanguage":"sv-SE"},{"@type":"Organization","@id":"https:\/\/navibanker.com\/se\/#organization","name":"Navibanker - Sverige","url":"https:\/\/navibanker.com\/se\/","logo":{"@type":"ImageObject","inLanguage":"sv-SE","@id":"https:\/\/navibanker.com\/se\/#\/schema\/logo\/image\/","url":"https:\/\/navibanker.com\/se\/wp-content\/uploads\/sites\/3\/2021\/12\/NaviBanker_fv_neg.svg","contentUrl":"https:\/\/navibanker.com\/se\/wp-content\/uploads\/sites\/3\/2021\/12\/NaviBanker_fv_neg.svg","caption":"Navibanker - Sverige"},"image":{"@id":"https:\/\/navibanker.com\/se\/#\/schema\/logo\/image\/"}}]}},"_links":{"self":[{"href":"https:\/\/navibanker.com\/se\/wp-json\/wp\/v2\/pages\/49"}],"collection":[{"href":"https:\/\/navibanker.com\/se\/wp-json\/wp\/v2\/pages"}],"about":[{"href":"https:\/\/navibanker.com\/se\/wp-json\/wp\/v2\/types\/page"}],"author":[{"embeddable":true,"href":"https:\/\/navibanker.com\/se\/wp-json\/wp\/v2\/users\/1"}],"replies":[{"embeddable":true,"href":"https:\/\/navibanker.com\/se\/wp-json\/wp\/v2\/comments?post=49"}],"version-history":[{"count":1,"href":"https:\/\/navibanker.com\/se\/wp-json\/wp\/v2\/pages\/49\/revisions"}],"predecessor-version":[{"id":973,"href":"https:\/\/navibanker.com\/se\/wp-json\/wp\/v2\/pages\/49\/revisions\/973"}],"up":[{"embeddable":true,"href":"https:\/\/navibanker.com\/se\/wp-json\/wp\/v2\/pages\/8"}],"wp:attachment":[{"href":"https:\/\/navibanker.com\/se\/wp-json\/wp\/v2\/media?parent=49"}],"curies":[{"name":"wp","href":"https:\/\/api.w.org\/{rel}","templated":true}]}}