{"id":15,"date":"2019-03-09T09:49:06","date_gmt":"2019-03-09T09:49:06","guid":{"rendered":"https:\/\/primebanks.org\/?page_id=15"},"modified":"2022-07-16T15:18:57","modified_gmt":"2022-07-16T15:18:57","slug":"refinansiering","status":"publish","type":"page","link":"https:\/\/navibanker.com\/no\/refinansiering\/","title":{"rendered":"Refinansiering \u2013 bli gjeldfri for alltid"},"content":{"rendered":"\n<section class=\"content-wrap\">Refinansiering av gjeld er en god ide hvis du sitter med flere l\u00e5n som koster deg dyrt hver eneste m\u00e5ned. Mange nordmenn har tatt opp raske forbruksl\u00e5n med h\u00f8ye renter og avgifter. Dette kan fort bli en stor byrde for din personlige \u00f8konomi. Vi viser deg derfor hvilke muligheter du har til \u00e5 spare mye penger ved \u00e5 refinansiere de dyre l\u00e5nene dine.\n<p>&nbsp;<\/p>\n<p>H\u00f8ye m\u00e5nedlige utgifter, p\u00e5 grunn av gjeldsbetaling, tar ikke bare p\u00e5 lommeboken din, men ogs\u00e5 stemningen og livskvaliteten din. Veien til en bedre hverdag g\u00e5r ofte gjennom det vi kaller refinansiering. Dette er n\u00e5r du tar opp ny gjeld for \u00e5 bli kvitt den gamle. M\u00e5let er at det nye l\u00e5net reduserer de totale utgiftene dine og gir deg bedre \u00f8konomiske forhold.<\/p>\n<h2>Tenk p\u00e5 samme m\u00e5te som med str\u00f8mregningen<\/h2>\n<p>Ville du ha byttet str\u00f8mleverand\u00f8r for \u00e5 spare 5 kroner per m\u00e5ned? Hva om du kunne spare 1000 eller 1500 kroner m\u00e5neden? Det er sannsynligvis lettere \u00e5 svare \u00abja\u00bb p\u00e5 det siste sp\u00f8rsm\u00e5let. Forskjellene i rentekostnader og eventuelle gebyrer er hva som bestemmer om det er verdt \u00e5 refinansiere gjelden din. I dette tilfellet, spiller st\u00f8rrelsen p\u00e5 gjelden din ogs\u00e5 en viktig rolle.<\/p>\n<h3>Beste refinansiering av sm\u00e5l\u00e5n<\/h3>\n<p>Deb beste refinansiering av sm\u00e5l\u00e5n kan i mange tilfeller ha en store effekt p\u00e5 hva du m\u00e5 betale for hver m\u00e5ned. Det samme gjelder utvilsomt for st\u00f8rre forbruksl\u00e5n som kan resultere i flere tusen kroners besparelse i l\u00f8pet av et \u00e5r.<\/p>\n<p>De typer l\u00e5n du kan f\u00e5 for refinans og l\u00e5n for \u00e5 betale gjeld spiller ogs\u00e5 en viktig rolle. Rentebetingelsene for et sikret l\u00e5n (n\u00e5r du har et boligl\u00e5n i banken med pant i fast eiendom), er vanligvis betydelig lavere enn et l\u00e5n uten sikkerhet. Det er derfor n\u00f8dvendig \u00e5 vurdere l\u00f8nnsomheten av dette.<\/p>\n<p>Du kan skaffe deg en god oversikt for dette ved \u00e5 benytte deg av ulike l\u00e5nekalkulatorer som finnes p\u00e5 nettsidene til l\u00e5neselskaper som kan hjelpe deg med \u00e5 refinansiere gjelden din og som vi gir deg en oversikt over her.<\/p>\n<h2>Hva kan refinansieres?<\/h2>\n<p>Alle former for gjeld kan refinansieres. Det mest popul\u00e6re i denne sammenheng er n\u00e5r du forhandler deg frem til bedre vilk\u00e5r for boligl\u00e5net i banken eller velger \u00e5 flytte l\u00e5net til en annen bank. Selv om det kan koste deg noe \u00e5 bytte bank, og selv om rentedifferanser p\u00e5 boligl\u00e5n med banker er relativt lave, kan det lett v\u00e6re gunstig \u00e5 bruke denne typen refinansiering.<\/p>\n<h2>Refinansiering av forbruksl\u00e5n<\/h2>\n<p>Har du 2-4 forbruksl\u00e5n fra flere l\u00e5neselskaper? Dette er for mange nordmenn en realitet, og du vet helt sikkert hvor mye dette koster din personlige \u00f8konomi. Ikke bare fordi det er dyrt, men det gj\u00f8r ogs\u00e5 \u00f8konomien din utrolig uh\u00e5ndterlig.<\/p>\n<p>Du kan ha 2-3 forskjellige avdrag per m\u00e5ned, som ogs\u00e5 skal betales p\u00e5 forskjellige tidspunkter, og da er det vanskelig \u00e5 f\u00e5 alt til \u00e5 passe sammen. Ved refinansiering av forbruksl\u00e5n kan du oppn\u00e5 en mye bedre \u00f8konomisk oversikt og spare mye penger. Se hvorfor du b\u00f8r samle forbruksl\u00e5n p\u00e5 ett sted her.<\/p>\n<h3>Samle l\u00e5nene dine p\u00e5 ett sted<\/h3>\n<p>De fleste forbrukere som vurderer \u00e5 samle sammen forbruksl\u00e5n p\u00e5 ett sted, har h\u00f8ye renter p\u00e5 gjelden sin. Dette er premisset for at de i hele tatt kan tas opp. F\u00e5 mennesker vil risikere \u00e5 refinansiere forbruksl\u00e5n med mindre det er en finansiell sparing \u00e5 hente her, noe som de i de fleste tilfeller utvilsomt er.<\/p>\n<h3>3 gode grunner til \u00e5 refinansiere gjelden din<\/h3>\n<p>Vi mener at det spesielt finnes 3 gode grunner til at du b\u00f8r refinansiering av din forbruksgjeld og samle l\u00e5nene dine hos en utl\u00e5ner. Les hvorfor refinansiering av forbruksl\u00e5n eller gjeld fra andre sm\u00e5l\u00e5n er en god ide under her hvis du sitter med mye dyr gjeld med h\u00f8ye renter:<\/p>\n<h4>1.&nbsp;&nbsp;&nbsp;&nbsp;&nbsp;&nbsp; Lavere m\u00e5nedlige kostnader<\/h4>\n<p>Den prim\u00e6re fordelen for alle vil helt klart v\u00e6re lavere kostnader. De potensielle besparelsene kan v\u00e6re sv\u00e6rt forskjellige, s\u00e5 dette er vanskelig \u00e5 vurdere p\u00e5 forh\u00e5nd. Derfor b\u00f8r du skaffe deg flere tilbud fra flere utl\u00e5nere for refinansiering av gjelden din.<\/p>\n<p>Her kan du pr\u00f8ve \u00e5 sammenligne hvilke renter du blir tilbudt med hva du har for \u00f8yeblikket. Dette kan v\u00e6re vanskelig \u00e5 gj\u00f8re opp i faktiske kroner og \u00f8re, men for dette kan du kan benytte deg av ulike l\u00e5nekalkulatorer som du finner p\u00e5 de ulike utl\u00e5nernes nettsider.<\/p>\n<h4>2.&nbsp;&nbsp;&nbsp;&nbsp;&nbsp;&nbsp; Bedre finansiell oversikt<\/h4>\n<p>Den \u00f8konomiske oversikten m\u00e5 ikke undervurderes, da mange nordmenn har et overforbruk, nettopp fordi de ikke er fullstendig klar over deres faktiske budsjett. N\u00e5r du har satt opp et m\u00e5nedsbudsjett, skaffer du deg en god oversikt over n\u00f8yaktig hva du tjener og hvilke faste utgifter du har, og det lettere \u00e5 f\u00e5 alt sammen til \u00e5 passe.<\/p>\n<p>Den \u00f8konomiske oversikten gj\u00f8r jo selvsagt ikke i seg selv at du sparer penger, men vil definitivt hjelpe deg med \u00e5 ta de riktige avgj\u00f8relsene. Noe som ogs\u00e5 har en verdi i seg selv.<\/p>\n<h4>3.&nbsp;&nbsp;&nbsp;&nbsp;&nbsp;&nbsp; En avbetalingstid som samsvarer med din personlige \u00f8konomi<\/h4>\n<p>Til slutt er det verdt \u00e5 nevne muligheten for \u00e5 velge en avbetalingstid og m\u00e5nedlig terminbel\u00f8p som samsvarer med din n\u00e5v\u00e6rende private \u00f8konomi. Det er ikke uvanlig at dette endrer seg over tid, s\u00e5 det kan v\u00e6re at du har muligheten til \u00e5 betale ned gjelden din raskere ved \u00e5 innbetale litt mer hver m\u00e5ned fremover.<\/p>\n<p>For, jo kortere tid du trenger til \u00e5 nedbetale gjelden din, desto billigere blir det. S\u00e5, hvis du, for eksempel, tjener mer n\u00e5 enn du gjorde for 2 \u00e5r siden, ville det v\u00e6re fornuftig med kortere avbetalingstid og h\u00f8yere ytelse. Muligheten til \u00e5 skreddersy denne delen av refinansieringsl\u00e5net ditt, b\u00f8r ogs\u00e5 bidra til en kortere tilbakebetalingstid, noe som kan bli mye billigere for deg.<\/p>\n<h2>Bli kvitt gjeld ved avdrag<\/h2>\n<p>Gjeld fra kredittkort er ikke det eneste som er dyrt. Rentevilk\u00e5rene for avdrag p\u00e5 ulike varer, spesielt innen elektronikk og apparater, er ogs\u00e5 h\u00f8ye, og ofte ligger de langt over hvilke hvilke betingelser du kan oppn\u00e5 med et forbruksl\u00e5n i banken eller p\u00e5 nettet. Disse avdragsordningene er for det meste ordninger som inng\u00e5s n\u00e5r folk forhaster seg for \u00e5 skaffe seg varene.<\/p>\n<p>For eksempel, kan en \u00f8delagt vaskemaskin byttes ut den samme dagen, selv om du ikke har penger. P\u00e5 samme tid blir vaskemaskinen enda dyrere p\u00e5 avdrag enn hvis du hadde penger i kontanter.<\/p>\n<p>Denne gjelden kan ogs\u00e5 refinansieres. For de som har boligl\u00e5n, kan disse l\u00e5nene ogs\u00e5 forlenges, eller man kan s\u00f8ke om et kredittl\u00e5n med det form\u00e5l \u00e5 innl\u00f8se det dyre l\u00e5net. De som ikke eier en bolig, m\u00e5 vanligvis bruke forbruksl\u00e5n n\u00e5r de \u00f8nsker \u00e5 refinansiere.<\/p>\n<p>Selv om l\u00e5n av disse typene er dyrere enn de vanlige boligl\u00e5nene, er kostnaden betydelig lavere enn kj\u00f8p p\u00e5 kreditt.<\/p>\n<h2>Hvor mye kan jeg l\u00e5ne for refinansiering?<\/h2>\n<figure><img fetchpriority=\"high\" decoding=\"async\" class=\"alignnone size-full wp-image-1228\" src=\"https:\/\/navibanker.com\/no\/wp-content\/uploads\/sites\/7\/2021\/12\/refinansiering.jpg\" alt=\"\" width=\"750\" height=\"337\" srcset=\"https:\/\/navibanker.com\/no\/wp-content\/uploads\/sites\/7\/2021\/12\/refinansiering.jpg 750w, https:\/\/navibanker.com\/no\/wp-content\/uploads\/sites\/7\/2021\/12\/refinansiering-300x135.jpg 300w\" sizes=\"(max-width: 750px) 100vw, 750px\" \/><\/figure><p><\/p>\n<p>St\u00f8rrelsen p\u00e5 l\u00e5net du kan f\u00e5 varierer utfra din individuelle kredittvurdering. Hvis du har en sunn personlig \u00f8konomi, kan du l\u00e5ne flere hundre tusen kroner fra mange ulike l\u00e5netilbydere p\u00e5 nettet, mens du ogs\u00e5 kan risikere \u00e5 bare kunne l\u00e5ne noen f\u00e5 tusen kroner.<\/p>\n<p>I havet av l\u00e5neselskaper p\u00e5 nettet som tilbyr l\u00e5n til refinansiering, er det vanskelig \u00e5 finne det rette for nettopp deg og din \u00f8konomiske situasjon.&nbsp; Med v\u00e5r sammenligning av l\u00e5n til refinansiering, kan du raskt og enkelt skaffe deg en god oversikt over hvilke muligheter som finnes p\u00e5 markedet i dag.<\/p>\n<h2>Hvordan unng\u00e5r jeg \u00e5 betale for mye for l\u00e5net?<\/h2>\n<p>Renter og avgifter varierer fra et l\u00e5neselskap til et annet, og du kan ende opp i en situasjon der du betaler mer for refinansieringsl\u00e5net ditt enn du burde. Du kan unng\u00e5 \u00e5 betale for mye for l\u00e5net ditt ved \u00e5 sammenligne renter og avgifter p\u00e5 tvers av utl\u00e5nerne og velge den ut\u00e5neren som tilbyr det billigste l\u00e5net for din situasjon.<\/p>\n<h2>Hvorfor er det smart \u00e5 refinansiere l\u00e5net?<\/h2>\n<p>Hvis du sitter med mye dyr gjeld, kan det v\u00e6re lurt \u00e5 refinansiere denne. Overtrekk p\u00e5 kontoen og l\u00e5n fra ulike utl\u00e5nere koster mye penger hver m\u00e5ned fordi rentene samlet blir h\u00f8ye. Gjeldsfinansiering betyr at du betaler gjelden din ned p\u00e5 en alternativ m\u00e5te.<\/p>\n<p>Hvis du velger \u00e5 refinansiere forbruksgjelden ved \u00e5 ta opp et nytt l\u00e5n, kan du (hvis du gj\u00f8r det riktig) oppn\u00e5 en lavere rente. Med et nytt l\u00e5n som kan betale av alle dine andre sm\u00e5 og mellomstore l\u00e5n, kan du samle all gjelden din hos en enkelt l\u00e5netilbyder. Det er mer overkommelig og du har da kun en rente p\u00e5 et enkelt l\u00e5n.<\/p>\n<h2>Hva sparer jeg penger p\u00e5?<\/h2>\n<p>En betydelig besparelse er p\u00e5 m\u00e5nedsavgiften som de fleste utl\u00e5nere krever. For eksempel, hvis du har fem l\u00e5n, betaler du denne avgiften fem ganger per m\u00e5ned. Hvis du kan refinansiere gjelden din med et l\u00e5n til en attraktiv rente, minimerer du disse kostnadene.<\/p>\n<p>M\u00e5nedlig avgift betales s\u00e5ledes over din m\u00e5nedlige eller \u00e5rlige renter, og det samme gjelder etablering og registrering av l\u00e5nene.<\/p>\n<h2>Hvordan finner jeg det beste l\u00e5net til \u00e5 refinansiere gjelden min?<\/h2>\n<p>Du sammenligner tilbudene du f\u00e5r hos l\u00e5neselskapene som du finner i oversikten v\u00e5r. N\u00e5r du har en god forst\u00e5else av hvor mye du har behov for \u00e5 l\u00e5ne og hvor lang nedbetalingstid du trenger, kan du sammenligne alle l\u00e5nene via v\u00e5r sammenligningsportal.<\/p>\n<h2>Hvordan finner jeg prisen p\u00e5 et l\u00e5n?<\/h2>\n<p>Den \u00e5rlige prosentsatsen er den beste m\u00e5ten \u00e5 m\u00e5le prisen p\u00e5 l\u00e5net ditt. APR, som er akronymet, er indikert av alle banker og finansselskaper som tilbyr l\u00e5n. Det er et krav at de informerer om dette, s\u00e5 det er lettere for forbrukerne \u00e5 sammenligne l\u00e5n i Norge.<\/p>\n<p>Det l\u00f8nner seg derfor ofte \u00e5 betale ut kredittkortgjelden ved \u00e5 ta opp et refinanseringsl\u00e5n i form av et forbruksl\u00e5n hvis dette har en lavere APR enn ditt opprinnelige l\u00e5n.<\/p>\n<h2>Hvordan refinansiere gjeld fra kredittkort<\/h2>\n<figure><img decoding=\"async\" class=\"alignnone size-full wp-image-1229\" src=\"https:\/\/navibanker.com\/no\/wp-content\/uploads\/sites\/7\/2021\/12\/refinansiere-gjeld-fra-kredittkort-1.jpg\" alt=\"\" width=\"700\" height=\"315\" srcset=\"https:\/\/navibanker.com\/no\/wp-content\/uploads\/sites\/7\/2021\/12\/refinansiere-gjeld-fra-kredittkort-1.jpg 700w, https:\/\/navibanker.com\/no\/wp-content\/uploads\/sites\/7\/2021\/12\/refinansiere-gjeld-fra-kredittkort-1-300x135.jpg 300w\" sizes=\"(max-width: 700px) 100vw, 700px\" \/><\/figure><p><\/p>\n<p>Har din kredittkortgjeld vokst over hodet ditt p\u00e5 grunn av h\u00f8ye renter? En l\u00f8sning kan v\u00e6re \u00e5 ta opp et forbruksl\u00e5n med lavere rente for \u00e5 betale ned gjelden din din raskere og dermed spare penger.<\/p>\n<p>H\u00f8ye m\u00e5nedlige utgifter p\u00e5 grunn av kredittgjeld er skadelig for b\u00e5de lommeboken din og hum\u00f8ret ditt. L\u00f8sningen p\u00e5 problemet kan v\u00e6re \u00e5 s\u00f8ke refinansiering.<\/p>\n<p>Refinansiering av forbruksl\u00e5n og gjeld fra kredittkort har ogs\u00e5 blitt sv\u00e6rt vanlig i dag. Vanligvis er disse bel\u00f8pene mye lavere hvis vi sammenligner disse med boligl\u00e5n. Men, rentedifferansene er vanligvis av st\u00f8rre natur. Dette gjelder spesielt kredittgjeld, hvor renten ofte ligger p\u00e5 mellom 20% og 30%.<\/p>\n<p>Hvis du har gjeld fra bruk av kredittkort, pr\u00f8v \u00e5 bli kvitt den, ved for eksempel ved \u00e5 opp et refinanseringsl\u00e5n. Rentevilk\u00e5rene for disse typer l\u00e5n er forskjellige, men renten kan ofte faktisk reduseres til rundt 8%, avhengig av hvor kredittverdig du er.<\/p>\n<p>Til sammenligning er den nominelle renten p\u00e5 forbruksl\u00e5n typisk mellom 7% og 20%.<\/p>\n<p>Hvis du har gjeld fra et kredittkort, vil det svare seg for deg \u00e5 samle all gjelden i et forbruksl\u00e5n.<\/p>\n<h2>Unng\u00e5 betalingsanmerkninger<\/h2>\n<p>Hvis du har mange forskjellige l\u00e5neforpliktelser og kredittkortgjeld, kan det v\u00e6re vanskelig \u00e5 f\u00e5 oversikt og f\u00e5 regningene betalt i tide. Du betaler ikke bare ekstra kostnader for \u00e5 glemme \u00e5 betale, du f\u00e5r ogs\u00e5 betalingsanmerkninger.<\/p>\n<p>En betalingsanmerkning vil f\u00f8lge deg i lang tid fremover, og kan f\u00f8re til at du blir nektet l\u00e5n og mobilabonnementer. Med ett stort l\u00e5n i stedet for flere sm\u00e5, kan du f\u00e5 et bedre overblikk over dine finanser og utgifter, og dermed kan det v\u00e6re lettere for deg \u00e5 unng\u00e5 betalingsanmerkninger.<\/p>\n<h2>Hvem kan refinansiere kredittkortgjeld?<\/h2>\n<p>Vanligvis kreves det ikke mye \u00e5 refinansiere kredittkortgjeld, men det krever at du har en inntekt som samsvarer med gjelden du har, som utl\u00e5neren mener at du kan betale tilbake.<\/p>\n<p>I tillegg vil det i de fleste tilfeller v\u00e6re vanskelig \u00e5 f\u00e5 et l\u00e5n for refinansiering hvis du har mottatt inkassovarsel eller innkreving av gjeld.<\/p>\n<h2>Samle gjelden din med refinansiering<\/h2>\n<p>Da h\u00e5per vi at du har f\u00e5tt en litt bedre oversikt over hvilke muligheter du har til \u00e5 f\u00e5 nedbetalt gjelden din raskere og samtidig spare mye penger. Det og saml alle sm\u00e5l\u00e5n og kredittkortgjeld vil utvilsomt bidra til \u00e5 gj\u00f8re hverdagen din enklere og bli kvitt gjelden din raskere.<\/p>\n<p>Husk \u00e5 benytte l\u00e5nekalkulator og skaff deg f\u00f8rst en god oversikt over din faktiske \u00f8konomiske situasjon og sammenligne deretter hvilke tilbud du kan f\u00e5 fra de beste l\u00e5neselskapene p\u00e5 nettet som vi har listet opp her.<\/p>\n<p>God jakt!<\/p>\n<\/section>\n\n\n\n<section class=\"artikel-afsnit\"><\/section>\n\n\n\n<section class=\"laanpenge\"><\/section>\n\n\n\n<p><\/p>\n","protected":false},"excerpt":{"rendered":"<p>Refinansiering av gjeld er en god ide hvis du sitter med flere l\u00e5n som koster deg dyrt hver eneste m\u00e5ned. Mange nordmenn har tatt opp raske forbruksl\u00e5n med h\u00f8ye renter og avgifter. Dette kan fort bli en stor byrde for din personlige \u00f8konomi. Vi viser deg derfor hvilke muligheter du har til \u00e5 spare mye &#8230; <a title=\"Refinansiering \u2013 bli gjeldfri for alltid\" class=\"read-more\" href=\"https:\/\/navibanker.com\/no\/refinansiering\/\" aria-label=\"Mer p\u00e5 Refinansiering \u2013 bli gjeldfri for alltid\">Les mer<\/a><\/p>\n","protected":false},"author":1,"featured_media":0,"parent":0,"menu_order":0,"comment_status":"closed","ping_status":"closed","template":"","meta":{"inline_featured_image":false,"footnotes":""},"acf":[],"yoast_head":"<!-- This site is optimized with the Yoast SEO plugin v21.9.1 - https:\/\/yoast.com\/wordpress\/plugins\/seo\/ -->\n<title>Refinansiering \u2013 bli gjeldfri for alltid - Navibanker - Norge<\/title>\n<meta name=\"robots\" content=\"index, follow, max-snippet:-1, max-image-preview:large, max-video-preview:-1\" \/>\n<link rel=\"canonical\" href=\"https:\/\/navibanker.com\/no\/refinansiering\/\" \/>\n<meta property=\"og:locale\" content=\"nb_NO\" \/>\n<meta property=\"og:type\" content=\"article\" \/>\n<meta property=\"og:title\" content=\"Refinansiering \u2013 bli gjeldfri for alltid - Navibanker - Norge\" \/>\n<meta property=\"og:description\" content=\"Refinansiering av gjeld er en god ide hvis du sitter med flere l\u00e5n som koster deg dyrt hver eneste m\u00e5ned. Mange nordmenn har tatt opp raske forbruksl\u00e5n med h\u00f8ye renter og avgifter. Dette kan fort bli en stor byrde for din personlige \u00f8konomi. Vi viser deg derfor hvilke muligheter du har til \u00e5 spare mye ... Les mer\" \/>\n<meta property=\"og:url\" content=\"https:\/\/navibanker.com\/no\/refinansiering\/\" \/>\n<meta property=\"og:site_name\" content=\"Navibanker - Norge\" \/>\n<meta property=\"article:modified_time\" content=\"2022-07-16T15:18:57+00:00\" \/>\n<meta property=\"og:image\" content=\"https:\/\/navibanker.com\/no\/wp-content\/uploads\/sites\/7\/2021\/12\/refinansiering.jpg\" \/>\n<meta name=\"twitter:card\" content=\"summary_large_image\" \/>\n<meta name=\"twitter:label1\" content=\"Ansl. lesetid\" \/>\n\t<meta name=\"twitter:data1\" content=\"12 minutter\" \/>\n<script type=\"application\/ld+json\" class=\"yoast-schema-graph\">{\"@context\":\"https:\/\/schema.org\",\"@graph\":[{\"@type\":\"WebPage\",\"@id\":\"https:\/\/navibanker.com\/no\/refinansiering\/\",\"url\":\"https:\/\/navibanker.com\/no\/refinansiering\/\",\"name\":\"Refinansiering \u2013 bli gjeldfri for alltid - Navibanker - Norge\",\"isPartOf\":{\"@id\":\"https:\/\/navibanker.com\/no\/#website\"},\"datePublished\":\"2019-03-09T09:49:06+00:00\",\"dateModified\":\"2022-07-16T15:18:57+00:00\",\"breadcrumb\":{\"@id\":\"https:\/\/navibanker.com\/no\/refinansiering\/#breadcrumb\"},\"inLanguage\":\"nb-NO\",\"potentialAction\":[{\"@type\":\"ReadAction\",\"target\":[\"https:\/\/navibanker.com\/no\/refinansiering\/\"]}]},{\"@type\":\"BreadcrumbList\",\"@id\":\"https:\/\/navibanker.com\/no\/refinansiering\/#breadcrumb\",\"itemListElement\":[{\"@type\":\"ListItem\",\"position\":1,\"name\":\"Home\",\"item\":\"https:\/\/navibanker.com\/no\/\"},{\"@type\":\"ListItem\",\"position\":2,\"name\":\"Refinansiering \u2013 bli gjeldfri for alltid\"}]},{\"@type\":\"WebSite\",\"@id\":\"https:\/\/navibanker.com\/no\/#website\",\"url\":\"https:\/\/navibanker.com\/no\/\",\"name\":\"Navibanker - Norge\",\"description\":\"\",\"publisher\":{\"@id\":\"https:\/\/navibanker.com\/no\/#organization\"},\"potentialAction\":[{\"@type\":\"SearchAction\",\"target\":{\"@type\":\"EntryPoint\",\"urlTemplate\":\"https:\/\/navibanker.com\/no\/?s={search_term_string}\"},\"query-input\":\"required name=search_term_string\"}],\"inLanguage\":\"nb-NO\"},{\"@type\":\"Organization\",\"@id\":\"https:\/\/navibanker.com\/no\/#organization\",\"name\":\"Navibanker - Norge\",\"url\":\"https:\/\/navibanker.com\/no\/\",\"logo\":{\"@type\":\"ImageObject\",\"inLanguage\":\"nb-NO\",\"@id\":\"https:\/\/navibanker.com\/no\/#\/schema\/logo\/image\/\",\"url\":\"https:\/\/navibanker.com\/no\/wp-content\/uploads\/sites\/7\/2021\/12\/NaviBanker_fv_neg.svg\",\"contentUrl\":\"https:\/\/navibanker.com\/no\/wp-content\/uploads\/sites\/7\/2021\/12\/NaviBanker_fv_neg.svg\",\"caption\":\"Navibanker - Norge\"},\"image\":{\"@id\":\"https:\/\/navibanker.com\/no\/#\/schema\/logo\/image\/\"}}]}<\/script>\n<!-- \/ Yoast SEO plugin. -->","yoast_head_json":{"title":"Refinansiering \u2013 bli gjeldfri for alltid - Navibanker - Norge","robots":{"index":"index","follow":"follow","max-snippet":"max-snippet:-1","max-image-preview":"max-image-preview:large","max-video-preview":"max-video-preview:-1"},"canonical":"https:\/\/navibanker.com\/no\/refinansiering\/","og_locale":"nb_NO","og_type":"article","og_title":"Refinansiering \u2013 bli gjeldfri for alltid - Navibanker - Norge","og_description":"Refinansiering av gjeld er en god ide hvis du sitter med flere l\u00e5n som koster deg dyrt hver eneste m\u00e5ned. Mange nordmenn har tatt opp raske forbruksl\u00e5n med h\u00f8ye renter og avgifter. Dette kan fort bli en stor byrde for din personlige \u00f8konomi. Vi viser deg derfor hvilke muligheter du har til \u00e5 spare mye ... Les mer","og_url":"https:\/\/navibanker.com\/no\/refinansiering\/","og_site_name":"Navibanker - Norge","article_modified_time":"2022-07-16T15:18:57+00:00","og_image":[{"url":"https:\/\/navibanker.com\/no\/wp-content\/uploads\/sites\/7\/2021\/12\/refinansiering.jpg"}],"twitter_card":"summary_large_image","twitter_misc":{"Ansl. lesetid":"12 minutter"},"schema":{"@context":"https:\/\/schema.org","@graph":[{"@type":"WebPage","@id":"https:\/\/navibanker.com\/no\/refinansiering\/","url":"https:\/\/navibanker.com\/no\/refinansiering\/","name":"Refinansiering \u2013 bli gjeldfri for alltid - Navibanker - Norge","isPartOf":{"@id":"https:\/\/navibanker.com\/no\/#website"},"datePublished":"2019-03-09T09:49:06+00:00","dateModified":"2022-07-16T15:18:57+00:00","breadcrumb":{"@id":"https:\/\/navibanker.com\/no\/refinansiering\/#breadcrumb"},"inLanguage":"nb-NO","potentialAction":[{"@type":"ReadAction","target":["https:\/\/navibanker.com\/no\/refinansiering\/"]}]},{"@type":"BreadcrumbList","@id":"https:\/\/navibanker.com\/no\/refinansiering\/#breadcrumb","itemListElement":[{"@type":"ListItem","position":1,"name":"Home","item":"https:\/\/navibanker.com\/no\/"},{"@type":"ListItem","position":2,"name":"Refinansiering \u2013 bli gjeldfri for alltid"}]},{"@type":"WebSite","@id":"https:\/\/navibanker.com\/no\/#website","url":"https:\/\/navibanker.com\/no\/","name":"Navibanker - Norge","description":"","publisher":{"@id":"https:\/\/navibanker.com\/no\/#organization"},"potentialAction":[{"@type":"SearchAction","target":{"@type":"EntryPoint","urlTemplate":"https:\/\/navibanker.com\/no\/?s={search_term_string}"},"query-input":"required name=search_term_string"}],"inLanguage":"nb-NO"},{"@type":"Organization","@id":"https:\/\/navibanker.com\/no\/#organization","name":"Navibanker - Norge","url":"https:\/\/navibanker.com\/no\/","logo":{"@type":"ImageObject","inLanguage":"nb-NO","@id":"https:\/\/navibanker.com\/no\/#\/schema\/logo\/image\/","url":"https:\/\/navibanker.com\/no\/wp-content\/uploads\/sites\/7\/2021\/12\/NaviBanker_fv_neg.svg","contentUrl":"https:\/\/navibanker.com\/no\/wp-content\/uploads\/sites\/7\/2021\/12\/NaviBanker_fv_neg.svg","caption":"Navibanker - Norge"},"image":{"@id":"https:\/\/navibanker.com\/no\/#\/schema\/logo\/image\/"}}]}},"_links":{"self":[{"href":"https:\/\/navibanker.com\/no\/wp-json\/wp\/v2\/pages\/15"}],"collection":[{"href":"https:\/\/navibanker.com\/no\/wp-json\/wp\/v2\/pages"}],"about":[{"href":"https:\/\/navibanker.com\/no\/wp-json\/wp\/v2\/types\/page"}],"author":[{"embeddable":true,"href":"https:\/\/navibanker.com\/no\/wp-json\/wp\/v2\/users\/1"}],"replies":[{"embeddable":true,"href":"https:\/\/navibanker.com\/no\/wp-json\/wp\/v2\/comments?post=15"}],"version-history":[{"count":5,"href":"https:\/\/navibanker.com\/no\/wp-json\/wp\/v2\/pages\/15\/revisions"}],"predecessor-version":[{"id":1336,"href":"https:\/\/navibanker.com\/no\/wp-json\/wp\/v2\/pages\/15\/revisions\/1336"}],"wp:attachment":[{"href":"https:\/\/navibanker.com\/no\/wp-json\/wp\/v2\/media?parent=15"}],"curies":[{"name":"wp","href":"https:\/\/api.w.org\/{rel}","templated":true}]}}