{"id":1458,"date":"2024-02-04T18:42:36","date_gmt":"2024-02-04T18:42:36","guid":{"rendered":"https:\/\/navibanker.com\/no\/?page_id=1458"},"modified":"2024-02-04T18:42:37","modified_gmt":"2024-02-04T18:42:37","slug":"personvernpolitikk","status":"publish","type":"page","link":"https:\/\/navibanker.com\/no\/personvernpolitikk\/","title":{"rendered":"Personvernpolitikk"},"content":{"rendered":"\n<h3 class=\"wp-block-heading\"><a><\/a><strong>Innledning<\/strong><\/h3>\n\n\n\n<p>Beskyttelse av dine Personopplysninger har Bedriftens h\u00f8yeste prioritet.<\/p>\n\n\n\n<p>Bedriften behandler Personopplysninger og har derfor vedtatt disse retningslinjene for personvern som inneholder informasjon om hvordan Bedriften behandler dine personopplysninger.<\/p>\n\n\n\n<p>Bedriften er lovmessig forpliktet til \u00e5 informere deg om hvordan Bedriften behandler og videreformidler personopplysninger.<\/p>\n\n\n\n<p>I disse retningslinjene for personvern beskriver Bedriften sin behandling av personopplysninger i forbindelse med dette.<\/p>\n\n\n\n<h3 class=\"wp-block-heading\"><a><\/a><strong>Kontaktopplysninger<\/strong><\/h3>\n\n\n\n<ul>\n<li>NaviBanker<\/li>\n\n\n\n<li>Nupark 51<\/li>\n\n\n\n<li>7500 Holstebro<\/li>\n\n\n\n<li>Denmark<\/li>\n\n\n\n<li>Cvr. nr.: 39040085<\/li>\n\n\n\n<li>hello@navibanker.com<\/li>\n\n\n\n<li><a href=\"https:\/\/apollofinans.no\/\">https:\/\/<\/a>NaviBanker.com\/no<\/li>\n<\/ul>\n\n\n\n<p>Heretter referert til som (\u00abBedriften\u00bb)<\/p>\n\n\n\n<p>Form\u00e5l og typer av personopplysninger<\/p>\n\n\n\n<h3 class=\"wp-block-heading\"><a><\/a><strong>Vi samler inn og behandler f\u00f8lgende personopplysninger om deg:<\/strong><\/h3>\n\n\n\n<ul>\n<li>Navn<\/li>\n\n\n\n<li>E-postadresse<\/li>\n\n\n\n<li>Telefonnummer<\/li>\n\n\n\n<li>IP-adresse<\/li>\n\n\n\n<li>Tidsstempel<\/li>\n\n\n\n<li>Nettleser \u2013 varslings-ID<\/li>\n<\/ul>\n\n\n\n<p>Ovenst\u00e5ende personopplysninger samles inn for markedsf\u00f8ring av v\u00e5re tjenester, herunder som beskrevet i det samtykket du har gitt til direkte markedsf\u00f8ring via e-post og\/eller SMS.<\/p>\n\n\n\n<p>Det juridiske grunnlaget for innsamling og behandling av personopplysningene<\/p>\n\n\n\n<p>Det juridiske grunnlaget for behandlingen av personopplysningene til bruk for ovenst\u00e5ende form\u00e5l, er som f\u00f8lger:<\/p>\n\n\n\n<p>Samtykke i forhold til direkte markedsf\u00f8ring og sporing i forbindelse med markedsf\u00f8ring, jf. personvernforordningen, art. 6, stk. 1, litra a.<\/p>\n\n\n\n<p>Interesseavveining i forhold til at Bedriftens berettigede interesse er \u00e5 sende deg markedsf\u00f8ring og meldinger som du har anmodet om, f.eks. via tillatelse til sending av e-postmarkedsf\u00f8ring og meddelelser, jf. personvernforordningen art. 6, stk. 1, litra f, jf. den danske databeskyttelseslovens \u00a7 6, stk. 1 samt den danske markedsf\u00f8ringslovens \u00a7 10.<\/p>\n\n\n\n<p>Bedriftens berettigede interesse i \u00e5 videreutvikle eksisterende produkter og lete etter tendenser og fremtidige produkter, jf. personvernforordningen art. 6, stk. 1, litra f om berettigede interesser, jf. \u00a7 6 i den danske databeskyttelsesloven.<\/p>\n\n\n\n<h3 class=\"wp-block-heading\"><a><\/a><strong>Kilder<\/strong><\/h3>\n\n\n\n<p>Personopplysninger samles inn direkte fra deg, dine IT-enheter slik som smarttelefon, nettbrett eller datamaskin.<\/p>\n\n\n\n<h3 class=\"wp-block-heading\"><a><\/a><strong>Frivillighet<\/strong><\/h3>\n\n\n\n<p>N\u00e5r Bedriften samler inn personopplysninger direkte fra deg som den registrerte og behandler dine personopplysninger for markedsf\u00f8ringsform\u00e5l, er det frivillig \u00e5 gi samtykke til behandling av personopplysningene. Du er derfor ikke forpliktet til \u00e5 gi opplysningene til Bedriften, men konsekvensen vil v\u00e6re at du ikke kan motta tilbud fra Bedriften og Bedriftens samarbeidspartnere, dersom personopplysningene er n\u00f8dvendige for at Bedriften eller Selskapets samarbeidspartnere skal kunne formidle slike tilbud.<\/p>\n\n\n\n<h3 class=\"wp-block-heading\"><a><\/a><strong>Prinsipper for behandling<\/strong><\/h3>\n\n\n\n<p>Vi vil behandle Personopplysninger lovlig, rimelig og p\u00e5 en gjennomsiktig m\u00e5te i forhold til deg.<\/p>\n\n\n\n<p>V\u00e5r behandling av Personopplysninger er undergitt en form\u00e5lsbegrensning, noe som inneb\u00e6rer at Personopplysninger skal samles inn for spesifikke, uttrykkelig angitte og berettigede form\u00e5l. De m\u00e5 ikke viderebehandles p\u00e5 en m\u00e5te som er uforenlig med disse form\u00e5lene.<\/p>\n\n\n\n<p>Vi behandler Personopplysninger ut fra prinsippet om dataminimering. Det vil si at de skal v\u00e6re adekvate, relevante og begrenset til det som er n\u00f8dvendig for form\u00e5lene de behandles for.<\/p>\n\n\n\n<p>Personopplysninger skal behandles ut fra prinsippet om riktighet. Det vil si at de skal v\u00e6re korrekte og om n\u00f8dvendig oppdaterte.<\/p>\n\n\n\n<p>Vi behandler Personopplysninger ut fra prinsippet om lagringsbegrensning. Det vil si at Personopplysninger skal lagres slik at det ikke er mulig \u00e5 identifisere deg i lengre perioder enn det som er n\u00f8dvendig for form\u00e5lene som personopplysningene behandles for.<\/p>\n\n\n\n<p>Personopplysninger skal behandles ut fra prinsippet om integritet og konfidensialitet. Det vil si at de skal behandles p\u00e5 en m\u00e5te som sikrer tilstrekkelig sikkerhet for personopplysningene, herunder vern mot uautorisert eller ulovlig behandling og mot utilsiktet tap, \u00f8deleggelse eller skade, ved bruk av egnede tekniske eller organisatoriske tiltak.<\/p>\n\n\n\n<h3 class=\"wp-block-heading\"><a><\/a><strong>Risikoanalyse<\/strong><\/h3>\n\n\n\n<p>Vi har gjennomf\u00f8rt egnede tekniske og organisatoriske tiltak for \u00e5 oppn\u00e5 et sikkerhetsniv\u00e5 som er hensiktsmessig med hensyn til risikoene som er forbundet med v\u00e5r behandling av Personopplysninger.<\/p>\n\n\n\n<h3 class=\"wp-block-heading\"><a><\/a><strong>Videreformidling av personopplysninger<\/strong><\/h3>\n\n\n\n<p>Bedriften videreformidler dine persondata kun til samarbeidspartnere, herunder til markedsf\u00f8ringsbruk, hvis du p\u00e5 forh\u00e5nd har gitt samtykke til dette. I forbindelse med Bedriftens innhenting av et slikt eventuelt samtykke, vil du bli n\u00e6rmere informert om hva persondataene vil bli brukt til. Du kan til n\u00e5r som helst gj\u00f8re innsigelse mot slik videreformidling.<\/p>\n\n\n\n<p>Bedriften innhenter imidlertid ikke ditt samtykke dersom Bedriften er rettslig forpliktet til \u00e5 videreformidle dine opplysninger, f.eks. til en offentlig myndighet.<\/p>\n\n\n\n<p>Videre forbeholder Bedriften seg rett til \u00e5 benytte databehandlere i land utenfor EU\/E\u00d8S til \u00e5 bist\u00e5 Bedriften med \u00e5 utf\u00f8re sin forretningsvirksomhet. Dette vil i gitt tilfelle utelukkende finne sted i overensstemmelse med gjeldende lovgivning.<\/p>\n\n\n\n<p>Overf\u00f8ring av personopplysninger til databehandlere og mottakere i land utenfor EU\/E\u00d8S<\/p>\n\n\n\n<p>Bedriften benytter de leverand\u00f8rene som Bedriften har vurdert kan bist\u00e5 Bedriften p\u00e5 best mulig m\u00e5te, og noen av dem er beliggende i land utenfor EU\/E\u00d8S, f.eks. i USA.<\/p>\n\n\n\n<p>Bedriften overf\u00f8rer personopplysninger til sine databehandlere, som behandler personopplysningene. Slik databehandling skjer alltid i henhold til en skriftlig databehandleravtale.<\/p>\n\n\n\n<h3 class=\"wp-block-heading\"><a><\/a><strong>Lagringsperiode<\/strong><\/h3>\n\n\n\n<p>Bedriften sletter dine personopplysninger n\u00e5r Bedriften ikke lenger har behov for \u00e5 behandle dem for \u00e5 oppfylle ett eller flere av de ovenfor nevnte form\u00e5lene. Spesielle lovbestemmelser i lover knyttet til f.eks. regnskapsf\u00f8ring, hvitvask og foreldelse, kan imidlertid gi Bedriften plikt eller rett til \u00e5 lagre dem i lengre tid. Opplysningene kan ogs\u00e5 behandles og lagres lengre hvis de er anonymisert.<\/p>\n\n\n\n<p>For markedsf\u00f8ringsform\u00e5l oppbevarer Bedriften dine personopplysninger i den perioden som samtykker gjelder for, og i ytterligere 3 \u00e5r etter det til enhver tid senest utsendte markedsf\u00f8ringsmaterialet.<\/p>\n\n\n\n<h3 class=\"wp-block-heading\"><a><\/a><strong>Sikkerhet<\/strong><\/h3>\n\n\n\n<p>Bedriften har h\u00f8ye standarder for sikkerhet, ogs\u00e5 n\u00e5r det gjelder beskyttelse av dine personopplysninger. Derfor har Bedriften en rekke interne prosedyrer og retningslinjer som sikrer at Bedriften lever opp til de h\u00f8ye sikkerhetsstandardene og derigjennom oppfyller kravene om implementering av egnede passende tekniske og organisatoriske sikkerhetstiltak. Dermed gj\u00f8r Bedriften sitt ytterste for \u00e5 sikre dine personopplysningers kvalitet og integritet.<\/p>\n\n\n\n<h3 class=\"wp-block-heading\"><a><\/a><strong>Dine rettigheter<\/strong><\/h3>\n\n\n\n<p>Du har rett til \u00e5 f\u00e5 innsikt i personopplysninger som Bedriften behandler om deg, med visse unntak som fremg\u00e5r av lovgivningen. I tillegg kan du gj\u00f8re innsigelse mot innsamling og videre behandling av dine personopplysninger. Videre har du rett til \u00e5 f\u00e5 uriktige personopplysninger om deg selv rettet, og til \u00e5 be Bedriften om \u00e5 begrense behandlingen av dine personopplysninger.<\/p>\n\n\n\n<p>P\u00e5 anmodning fra deg vil Bedriften slette alle personopplysninger uten ugrunnet opphold, med mindre Bedriften kan fortsette behandlingen p\u00e5 et annet grunnlag, f.eks. hvis behandlingen er n\u00f8dvendig for \u00e5 kunne fastsette et rettskrav, eller hvis det er n\u00f8dvendig for \u00e5 kunne besvare en henvendelse fra deg.<\/p>\n\n\n\n<p>Under visse omstendigheter kan du ogs\u00e5 anmode om at Bedriften gir deg en kopi av dine personopplysninger om deg selv i et strukturert, alminnelig anvendt og maskinlesbart format, og anmode om at Bedriften overf\u00f8rer nevnte opplysninger til en annen behandlingsansvarlig (dataportabilitet).<\/p>\n\n\n\n<p>Hvis Bedriften behandler dine personopplysninger p\u00e5 bakgrunn av ditt samtykke, kan du n\u00e5r som helst trekke tilbake samtykket ditt. Dette kan skje ved \u00e5 kontakte Bedriften (se nedenfor). Hvis du trekker tilbake samtykket, vil Bedriften opph\u00f8re med \u00e5 behandle dine personopplysninger, med mindre Bedriften er berettiget eller forpliktet til \u00e5 fortsette behandlingen eller lagringen av dine personopplysninger p\u00e5 et annet grunnlag, herunder i henhold til lovgivningen. Tilbaketrekking av samtykke ber\u00f8rer ikke lovligheten av behandlingen som har funnet sted f\u00f8r samtykket trekkes tilbake.<\/p>\n\n\n\n<p>Hvis du \u00f8nsker \u00e5 gj\u00f8re bruk av dine rettigheter som beskrevet ovenfor, kan du til enhver tid kontakte Bedriften (se nedenfor).<\/p>\n\n\n\n<p>Bedriften ber om at du i forbindelse med henvendelser som vedr\u00f8rer dine rettigheter, gir oss opplysninger som er tilstrekkelige til at Bedriften kan behandle din henvendelse, herunder fullt navn og e-postadresse, slik at Bedriften kan identifisere deg og svare p\u00e5 din anmodning. Bedriften vil besvare din henvendelse s\u00e5 raskt som mulig.<\/p>\n\n\n\n<p>Hvis du er uenig i m\u00e5ten som Bedriften behandler dine personopplysninger p\u00e5 eller de form\u00e5lene som Bedriften behandler opplysningene for, er du velkommen til \u00e5 kontakte Bedriften. Du kan ogs\u00e5 klage til:<\/p>\n\n\n\n<ul>\n<li>Datatilsynet<\/li>\n\n\n\n<li>Postboks 458 Sentrum<\/li>\n\n\n\n<li>0105 OSLO<\/li>\n\n\n\n<li>Telefon 22 39 69 00<\/li>\n\n\n\n<li>E-post: postkasse@datatilsynet.no<\/li>\n\n\n\n<li><a href=\"http:\/\/www.datatilsynet.no\/\">www.datatilsynet.no<\/a><\/li>\n<\/ul>\n\n\n\n<p>Endringer i retningslinjene for personvern<\/p>\n\n\n\n<p>Bedriften forbeholder seg rett til \u00e5 endre disse retningslinjene for personvern som f\u00f8lge av vesentlige endringer i lovgivningen, nye tekniske l\u00f8sninger, nye eller forbedrede funksjoner eller for \u00e5 forbedre hjemmesiden.<\/p>\n\n\n\n<h3 class=\"wp-block-heading\"><a><\/a><strong>Kontakt<\/strong><\/h3>\n\n\n\n<p>Hvis Bedriften skal endre eller slette personlige opplysninger som Bedriften har registrert om deg, hvis du ikke \u00f8nsker \u00e5 motta flere henvendelser fra Bedriften, eller hvis du har andre sp\u00f8rsm\u00e5l til Bedriftens retningslinjer for personvern, kan du sende en e-postmelding til hello@navibanker.com Skriv \u00abRetningslinjer for personvern\u00bb i emnefeltet.<\/p>\n","protected":false},"excerpt":{"rendered":"<p>Innledning Beskyttelse av dine Personopplysninger har Bedriftens h\u00f8yeste prioritet. Bedriften behandler Personopplysninger og har derfor vedtatt disse retningslinjene for personvern som inneholder informasjon om hvordan Bedriften behandler dine personopplysninger. Bedriften er lovmessig forpliktet til \u00e5 informere deg om hvordan Bedriften behandler og videreformidler personopplysninger. I disse retningslinjene for personvern beskriver Bedriften sin behandling av personopplysninger &#8230; <a title=\"Personvernpolitikk\" class=\"read-more\" href=\"https:\/\/navibanker.com\/no\/personvernpolitikk\/\" aria-label=\"Mer p\u00e5 Personvernpolitikk\">Les mer<\/a><\/p>\n","protected":false},"author":1,"featured_media":0,"parent":0,"menu_order":0,"comment_status":"closed","ping_status":"closed","template":"","meta":{"inline_featured_image":false,"footnotes":""},"acf":[],"yoast_head":"<!-- This site is optimized with the Yoast SEO plugin v21.9.1 - https:\/\/yoast.com\/wordpress\/plugins\/seo\/ -->\n<title>Personvernpolitikk - Navibanker - Norge<\/title>\n<meta name=\"robots\" content=\"index, follow, max-snippet:-1, max-image-preview:large, max-video-preview:-1\" \/>\n<link rel=\"canonical\" href=\"https:\/\/navibanker.com\/no\/personvernpolitikk\/\" \/>\n<meta property=\"og:locale\" content=\"nb_NO\" \/>\n<meta property=\"og:type\" content=\"article\" \/>\n<meta property=\"og:title\" content=\"Personvernpolitikk - Navibanker - Norge\" \/>\n<meta property=\"og:description\" content=\"Innledning Beskyttelse av dine Personopplysninger har Bedriftens h\u00f8yeste prioritet. Bedriften behandler Personopplysninger og har derfor vedtatt disse retningslinjene for personvern som inneholder informasjon om hvordan Bedriften behandler dine personopplysninger. Bedriften er lovmessig forpliktet til \u00e5 informere deg om hvordan Bedriften behandler og videreformidler personopplysninger. I disse retningslinjene for personvern beskriver Bedriften sin behandling av personopplysninger ... Les mer\" \/>\n<meta property=\"og:url\" content=\"https:\/\/navibanker.com\/no\/personvernpolitikk\/\" \/>\n<meta property=\"og:site_name\" content=\"Navibanker - Norge\" \/>\n<meta property=\"article:modified_time\" content=\"2024-02-04T18:42:37+00:00\" \/>\n<meta name=\"twitter:card\" content=\"summary_large_image\" \/>\n<meta name=\"twitter:label1\" content=\"Ansl. lesetid\" \/>\n\t<meta name=\"twitter:data1\" content=\"8 minutter\" \/>\n<script type=\"application\/ld+json\" class=\"yoast-schema-graph\">{\"@context\":\"https:\/\/schema.org\",\"@graph\":[{\"@type\":\"WebPage\",\"@id\":\"https:\/\/navibanker.com\/no\/personvernpolitikk\/\",\"url\":\"https:\/\/navibanker.com\/no\/personvernpolitikk\/\",\"name\":\"Personvernpolitikk - Navibanker - Norge\",\"isPartOf\":{\"@id\":\"https:\/\/navibanker.com\/no\/#website\"},\"datePublished\":\"2024-02-04T18:42:36+00:00\",\"dateModified\":\"2024-02-04T18:42:37+00:00\",\"breadcrumb\":{\"@id\":\"https:\/\/navibanker.com\/no\/personvernpolitikk\/#breadcrumb\"},\"inLanguage\":\"nb-NO\",\"potentialAction\":[{\"@type\":\"ReadAction\",\"target\":[\"https:\/\/navibanker.com\/no\/personvernpolitikk\/\"]}]},{\"@type\":\"BreadcrumbList\",\"@id\":\"https:\/\/navibanker.com\/no\/personvernpolitikk\/#breadcrumb\",\"itemListElement\":[{\"@type\":\"ListItem\",\"position\":1,\"name\":\"Home\",\"item\":\"https:\/\/navibanker.com\/no\/\"},{\"@type\":\"ListItem\",\"position\":2,\"name\":\"Personvernpolitikk\"}]},{\"@type\":\"WebSite\",\"@id\":\"https:\/\/navibanker.com\/no\/#website\",\"url\":\"https:\/\/navibanker.com\/no\/\",\"name\":\"Navibanker - Norge\",\"description\":\"\",\"publisher\":{\"@id\":\"https:\/\/navibanker.com\/no\/#organization\"},\"potentialAction\":[{\"@type\":\"SearchAction\",\"target\":{\"@type\":\"EntryPoint\",\"urlTemplate\":\"https:\/\/navibanker.com\/no\/?s={search_term_string}\"},\"query-input\":\"required name=search_term_string\"}],\"inLanguage\":\"nb-NO\"},{\"@type\":\"Organization\",\"@id\":\"https:\/\/navibanker.com\/no\/#organization\",\"name\":\"Navibanker - Norge\",\"url\":\"https:\/\/navibanker.com\/no\/\",\"logo\":{\"@type\":\"ImageObject\",\"inLanguage\":\"nb-NO\",\"@id\":\"https:\/\/navibanker.com\/no\/#\/schema\/logo\/image\/\",\"url\":\"https:\/\/navibanker.com\/no\/wp-content\/uploads\/sites\/7\/2021\/12\/NaviBanker_fv_neg.svg\",\"contentUrl\":\"https:\/\/navibanker.com\/no\/wp-content\/uploads\/sites\/7\/2021\/12\/NaviBanker_fv_neg.svg\",\"caption\":\"Navibanker - Norge\"},\"image\":{\"@id\":\"https:\/\/navibanker.com\/no\/#\/schema\/logo\/image\/\"}}]}<\/script>\n<!-- \/ Yoast SEO plugin. -->","yoast_head_json":{"title":"Personvernpolitikk - Navibanker - Norge","robots":{"index":"index","follow":"follow","max-snippet":"max-snippet:-1","max-image-preview":"max-image-preview:large","max-video-preview":"max-video-preview:-1"},"canonical":"https:\/\/navibanker.com\/no\/personvernpolitikk\/","og_locale":"nb_NO","og_type":"article","og_title":"Personvernpolitikk - Navibanker - Norge","og_description":"Innledning Beskyttelse av dine Personopplysninger har Bedriftens h\u00f8yeste prioritet. Bedriften behandler Personopplysninger og har derfor vedtatt disse retningslinjene for personvern som inneholder informasjon om hvordan Bedriften behandler dine personopplysninger. Bedriften er lovmessig forpliktet til \u00e5 informere deg om hvordan Bedriften behandler og videreformidler personopplysninger. I disse retningslinjene for personvern beskriver Bedriften sin behandling av personopplysninger ... Les mer","og_url":"https:\/\/navibanker.com\/no\/personvernpolitikk\/","og_site_name":"Navibanker - Norge","article_modified_time":"2024-02-04T18:42:37+00:00","twitter_card":"summary_large_image","twitter_misc":{"Ansl. lesetid":"8 minutter"},"schema":{"@context":"https:\/\/schema.org","@graph":[{"@type":"WebPage","@id":"https:\/\/navibanker.com\/no\/personvernpolitikk\/","url":"https:\/\/navibanker.com\/no\/personvernpolitikk\/","name":"Personvernpolitikk - Navibanker - Norge","isPartOf":{"@id":"https:\/\/navibanker.com\/no\/#website"},"datePublished":"2024-02-04T18:42:36+00:00","dateModified":"2024-02-04T18:42:37+00:00","breadcrumb":{"@id":"https:\/\/navibanker.com\/no\/personvernpolitikk\/#breadcrumb"},"inLanguage":"nb-NO","potentialAction":[{"@type":"ReadAction","target":["https:\/\/navibanker.com\/no\/personvernpolitikk\/"]}]},{"@type":"BreadcrumbList","@id":"https:\/\/navibanker.com\/no\/personvernpolitikk\/#breadcrumb","itemListElement":[{"@type":"ListItem","position":1,"name":"Home","item":"https:\/\/navibanker.com\/no\/"},{"@type":"ListItem","position":2,"name":"Personvernpolitikk"}]},{"@type":"WebSite","@id":"https:\/\/navibanker.com\/no\/#website","url":"https:\/\/navibanker.com\/no\/","name":"Navibanker - Norge","description":"","publisher":{"@id":"https:\/\/navibanker.com\/no\/#organization"},"potentialAction":[{"@type":"SearchAction","target":{"@type":"EntryPoint","urlTemplate":"https:\/\/navibanker.com\/no\/?s={search_term_string}"},"query-input":"required name=search_term_string"}],"inLanguage":"nb-NO"},{"@type":"Organization","@id":"https:\/\/navibanker.com\/no\/#organization","name":"Navibanker - Norge","url":"https:\/\/navibanker.com\/no\/","logo":{"@type":"ImageObject","inLanguage":"nb-NO","@id":"https:\/\/navibanker.com\/no\/#\/schema\/logo\/image\/","url":"https:\/\/navibanker.com\/no\/wp-content\/uploads\/sites\/7\/2021\/12\/NaviBanker_fv_neg.svg","contentUrl":"https:\/\/navibanker.com\/no\/wp-content\/uploads\/sites\/7\/2021\/12\/NaviBanker_fv_neg.svg","caption":"Navibanker - Norge"},"image":{"@id":"https:\/\/navibanker.com\/no\/#\/schema\/logo\/image\/"}}]}},"_links":{"self":[{"href":"https:\/\/navibanker.com\/no\/wp-json\/wp\/v2\/pages\/1458"}],"collection":[{"href":"https:\/\/navibanker.com\/no\/wp-json\/wp\/v2\/pages"}],"about":[{"href":"https:\/\/navibanker.com\/no\/wp-json\/wp\/v2\/types\/page"}],"author":[{"embeddable":true,"href":"https:\/\/navibanker.com\/no\/wp-json\/wp\/v2\/users\/1"}],"replies":[{"embeddable":true,"href":"https:\/\/navibanker.com\/no\/wp-json\/wp\/v2\/comments?post=1458"}],"version-history":[{"count":1,"href":"https:\/\/navibanker.com\/no\/wp-json\/wp\/v2\/pages\/1458\/revisions"}],"predecessor-version":[{"id":1459,"href":"https:\/\/navibanker.com\/no\/wp-json\/wp\/v2\/pages\/1458\/revisions\/1459"}],"wp:attachment":[{"href":"https:\/\/navibanker.com\/no\/wp-json\/wp\/v2\/media?parent=1458"}],"curies":[{"name":"wp","href":"https:\/\/api.w.org\/{rel}","templated":true}]}}