{"id":1173,"date":"2022-08-03T20:52:03","date_gmt":"2022-08-03T20:52:03","guid":{"rendered":"https:\/\/navibanker.com\/dk\/?page_id=1173"},"modified":"2022-08-03T20:52:04","modified_gmt":"2022-08-03T20:52:04","slug":"laaneberegner","status":"publish","type":"page","link":"https:\/\/navibanker.com\/dk\/laaneberegner\/","title":{"rendered":"L\u00e5neberegner"},"content":{"rendered":"\n<p>Vores l\u00e5neberegner kan anvendes til at beregne et teoretisk l\u00e5n. P\u00e5 denne m\u00e5de kan du hurtigt f\u00e5 styr p\u00e5 hvordan din \u00f8konomi vil se ud ved optagelse af et l\u00e5n, og hvor meget l\u00e5net vil koste dig. Ved at indtaste et teoretisk l\u00e5n kan du f\u00e5 oplysninger omkring:<\/p>\n\n\n\n<ul><li>M\u00e5nedlig ydelse<\/li><li>Total tilbagebetaling<\/li><li>Totale kreditomkostninger<\/li><\/ul>\n\n\n\n<p>Det kan v\u00e6re sv\u00e6rt at gennemskue hvor meget renter bliver i omkostninger ved et st\u00f8rre l\u00e5n som l\u00f8ber over en l\u00e6ngere l\u00e5neperiode. Derfor har vi valgt at bygge en l\u00e5neberegner til dig. S\u00e5dan at du kan f\u00e5 et overblik over m\u00e5nedlige ydelse, total tilbagebetaling, og totale kreditomkostninger ved optagelse af et l\u00e5n. L\u00e6s med herunder for at blive klogere p\u00e5 hvordan du bedst anvender vores l\u00e5neberegner som et v\u00e6rkt\u00f8j til at finde det rigtige l\u00e5n.<\/p>\n\n\n\n<h2 class=\"wp-block-heading\">S\u00e5dan bruger du l\u00e5neberegneren<\/h2>\n\n\n\n<p>Det er meget simpelt at anvende vores l\u00e5neberegner. Det eneste som du skal g\u00f8re er at indtaste det bel\u00f8b som du godt kunne t\u00e6nke dig at l\u00e5ne. Herefter v\u00e6lger du en rentesats. Til sidst skal du taste ind hvor mange terminer l\u00e5net l\u00f8ber over. Eksekver ved at trykke \u201cberegn l\u00e5n\u201d. Du vil nedenunder blive pr\u00e6senteret med informationer omkring det teoretiske l\u00e5n.<\/p>\n\n\n\n<h3 class=\"wp-block-heading\">Hvordan er vores l\u00e5neberegner bygget op?<\/h3>\n\n\n\n<p>Vores l\u00e5neberegner er bygget op omkring annuitetsregning, som h\u00f8rer sig til hovedparten af den type l\u00e5n som udbydes af banker, finansieringsselskaber og realkreditinstitutter. Hvor l\u00e5net er bygget op omkring en ydelse som falder p\u00e5 terminsdato, typisk hver m\u00e5ned. Hvor der betales renter af l\u00e5net, samt at der bliver afdraget p\u00e5 g\u00e6lden. Renteomkostningerne vil v\u00e6re st\u00f8rst i starten og falde l\u00f8bende som man afdrager p\u00e5 l\u00e5net, og dermed vil afdraget p\u00e5 l\u00e5net udg\u00f8re en st\u00f8rre og st\u00f8rre del af den ydelse man betaler hver m\u00e5ned.<\/p>\n\n\n\n<h2 class=\"wp-block-heading\">Brug l\u00e5neberegneren til at finde det rigtige l\u00e5n<\/h2>\n\n\n\n<p>Ved at bruge l\u00e5neberegner kan du f\u00e5 et indblik ind i hvor meget det kan komme til at koste dig at optage et l\u00e5n med de parametre som du indtaster. L\u00e5neberegneren er kun til brug for at vise et fiktivt l\u00e5n. L\u00e5neberegneren kan alts\u00e5 derfor kun anvendes som en m\u00e5de at f\u00e5 vist hvor meget det vil koste at optage et l\u00e5n med de indtastede parametre.<\/p>\n\n\n\n<p>Selvom at l\u00e5neberegneren kun er til brug med fiktive beregninger, s\u00e5 er det en god m\u00e5de at sidde og f\u00e5 en fornemmelse for hvor meget man skal regne med i m\u00e5nedlig ydelse og totale omkostninger for et givent l\u00e5n.<\/p>\n\n\n\n<p>Du kan derfor med vores l\u00e5neberegner finde frem til hvilket l\u00e5n det er som du er er ude efter, og som vil passe til dine behov.<\/p>\n\n\n\n<h2 class=\"wp-block-heading\">Renter og fradrag i skat<\/h2>\n\n\n\n<p>Ved din \u00e5rsopg\u00f8relse er der mange poster hvor du kan indtaste fradrag. Renter for l\u00e5n er bl.a. en af dem. Der er fradrag for:<\/p>\n\n\n\n<ul><li>Renter for <a href=\"https:\/\/navibanker.com\/dk\/banklaan\/\">bankl\u00e5n<\/a><\/li><li>Renter og bidrag for realkreditl\u00e5n<\/li><li>Renter for <a href=\"https:\/\/navibanker.com\/dk\/forbrugslaan\/\">forbrugsl\u00e5n<\/a> hos et finansieringsselskab<\/li><li>Renter p\u00e5 en kontokortordning<\/li><\/ul>\n","protected":false},"excerpt":{"rendered":"<p>Vores l\u00e5neberegner kan anvendes til at beregne et teoretisk l\u00e5n. P\u00e5 denne m\u00e5de kan du hurtigt f\u00e5 styr p\u00e5 hvordan din \u00f8konomi vil se ud ved optagelse af et l\u00e5n, og hvor meget l\u00e5net vil koste dig. Ved at indtaste et teoretisk l\u00e5n kan du f\u00e5 oplysninger omkring: M\u00e5nedlig ydelse Total tilbagebetaling Totale kreditomkostninger Det &#8230; <a title=\"L\u00e5neberegner\" class=\"read-more\" href=\"https:\/\/navibanker.com\/dk\/laaneberegner\/\" aria-label=\"More on L\u00e5neberegner\">L\u00e6s Mere<\/a><\/p>\n","protected":false},"author":1,"featured_media":0,"parent":0,"menu_order":0,"comment_status":"closed","ping_status":"closed","template":"","meta":{"inline_featured_image":false,"footnotes":""},"acf":[],"yoast_head":"<!-- This site is optimized with the Yoast SEO plugin v21.9.1 - https:\/\/yoast.com\/wordpress\/plugins\/seo\/ -->\n<title>L\u00e5neberegner - Beregn din m\u00e5nedlige betaling og dine renter<\/title>\n<meta name=\"robots\" content=\"index, follow, max-snippet:-1, max-image-preview:large, max-video-preview:-1\" \/>\n<link rel=\"canonical\" href=\"https:\/\/navibanker.com\/dk\/laaneberegner\/\" \/>\n<meta property=\"og:locale\" content=\"da_DK\" \/>\n<meta property=\"og:type\" content=\"article\" \/>\n<meta property=\"og:title\" content=\"L\u00e5neberegner - Beregn din m\u00e5nedlige betaling og dine renter\" \/>\n<meta property=\"og:description\" content=\"Vores l\u00e5neberegner kan anvendes til at beregne et teoretisk l\u00e5n. P\u00e5 denne m\u00e5de kan du hurtigt f\u00e5 styr p\u00e5 hvordan din \u00f8konomi vil se ud ved optagelse af et l\u00e5n, og hvor meget l\u00e5net vil koste dig. Ved at indtaste et teoretisk l\u00e5n kan du f\u00e5 oplysninger omkring: M\u00e5nedlig ydelse Total tilbagebetaling Totale kreditomkostninger Det ... L\u00e6s Mere\" \/>\n<meta property=\"og:url\" content=\"https:\/\/navibanker.com\/dk\/laaneberegner\/\" \/>\n<meta property=\"og:site_name\" content=\"Navibanker - Danmark\" \/>\n<meta property=\"article:modified_time\" content=\"2022-08-03T20:52:04+00:00\" \/>\n<meta name=\"twitter:card\" content=\"summary_large_image\" \/>\n<meta name=\"twitter:label1\" content=\"Estimeret l\u00e6setid\" \/>\n\t<meta name=\"twitter:data1\" content=\"3 minutter\" \/>\n<script type=\"application\/ld+json\" class=\"yoast-schema-graph\">{\"@context\":\"https:\/\/schema.org\",\"@graph\":[{\"@type\":\"WebPage\",\"@id\":\"https:\/\/navibanker.com\/dk\/laaneberegner\/\",\"url\":\"https:\/\/navibanker.com\/dk\/laaneberegner\/\",\"name\":\"L\u00e5neberegner - Beregn din m\u00e5nedlige betaling og dine renter\",\"isPartOf\":{\"@id\":\"https:\/\/navibanker.com\/dk\/#website\"},\"datePublished\":\"2022-08-03T20:52:03+00:00\",\"dateModified\":\"2022-08-03T20:52:04+00:00\",\"breadcrumb\":{\"@id\":\"https:\/\/navibanker.com\/dk\/laaneberegner\/#breadcrumb\"},\"inLanguage\":\"da-DK\",\"potentialAction\":[{\"@type\":\"ReadAction\",\"target\":[\"https:\/\/navibanker.com\/dk\/laaneberegner\/\"]}]},{\"@type\":\"BreadcrumbList\",\"@id\":\"https:\/\/navibanker.com\/dk\/laaneberegner\/#breadcrumb\",\"itemListElement\":[{\"@type\":\"ListItem\",\"position\":1,\"name\":\"Home\",\"item\":\"https:\/\/navibanker.com\/dk\/\"},{\"@type\":\"ListItem\",\"position\":2,\"name\":\"L\u00e5neberegner\"}]},{\"@type\":\"WebSite\",\"@id\":\"https:\/\/navibanker.com\/dk\/#website\",\"url\":\"https:\/\/navibanker.com\/dk\/\",\"name\":\"Navibanker - Danmark\",\"description\":\"Just another Navibanker.com Sites site\",\"publisher\":{\"@id\":\"https:\/\/navibanker.com\/dk\/#organization\"},\"potentialAction\":[{\"@type\":\"SearchAction\",\"target\":{\"@type\":\"EntryPoint\",\"urlTemplate\":\"https:\/\/navibanker.com\/dk\/?s={search_term_string}\"},\"query-input\":\"required name=search_term_string\"}],\"inLanguage\":\"da-DK\"},{\"@type\":\"Organization\",\"@id\":\"https:\/\/navibanker.com\/dk\/#organization\",\"name\":\"Navibanker - Danmark\",\"url\":\"https:\/\/navibanker.com\/dk\/\",\"logo\":{\"@type\":\"ImageObject\",\"inLanguage\":\"da-DK\",\"@id\":\"https:\/\/navibanker.com\/dk\/#\/schema\/logo\/image\/\",\"url\":\"https:\/\/navibanker.com\/dk\/wp-content\/uploads\/sites\/2\/2022\/07\/NaviBanker_fv_neg.svg\",\"contentUrl\":\"https:\/\/navibanker.com\/dk\/wp-content\/uploads\/sites\/2\/2022\/07\/NaviBanker_fv_neg.svg\",\"caption\":\"Navibanker - Danmark\"},\"image\":{\"@id\":\"https:\/\/navibanker.com\/dk\/#\/schema\/logo\/image\/\"}}]}<\/script>\n<!-- \/ Yoast SEO plugin. -->","yoast_head_json":{"title":"L\u00e5neberegner - Beregn din m\u00e5nedlige betaling og dine renter","robots":{"index":"index","follow":"follow","max-snippet":"max-snippet:-1","max-image-preview":"max-image-preview:large","max-video-preview":"max-video-preview:-1"},"canonical":"https:\/\/navibanker.com\/dk\/laaneberegner\/","og_locale":"da_DK","og_type":"article","og_title":"L\u00e5neberegner - Beregn din m\u00e5nedlige betaling og dine renter","og_description":"Vores l\u00e5neberegner kan anvendes til at beregne et teoretisk l\u00e5n. P\u00e5 denne m\u00e5de kan du hurtigt f\u00e5 styr p\u00e5 hvordan din \u00f8konomi vil se ud ved optagelse af et l\u00e5n, og hvor meget l\u00e5net vil koste dig. Ved at indtaste et teoretisk l\u00e5n kan du f\u00e5 oplysninger omkring: M\u00e5nedlig ydelse Total tilbagebetaling Totale kreditomkostninger Det ... L\u00e6s Mere","og_url":"https:\/\/navibanker.com\/dk\/laaneberegner\/","og_site_name":"Navibanker - Danmark","article_modified_time":"2022-08-03T20:52:04+00:00","twitter_card":"summary_large_image","twitter_misc":{"Estimeret l\u00e6setid":"3 minutter"},"schema":{"@context":"https:\/\/schema.org","@graph":[{"@type":"WebPage","@id":"https:\/\/navibanker.com\/dk\/laaneberegner\/","url":"https:\/\/navibanker.com\/dk\/laaneberegner\/","name":"L\u00e5neberegner - Beregn din m\u00e5nedlige betaling og dine renter","isPartOf":{"@id":"https:\/\/navibanker.com\/dk\/#website"},"datePublished":"2022-08-03T20:52:03+00:00","dateModified":"2022-08-03T20:52:04+00:00","breadcrumb":{"@id":"https:\/\/navibanker.com\/dk\/laaneberegner\/#breadcrumb"},"inLanguage":"da-DK","potentialAction":[{"@type":"ReadAction","target":["https:\/\/navibanker.com\/dk\/laaneberegner\/"]}]},{"@type":"BreadcrumbList","@id":"https:\/\/navibanker.com\/dk\/laaneberegner\/#breadcrumb","itemListElement":[{"@type":"ListItem","position":1,"name":"Home","item":"https:\/\/navibanker.com\/dk\/"},{"@type":"ListItem","position":2,"name":"L\u00e5neberegner"}]},{"@type":"WebSite","@id":"https:\/\/navibanker.com\/dk\/#website","url":"https:\/\/navibanker.com\/dk\/","name":"Navibanker - Danmark","description":"Just another Navibanker.com Sites site","publisher":{"@id":"https:\/\/navibanker.com\/dk\/#organization"},"potentialAction":[{"@type":"SearchAction","target":{"@type":"EntryPoint","urlTemplate":"https:\/\/navibanker.com\/dk\/?s={search_term_string}"},"query-input":"required name=search_term_string"}],"inLanguage":"da-DK"},{"@type":"Organization","@id":"https:\/\/navibanker.com\/dk\/#organization","name":"Navibanker - Danmark","url":"https:\/\/navibanker.com\/dk\/","logo":{"@type":"ImageObject","inLanguage":"da-DK","@id":"https:\/\/navibanker.com\/dk\/#\/schema\/logo\/image\/","url":"https:\/\/navibanker.com\/dk\/wp-content\/uploads\/sites\/2\/2022\/07\/NaviBanker_fv_neg.svg","contentUrl":"https:\/\/navibanker.com\/dk\/wp-content\/uploads\/sites\/2\/2022\/07\/NaviBanker_fv_neg.svg","caption":"Navibanker - Danmark"},"image":{"@id":"https:\/\/navibanker.com\/dk\/#\/schema\/logo\/image\/"}}]}},"_links":{"self":[{"href":"https:\/\/navibanker.com\/dk\/wp-json\/wp\/v2\/pages\/1173"}],"collection":[{"href":"https:\/\/navibanker.com\/dk\/wp-json\/wp\/v2\/pages"}],"about":[{"href":"https:\/\/navibanker.com\/dk\/wp-json\/wp\/v2\/types\/page"}],"author":[{"embeddable":true,"href":"https:\/\/navibanker.com\/dk\/wp-json\/wp\/v2\/users\/1"}],"replies":[{"embeddable":true,"href":"https:\/\/navibanker.com\/dk\/wp-json\/wp\/v2\/comments?post=1173"}],"version-history":[{"count":3,"href":"https:\/\/navibanker.com\/dk\/wp-json\/wp\/v2\/pages\/1173\/revisions"}],"predecessor-version":[{"id":1292,"href":"https:\/\/navibanker.com\/dk\/wp-json\/wp\/v2\/pages\/1173\/revisions\/1292"}],"wp:attachment":[{"href":"https:\/\/navibanker.com\/dk\/wp-json\/wp\/v2\/media?parent=1173"}],"curies":[{"name":"wp","href":"https:\/\/api.w.org\/{rel}","templated":true}]}}