{"id":1168,"date":"2022-08-03T20:48:18","date_gmt":"2022-08-03T20:48:18","guid":{"rendered":"https:\/\/navibanker.com\/dk\/?page_id=1168"},"modified":"2022-08-03T20:49:17","modified_gmt":"2022-08-03T20:49:17","slug":"budgetskema","status":"publish","type":"page","link":"https:\/\/navibanker.com\/dk\/budgetskema\/","title":{"rendered":"Budgetskema"},"content":{"rendered":"\n<p>Kunne du godt t\u00e6nke dig at have mere styr p\u00e5 din \u00f8konomi. Det kan v\u00e6re at du synes det er sv\u00e6rt at holde et overblik over hvad det er dine penge g\u00e5r til hver m\u00e5ned. Det kan ogs\u00e5 v\u00e6re at du gerne vil f\u00f8le dig mere sikker p\u00e5 hvordan det er du bruger dine penge.<\/p>\n\n\n\n<p>Eller det kan v\u00e6re du s\u00f8ger lettelsen af at vide at du har styr p\u00e5 din \u00f8konomi med et budget, s\u00e5dan at du ved hvor meget du kommer til at tjene, og hvad dine udgifter er hver m\u00e5ned.<\/p>\n\n\n\n<div class=\"wp-block-buttons is-layout-flex wp-block-buttons-is-layout-flex\">\n<div class=\"wp-block-button\"><a class=\"wp-block-button__link\" href=\"https:\/\/navibanker.com\/assets\/navibanker-budget.xlsx\">Download budgetskema<\/a><\/div>\n<\/div>\n\n\n\n<h2 class=\"wp-block-heading\">Brug budgetskemaet til at f\u00e5 skabt et overblik over din \u00f8konomi<\/h2>\n\n\n\n<p>Ved at downloade vores budgetskema kan du f\u00e5 skabt et godt overblik over din \u00f8konomi. Vi anbefaler personer som har lidt sv\u00e6rt ved at holde overblikket og bruge Excel arket. Det er en god m\u00e5de hvorp\u00e5 at man kan skabe sig et rigtigt godt overblik. Imens at man taster sine tal ind i arket, f\u00e5r man ogs\u00e5 lige en gennemgang af alle ens udgifter, hvilket kan v\u00e6re meget godt til underbevidstheden, at man lige ser hvor meget det egentlig er at man ved man skal af med hver m\u00e5ned, kvartal og \u00e5r.<\/p>\n\n\n\n<div class=\"wp-block-buttons is-layout-flex wp-block-buttons-is-layout-flex\">\n<div class=\"wp-block-button\"><a class=\"wp-block-button__link\" href=\"https:\/\/navibanker.com\/assets\/navibanker-budget.xlsx\">Download budgetskema<\/a><\/div>\n<\/div>\n\n\n\n<p>I skemaet er der skrevet en kort guide til hvordan du anvender det. Men det er egentlig meget simpelt. Der skal udfyldes tal i alle de gule felter. Som er felter der skal indeholde tal alt lige fra din l\u00f8nindkomst efter skat til andre indt\u00e6gter og udgifter. Det er tal s\u00e5som husleje, vand, varme, mad, benzin, og mange flere poster.<\/p>\n\n\n\n<p>Der er ogs\u00e5 muligheden for at indtaste hvor meget du godt kunne t\u00e6nke dig at spare op hver m\u00e5ned. Der er endda ogs\u00e5 en funktion, som vil vise dig hvis det er s\u00e5dan at du sparer op til noget specielt, hvor lang tid der vil f\u00f8r at du har r\u00e5d til det som du sparer op til. Det kan v\u00e6re meget fordelagtigt hvis det er s\u00e5dan at man godt kunne t\u00e6nke sig at spare op til en rejse, eller en ny cykel. Ja det kan faktisk bruges til hvad end det nu er at man gerne vil spare op til. Excel arket fort\u00e6ller dig hvor mange m\u00e5neder der vil g\u00e5 f\u00f8r at du har r\u00e5d til det form\u00e5l som du gerne vil spare op til. Det sker via en gennemsnitlig beregning udfra hvor meget du sparer op hver m\u00e5ned i l\u00f8bet af \u00e5ret.<\/p>\n\n\n\n<p>Hvis du er i tvivl om hvor du finder alle dine \u00f8konomiske oplysninger, s\u00e5 er der flere ting du kan g\u00f8re. For at udfylde alle de gule felter skal du bruge dine regninger for f. eks. internet, vand, varme og alle de andre udgifter du har pr. m\u00e5ned, kvartal og \u00e5rsbasis. Hvis du ikke kan finde dine udgifter for noget, s\u00e5 kan du logge ind p\u00e5 din netbank. Herinde vil det v\u00e6re muligt at se hvad du bruger dine penge p\u00e5 og dermed ogs\u00e5 dine udgifter. Det kan v\u00e6re lidt mere rodet at finde tingene derinde, men det er muligt. Det vil selvf\u00f8lgelig v\u00e6re en fordel hvis du kan bruge de regninger du har gemt, for at se hvad dine m\u00e5nedlige udgifter lyder p\u00e5.<\/p>\n\n\n\n<p>N\u00e5r du har udfyldt alle de gule felter, s\u00e5 regner arket selv resten ud automatisk. Du har efterf\u00f8lgende et budgetskema som giver dig en masse information. L\u00e6s med herunder for at se hvad det helt pr\u00e6cis er at du kan bruge vores Excel budget arket til. Der er nemlig mange fordele.<\/p>\n\n\n\n<h2 class=\"wp-block-heading\">Find ud af hvad det er som du bruger dine penge p\u00e5<\/h2>\n\n\n\n<p>N\u00e5r du har udfyldt alle de gule felter s\u00e5 vil du ogs\u00e5 f\u00e5 skabt et overblik. Hvor det vil v\u00e6re muligt for dig at se hvad det er som du bruger dine penge p\u00e5. N\u00e5r du kan se alle dine udgifter ved siden af hinanden, kan det v\u00e6re at det g\u00e5r op for dig at du rent faktisk bruger for mange penge p\u00e5 noget som du troede at du ikke brugte s\u00e5 mange penge p\u00e5.<\/p>\n\n\n\n<p>N\u00f8gleordet her er overblik. Det er nemlig f\u00f8rst n\u00e5r man har et overblik, at man virkelig kan se hvis der er noget som man bruger for mange penge p\u00e5. Grunden til dette er at i hverdagen kan mange sm\u00e5 bel\u00f8b godt skjule sig i m\u00e6ngden. Lad os tage et eksempel. Hvis man hver dag k\u00f8ber en kop kaffe p\u00e5 en caf\u00e9, eller m\u00e5ske k\u00f8ber en cheeseburger p\u00e5 vej hjem fra arbejde. En kop kaffe og en cheeseburger kan snildt l\u00f8be op i 40 kroner p\u00e5 en dag. Det er alts\u00e5 hele 1240 kroner om m\u00e5neden. Hvilket er en stort post at bruge s\u00e5 mange penge p\u00e5 noget s\u00e5 lidt. Men det er alts\u00e5 noget som man m\u00e5ske f\u00f8rst opdager n\u00e5r man har f\u00e5et skabt sig et overblik med vores budget ark. Et vigtigt overblik som kan hj\u00e6lpe en med at f\u00e5 \u00f8jnene op for de dyre sm\u00e5 vaner som man har i hverdagen.<\/p>\n\n\n\n<p>Vi anbefaler derfor n\u00e5r du har udfyldt alle de gule felter p\u00e5 Excel arket, at du tager et godt kig p\u00e5 dine samlede udgifter. Du har mulighed for at se dine posters udgifter for hele \u00e5ret. Det er her at det virkelig kan g\u00e5 op for en at der simpelthen er noget som man bruger for mange penge p\u00e5. Det er typisk det som man ikke regner med at der koster mange penge, som godt kan g\u00e5 hen og v\u00e6re noget af det som man bruger mange penge p\u00e5. Det er nemlig de sm\u00e5 ting som skjuler sig til hverdag, men godt kan vise sig at v\u00e6re dyre i det lange l\u00f8b.<\/p>\n\n\n\n<p>N\u00e5r man s\u00e5 ved hvad det er man bruger sine penge p\u00e5, s\u00e5 kan man overveje om det er noget som man burde begynde at bruge lidt mindre penge p\u00e5. At man skal v\u00e6re lidt mere bevidst omkring at lade v\u00e6re med at k\u00f8be den eller de ting. End af de typiske syndere, som tit fylder meget i manges budget er sm\u00f8ger. Det er en rigtig dyr forn\u00f8jelse at ryge. Hvis man ryger j\u00e6vnligt kan det koste op mod 16 tusinde kroner om \u00e5ret nemt. Det kan ogs\u00e5 koste endnu mere end det. Specielt hvis man ryger el-sm\u00f8ger. Det har faktisk vist sig at v\u00e6re en endnu dyrere l\u00f8sning. Ikke fordi at det koster mere som s\u00e5dan, men fordi at man simpelthen ryger mere, n\u00e5r man kan sidde med den i h\u00e5nden hele tiden. Det bliver lidt for hyggeligt.<\/p>\n\n\n\n<p>S\u00e5 hvis du ryger og du f\u00f8ler at din \u00f8konomi sejler lidt, s\u00e5 kan det v\u00e6re at du skal overveje at droppe din sm\u00f8ger eller el-sm\u00f8ger. Det kan i sig selv v\u00e6re en ren guldmine. Ligesom at der kan g\u00e5 mange penge til sm\u00f8ger, s\u00e5 er der rigtig mange andre ting og sager som kan v\u00e6re en meget dyr forn\u00f8jelse, som man m\u00e5ske burde skaffe sig af med.<\/p>\n\n\n\n<h2 class=\"wp-block-heading\">Se hvor meget der skal til for at spare op til noget<\/h2>\n\n\n\n<p>I vores Excel ark er der ogs\u00e5 muligheden for at spare op til noget. Vi har lavet en funktion hvor du kan se hvor lang tid det vil tage at spare op til den eller det som du gerne vil spare op til. Funktionen er meget simpel at anvende, du indtaster bare hvor meget du godt kunne t\u00e6nke dig at spare op. Herefter beregner den selv ud fra din gennemsnitlige opsparing hver m\u00e5ned hvor mange m\u00e5neder det vil tage dig at spare op til den eller det som du gerne vil spare op til.<\/p>\n\n\n\n<p>S\u00e5 hvis der er noget som du godt kunne t\u00e6nke dig at spare op til, s\u00e5 kan du med fordel anvende arket til at se hvor meget du kan regne med at have til r\u00e5dighed til at spare op hver m\u00e5ned. S\u00e5dan at du kan se hvor lang tid der g\u00e5r indtil at du har r\u00e5d til den eller det som du sparer op til.<\/p>\n\n\n\n<p>Selvom at man m\u00e5ske ikke sparer op til noget, s\u00e5 kan det v\u00e6re en meget god id\u00e9 alligevel at spare lidt penge op hver m\u00e5ned, s\u00e5dan at man ikke bruger dem alle sammen. Man ved aldrig hvorn\u00e5r man godt kunne f\u00e5 brug for lidt ekstra penge, og s\u00e5 er det alts\u00e5 dejligt at have en opsparing som man kan malke lidt i n\u00f8d.<\/p>\n\n\n\n<p>Hvis man g\u00f8r det undg\u00e5r man nemlig at skulle ud for at optage\u00a0<a href=\"\/dk\/kviklaan\/\">kvikl\u00e5n<\/a>\u00a0n\u00e5r man har brug for lidt penge. Det kan derfor vise sig at v\u00e6re en klog investering at spare lidt op. S\u00e5 har man altid lidt hvis det er s\u00e5dan at man p\u00e5 et tidspunkt kommer til at st\u00e5 og mangle lidt penge p\u00e5 lommen. Det kan v\u00e6re at man sidst p\u00e5 m\u00e5neden p\u00e5 et tidspunkt f\u00e5r en uforudset udgift, der g\u00f8r at det er meget godt man man har en opsparing som man kan tr\u00e6kke lidt fra.<\/p>\n\n\n\n<h2 class=\"wp-block-heading\">Se hvilke poster det er som du bruger flest penge p\u00e5<\/h2>\n\n\n\n<p>Med dit budget ark har du mulighed for at se hvad det er som du bruger dine penge p\u00e5. Ikke mindst er det muligt at finde ud af hvad det er som du bruger flest penge p\u00e5. Det kan v\u00e6re poster s\u00e5som husleje, som ikke er til at slippe for. Det er selvf\u00f8lgelig noget som man skal betale, og derfor kan man umiddelbart ikke g\u00f8re noget ved det. Medmindre at man t\u00e6nker det m\u00e5ske er n\u00f8dvendigt at finde noget billigere at bo i. Det kan v\u00e6re at det er muligt at finde noget hvor huslejen er lidt billigere, s\u00e5dan at det giver mere luft i budgettet, hvis man har det lidt stramt.<\/p>\n\n\n\n<p>N\u00e5r man ved hvad det er man bruger flest penge p\u00e5 i sit budget, kan man se efter som det er essentielle ting. Det kan f. eks. v\u00e6re at mange af de store poster p\u00e5 ens budget rent faktisk er forn\u00f8jelser som man burde skrue lidt ned for, for at have flere penge til at kunne spare op hver m\u00e5ned. S\u00e5dan at man generelt har lidt flere penge til r\u00e5dighed.<\/p>\n\n\n\n<p>Hele meningen med et budget, er s\u00e5dan at man kan planl\u00e6gge sin \u00f8konomi, s\u00e5dan at man ved at det hele h\u00e6nger sammen. Det er derfor vigtigt at du kan se at du ikke har nogle m\u00e5neder hvor du er i minus. Da det kan v\u00e6re et tegn p\u00e5 at du burde se n\u00e6rmere p\u00e5 dit forbrug af dine penge. Hvis det er fordi at du har flere udgifter som falder samme m\u00e5ned, s\u00e5 er det vigtigt at du de foreg\u00e5ende m\u00e5neder har s\u00f8rget for at l\u00e6gge til side, s\u00e5dan at du har r\u00e5d til at betale dine udgifter.<\/p>\n\n\n\n<h2 class=\"wp-block-heading\">Bruger du mange penge p\u00e5 mad og burde skrue lidt ned<\/h2>\n\n\n\n<p>Hvor mange penge bruger du p\u00e5 mad om m\u00e5neden, kan v\u00e6re et godt sted at starte med at kigge p\u00e5 sin \u00f8konomi. Det er nemlig oftest den store \u201ctyv\u201d i dit budget. Hvor mange penge du bruger p\u00e5 mad afh\u00e6nger selvf\u00f8lgelig af hvor mange der er i den husstand du bor i. K\u00f8ber du kun mad ind til dig selv, eller har du ogs\u00e5 nogle b\u00f8rn som skal have mad har en stor indflydelse p\u00e5 hvor mange penge du bruger p\u00e5 mad. Det er for eksempel ogs\u00e5 billigere at spise sammen med andre, hvis man bor sammen med andre hvor man deler udgifterne til mad.<\/p>\n\n\n\n<p>Tag et kig p\u00e5 hvor meget du bruger p\u00e5 mad. Bruger du som 1 person 4000 kroner om m\u00e5neden kan det godt v\u00e6re et tegn p\u00e5 at du k\u00f8ber lidt for meget. Det kan v\u00e6re at du k\u00f8ber mad som du godt kunne v\u00e6re foruden. Det er typiske de sm\u00e5 l\u00e6kre ting som koster. S\u00e5som chips, chokolade, is osv. Hvor kiloprisen er over 100. Her kan det v\u00e6re nemt at barbere nogle hundred kroner af dit forbrug ved at undlade at k\u00f8be disse l\u00e6kre sm\u00e5 sager.<\/p>\n\n\n\n<p>Vi siger ikke at du skal leve af havregryn og vand, men at det er vigtigt at v\u00e6re bevidst omkring hvad man k\u00f8ber. Man kan sagtens f\u00e5 en sund, varieret og samtidig l\u00e6kker kost, uden at det skal koste en bondeg\u00e5rd. S\u00e5 hvis du f\u00f8ler at du i forvejen m\u00e5ske bruger lidt for mange penge p\u00e5 mad, s\u00e5 kan det v\u00e6re et godt sted at starte med at kigge p\u00e5 at sk\u00e6re lidt ned p\u00e5 forbruget.<\/p>\n\n\n\n<h2 class=\"wp-block-heading\">Er der noget som du ellers godt kunne v\u00e6re foruden<\/h2>\n\n\n\n<p>Man kan ogs\u00e5 tage et generelt blik p\u00e5 sit budgetskema n\u00e5r man er f\u00e6rdig med at taste tal ind i de gule felter. Det kan v\u00e6re at man f\u00e5 \u00f8je p\u00e5 noget som man ikke har brug for, som man egentlig t\u00e6nker til sig selv at man godt kan v\u00e6re foruden.<\/p>\n\n\n\n<p>En del af det at l\u00e6gge et budget er ogs\u00e5 at f\u00e5 \u00f8je p\u00e5 hvor man bruger for mange penge. De poster hvor man bruger for mange penge, skal man v\u00e6lge at sk\u00e6re lidt ned. Det kan v\u00e6re sv\u00e6rt at vide hvor meget det er muligt at skrue ned p\u00e5 de forskellige poster. Det kan derfor godt v\u00e6re noget som man skal pr\u00f8ve sig lidt frem med.<\/p>\n\n\n\n<p>Hvis det er s\u00e5dan at man godt ved at man bruger for mange penge p\u00e5 nogle poster, men man har m\u00e5ske sv\u00e6rt med at stoppe. Lad os bare sige at man ikke kan f\u00e5 sig selv til at stoppe med at ryge. Det kan v\u00e6re mange andre ting ogs\u00e5, men f\u00e6lles er at man har mulighed for at hente hj\u00e6lp hvis man gerne vil vendes af med den vane som man har f\u00e5et.<\/p>\n\n\n\n<h2 class=\"wp-block-heading\">V\u00e6r realistisk med hvor mange penge du kan spare op<\/h2>\n\n\n\n<p>En typisk fejl som blive lavet af rigtig mange, er at de s\u00e5 gerne vil have den eller det som de sparer op til. S\u00e5 meget, at de er urealistiske omkring hvor meget de har mulighed for at spare op hver m\u00e5ned. S\u00e5dan at de skriver ind i deres budgetskema at de kan spare s\u00e5 og s\u00e5 meget op, men det kan de i virkeligheden ikke fordi at de bliver lidt flere penge p\u00e5 diverse end de vil indr\u00f8mme. Det kan resultere i at man ikke ender med at have den m\u00e6ngde penge som man skulle bruge til det som man sparer op til inden for den tidsperiode som man godt kunne t\u00e6nke sig.<\/p>\n\n\n\n<p>Det er derfor vigtigt at man er realistisk n\u00e5r man v\u00e6lger at spare op til noget. Grunden til at det er vigtigt er s\u00e5dan set egentlig ikke s\u00e5 vigtigt i sig selv. Det er bare mere det med at holde noget n\u00e5r man f\u00f8rst g\u00e5r igang med at spare op. Det er med til at styrke at man ogs\u00e5 overholder resten. Fordi det er nemlig vigtigt n\u00e5r man l\u00e6gger et budget, at man har t\u00e6nkt sig at holde sig til det. Ellers vil det ikke give nogen mening at bruge tid p\u00e5 det til at starte med. Vi anbefaler derfor at hvis man v\u00e6lger at begynde at l\u00e6gge et budget, at man s\u00e5 er ogs\u00e5 er seri\u00f8s med det, s\u00e5 f\u00e5r man mest ud af det.<\/p>\n\n\n\n<h2 class=\"wp-block-heading\">Brug en af posterne til en kategori der hedder \u201cdiverse\u201d<\/h2>\n\n\n\n<p>Hvis du i vores gratis budgetskema ikke kan finde en post som passer til de udgifter som du har, s\u00e5 kan du bruge en af post 1,2,3 eller 4 til at lave en diverse post. Her kan du samle flere forskellige udgifter i en. Det er man typisk n\u00f8dt til at g\u00f8re, da man har mange sm\u00e5 udgifter, som vil fylde s\u00e5 meget, at det bedre kan betale sig at samle dem alle i en post.<\/p>\n\n\n\n<p>Du burde nu v\u00e6re kl\u00e6dt godt p\u00e5 til at anvende vores gratis budget Excel ark. Hvis du m\u00e5tte have nogle sp\u00f8rgsm\u00e5l som du ikke f\u00f8ler er helt besvaret, s\u00e5 er du meget velkommen til at skrive til vores online support.<\/p>\n","protected":false},"excerpt":{"rendered":"<p>Kunne du godt t\u00e6nke dig at have mere styr p\u00e5 din \u00f8konomi. Det kan v\u00e6re at du synes det er sv\u00e6rt at holde et overblik over hvad det er dine penge g\u00e5r til hver m\u00e5ned. Det kan ogs\u00e5 v\u00e6re at du gerne vil f\u00f8le dig mere sikker p\u00e5 hvordan det er du bruger dine penge. &#8230; <a title=\"Budgetskema\" class=\"read-more\" href=\"https:\/\/navibanker.com\/dk\/budgetskema\/\" aria-label=\"More on Budgetskema\">L\u00e6s Mere<\/a><\/p>\n","protected":false},"author":1,"featured_media":0,"parent":0,"menu_order":0,"comment_status":"closed","ping_status":"closed","template":"","meta":{"inline_featured_image":false,"footnotes":""},"acf":[],"yoast_head":"<!-- This site is optimized with the Yoast SEO plugin v21.9.1 - https:\/\/yoast.com\/wordpress\/plugins\/seo\/ -->\n<title>Budgetskema - Download vores gratis budgetskabelon i Excel<\/title>\n<meta name=\"description\" content=\"Budgetskema - F\u00e5 overblik over dit m\u00e5nedlige budget med vores budgetskema \u2713 Download vores gratis budgetskema \u2713\" \/>\n<meta name=\"robots\" content=\"index, follow, max-snippet:-1, max-image-preview:large, max-video-preview:-1\" \/>\n<link rel=\"canonical\" href=\"https:\/\/navibanker.com\/dk\/budgetskema\/\" \/>\n<meta property=\"og:locale\" content=\"da_DK\" \/>\n<meta property=\"og:type\" content=\"article\" \/>\n<meta property=\"og:title\" content=\"Budgetskema - Download vores gratis budgetskabelon i Excel\" \/>\n<meta property=\"og:description\" content=\"Budgetskema - F\u00e5 overblik over dit m\u00e5nedlige budget med vores budgetskema \u2713 Download vores gratis budgetskema \u2713\" \/>\n<meta property=\"og:url\" content=\"https:\/\/navibanker.com\/dk\/budgetskema\/\" \/>\n<meta property=\"og:site_name\" content=\"Navibanker - Danmark\" \/>\n<meta property=\"article:modified_time\" content=\"2022-08-03T20:49:17+00:00\" \/>\n<meta name=\"twitter:card\" content=\"summary_large_image\" \/>\n<meta name=\"twitter:label1\" content=\"Estimeret l\u00e6setid\" \/>\n\t<meta name=\"twitter:data1\" content=\"15 minutter\" \/>\n<script type=\"application\/ld+json\" class=\"yoast-schema-graph\">{\"@context\":\"https:\/\/schema.org\",\"@graph\":[{\"@type\":\"WebPage\",\"@id\":\"https:\/\/navibanker.com\/dk\/budgetskema\/\",\"url\":\"https:\/\/navibanker.com\/dk\/budgetskema\/\",\"name\":\"Budgetskema - Download vores gratis budgetskabelon i Excel\",\"isPartOf\":{\"@id\":\"https:\/\/navibanker.com\/dk\/#website\"},\"datePublished\":\"2022-08-03T20:48:18+00:00\",\"dateModified\":\"2022-08-03T20:49:17+00:00\",\"description\":\"Budgetskema - F\u00e5 overblik over dit m\u00e5nedlige budget med vores budgetskema \u2713 Download vores gratis budgetskema \u2713\",\"breadcrumb\":{\"@id\":\"https:\/\/navibanker.com\/dk\/budgetskema\/#breadcrumb\"},\"inLanguage\":\"da-DK\",\"potentialAction\":[{\"@type\":\"ReadAction\",\"target\":[\"https:\/\/navibanker.com\/dk\/budgetskema\/\"]}]},{\"@type\":\"BreadcrumbList\",\"@id\":\"https:\/\/navibanker.com\/dk\/budgetskema\/#breadcrumb\",\"itemListElement\":[{\"@type\":\"ListItem\",\"position\":1,\"name\":\"Home\",\"item\":\"https:\/\/navibanker.com\/dk\/\"},{\"@type\":\"ListItem\",\"position\":2,\"name\":\"Budgetskema\"}]},{\"@type\":\"WebSite\",\"@id\":\"https:\/\/navibanker.com\/dk\/#website\",\"url\":\"https:\/\/navibanker.com\/dk\/\",\"name\":\"Navibanker - Danmark\",\"description\":\"Just another Navibanker.com Sites site\",\"publisher\":{\"@id\":\"https:\/\/navibanker.com\/dk\/#organization\"},\"potentialAction\":[{\"@type\":\"SearchAction\",\"target\":{\"@type\":\"EntryPoint\",\"urlTemplate\":\"https:\/\/navibanker.com\/dk\/?s={search_term_string}\"},\"query-input\":\"required name=search_term_string\"}],\"inLanguage\":\"da-DK\"},{\"@type\":\"Organization\",\"@id\":\"https:\/\/navibanker.com\/dk\/#organization\",\"name\":\"Navibanker - Danmark\",\"url\":\"https:\/\/navibanker.com\/dk\/\",\"logo\":{\"@type\":\"ImageObject\",\"inLanguage\":\"da-DK\",\"@id\":\"https:\/\/navibanker.com\/dk\/#\/schema\/logo\/image\/\",\"url\":\"https:\/\/navibanker.com\/dk\/wp-content\/uploads\/sites\/2\/2022\/07\/NaviBanker_fv_neg.svg\",\"contentUrl\":\"https:\/\/navibanker.com\/dk\/wp-content\/uploads\/sites\/2\/2022\/07\/NaviBanker_fv_neg.svg\",\"caption\":\"Navibanker - Danmark\"},\"image\":{\"@id\":\"https:\/\/navibanker.com\/dk\/#\/schema\/logo\/image\/\"}}]}<\/script>\n<!-- \/ Yoast SEO plugin. -->","yoast_head_json":{"title":"Budgetskema - Download vores gratis budgetskabelon i Excel","description":"Budgetskema - F\u00e5 overblik over dit m\u00e5nedlige budget med vores budgetskema \u2713 Download vores gratis budgetskema \u2713","robots":{"index":"index","follow":"follow","max-snippet":"max-snippet:-1","max-image-preview":"max-image-preview:large","max-video-preview":"max-video-preview:-1"},"canonical":"https:\/\/navibanker.com\/dk\/budgetskema\/","og_locale":"da_DK","og_type":"article","og_title":"Budgetskema - Download vores gratis budgetskabelon i Excel","og_description":"Budgetskema - F\u00e5 overblik over dit m\u00e5nedlige budget med vores budgetskema \u2713 Download vores gratis budgetskema \u2713","og_url":"https:\/\/navibanker.com\/dk\/budgetskema\/","og_site_name":"Navibanker - Danmark","article_modified_time":"2022-08-03T20:49:17+00:00","twitter_card":"summary_large_image","twitter_misc":{"Estimeret l\u00e6setid":"15 minutter"},"schema":{"@context":"https:\/\/schema.org","@graph":[{"@type":"WebPage","@id":"https:\/\/navibanker.com\/dk\/budgetskema\/","url":"https:\/\/navibanker.com\/dk\/budgetskema\/","name":"Budgetskema - Download vores gratis budgetskabelon i Excel","isPartOf":{"@id":"https:\/\/navibanker.com\/dk\/#website"},"datePublished":"2022-08-03T20:48:18+00:00","dateModified":"2022-08-03T20:49:17+00:00","description":"Budgetskema - F\u00e5 overblik over dit m\u00e5nedlige budget med vores budgetskema \u2713 Download vores gratis budgetskema \u2713","breadcrumb":{"@id":"https:\/\/navibanker.com\/dk\/budgetskema\/#breadcrumb"},"inLanguage":"da-DK","potentialAction":[{"@type":"ReadAction","target":["https:\/\/navibanker.com\/dk\/budgetskema\/"]}]},{"@type":"BreadcrumbList","@id":"https:\/\/navibanker.com\/dk\/budgetskema\/#breadcrumb","itemListElement":[{"@type":"ListItem","position":1,"name":"Home","item":"https:\/\/navibanker.com\/dk\/"},{"@type":"ListItem","position":2,"name":"Budgetskema"}]},{"@type":"WebSite","@id":"https:\/\/navibanker.com\/dk\/#website","url":"https:\/\/navibanker.com\/dk\/","name":"Navibanker - Danmark","description":"Just another Navibanker.com Sites site","publisher":{"@id":"https:\/\/navibanker.com\/dk\/#organization"},"potentialAction":[{"@type":"SearchAction","target":{"@type":"EntryPoint","urlTemplate":"https:\/\/navibanker.com\/dk\/?s={search_term_string}"},"query-input":"required name=search_term_string"}],"inLanguage":"da-DK"},{"@type":"Organization","@id":"https:\/\/navibanker.com\/dk\/#organization","name":"Navibanker - Danmark","url":"https:\/\/navibanker.com\/dk\/","logo":{"@type":"ImageObject","inLanguage":"da-DK","@id":"https:\/\/navibanker.com\/dk\/#\/schema\/logo\/image\/","url":"https:\/\/navibanker.com\/dk\/wp-content\/uploads\/sites\/2\/2022\/07\/NaviBanker_fv_neg.svg","contentUrl":"https:\/\/navibanker.com\/dk\/wp-content\/uploads\/sites\/2\/2022\/07\/NaviBanker_fv_neg.svg","caption":"Navibanker - Danmark"},"image":{"@id":"https:\/\/navibanker.com\/dk\/#\/schema\/logo\/image\/"}}]}},"_links":{"self":[{"href":"https:\/\/navibanker.com\/dk\/wp-json\/wp\/v2\/pages\/1168"}],"collection":[{"href":"https:\/\/navibanker.com\/dk\/wp-json\/wp\/v2\/pages"}],"about":[{"href":"https:\/\/navibanker.com\/dk\/wp-json\/wp\/v2\/types\/page"}],"author":[{"embeddable":true,"href":"https:\/\/navibanker.com\/dk\/wp-json\/wp\/v2\/users\/1"}],"replies":[{"embeddable":true,"href":"https:\/\/navibanker.com\/dk\/wp-json\/wp\/v2\/comments?post=1168"}],"version-history":[{"count":2,"href":"https:\/\/navibanker.com\/dk\/wp-json\/wp\/v2\/pages\/1168\/revisions"}],"predecessor-version":[{"id":1170,"href":"https:\/\/navibanker.com\/dk\/wp-json\/wp\/v2\/pages\/1168\/revisions\/1170"}],"wp:attachment":[{"href":"https:\/\/navibanker.com\/dk\/wp-json\/wp\/v2\/media?parent=1168"}],"curies":[{"name":"wp","href":"https:\/\/api.w.org\/{rel}","templated":true}]}}