{"id":1151,"date":"2022-08-03T20:27:33","date_gmt":"2022-08-03T20:27:33","guid":{"rendered":"https:\/\/navibanker.com\/dk\/?page_id=1151"},"modified":"2022-08-03T20:27:33","modified_gmt":"2022-08-03T20:27:33","slug":"rki","status":"publish","type":"page","link":"https:\/\/navibanker.com\/dk\/rki\/","title":{"rendered":"RKI"},"content":{"rendered":"\n<p>RKI er danmarks st\u00f8rste register over d\u00e5rlige betalere. Det sikre danske virksomheder mod d\u00e5rlige betalere. det blev k\u00f8bt af den globale forretningsgruppe&nbsp;<a href=\"http:\/\/www.experian.dk\/rki\/\">Experian<\/a>&nbsp;som agere indenfor deres st\u00f8rste operationer som kreditvurderingsbureau. RKI er anset for at v\u00e6re en p\u00e5lidelig kilde til at tjekke personer for g\u00e6ld.<\/p>\n\n\n\n<p>Experians register over d\u00e5rlige betaler best\u00e5r af en database, hvor man som virksomhed kan s\u00f8ge efter og registrere d\u00e5rlige betaler. RKI fungere derfor ligesom et antivirus program, og beskytter de enkelte virksomheder mod d\u00e5rlige betalere, og dermed d\u00e5rlige forretningsaftaler.<\/p>\n\n\n\n<p>Virksomhederne kan s\u00f8ge i databasen, for at tjekke om deres potentielle kunde skulle v\u00e6re registreret. P\u00e5 den m\u00e5de kan virksomhederne gardere sig imod d\u00e5rlige betalere, og afvise kunder p\u00e5 baggrund af at de skylder andre kreditorer penge. Det er nemlig langt de fleste som \u00f8nsker at g\u00f8re forretning med en som allerede skylder penge til andre kreditorer. Da risikoen for at tabe penge p\u00e5 kunden er for alt for stor i forhold til hvad der kan tjenes p\u00e5 kunden.<\/p>\n\n\n\n<p>RKI er derfor et netv\u00e6rk af virksomheder som i f\u00e6llesskab hj\u00e6lper hinanden med at beskytte sig imod d\u00e5rlige betalere. Hvis en virksomhed oplever en kunde som ikke kan tilbagebetale den g\u00e6ld som kunden har til virksomheden. Kan virksomheden oprette kunden i RKI for at beskytte andre virksomheder imod at g\u00f8re forretning med denne kunde, hvor der er stor risiko for at kunden ikke ville kunne komme til at tilbagebetale den g\u00e6ld som personen p\u00e5tager sig.<\/p>\n\n\n\n<p>De enkelte virksomheder vil dog ikke blive helgarderet imod d\u00e5rlige betalere ved at v\u00e6re en del af RKI. Da det kan forekomme at man er den f\u00f8rste virksomhed til at g\u00f8re forretning med en kunde, som ikke kan betale sin g\u00e6ld tilbage. Men ved at v\u00e6re en del af RKI s\u00e5 beskytter virksomhederne sig imod alle de d\u00e5rlige betalere som de andre virksomheder har haft. Man er derfor ikke helgarderet, men i f\u00e6llesskab kan virksomhederne undg\u00e5 langt de fleste af de d\u00e5rlige kunder som de potentielt ville have haft gjort forretning med, hvis ikke det var fordi at de var en del af RKI.<\/p>\n\n\n\n<p>P\u00e5 den m\u00e5de fungere RKI som en database, der er med til at beskytte det danske erhvervsliv imod d\u00e5rlige betalere. RKI er derfor en essentiel del af flere brancher som har med kunder at g\u00f8re, hvor der gives kredit p\u00e5 den ene eller den anden m\u00e5de. Det kan f. eks. v\u00e6re produkter der gives p\u00e5 afbetaling, eller andre former for kredit, s\u00e5som\u00a0<a href=\"\/dk\/kviklaan\/\">kvikl\u00e5n<\/a>, hurtigl\u00e5n, og andre mange andre former for kredit.<\/p>\n\n\n\n<p>RKI er faktisk direkte med til at g\u00f8re diverse produkter og services billigere for den gennemsnitlige kunde. Netop fordi at virksomhederne kan gardere sig imod d\u00e5rlige betalere, s\u00e5 kan de undg\u00e5 flere tab, og dermed g\u00f8re deres produkt eller service endnu billigere for de kunder som ikke st\u00e5r i RKI. Hvis RKI ikke fandtes var de forskellige virksomheder n\u00f8dt til at indregne deres tab p\u00e5 d\u00e5rlige betalere i deres udregninger. Hvilket vil medf\u00f8re at deres produkt eller service ville blive dyrere end den der er der i dag. Da de ville skulle kompensere for de ekstra tab som de vil have uden RKI som skjold mod d\u00e5rlige betalere. Vi kan derfor v\u00e6re glad for at RKI findes, da det er med til at g\u00f8re det billigere at optage kredit hos diverse kreditorer.<\/p>\n\n\n\n<p>Hvilket er fantastisk, medmindre man selvf\u00f8lgelig st\u00e5r i RKI. S\u00e5 er sagen en helt anden. Det har nemlig den konsekvens at man h\u00f8jst sandsynlig ikke kan f\u00e5 nogen kredit andre steder, da man er registreret som en d\u00e5rlig betaler i RKI. Og hvis man finder frem til nogle som gerne vil give en kredit enten i form at et l\u00e5n, produkt eller service, s\u00e5 vil det komme til at koste langt mere end det burde. Da den virksomhed man g\u00f8r forretning med tager en ekstra stor risiko ved at g\u00f8re forretning med en som st\u00e5r i RKI. Derfor vil deres service eller produkt v\u00e6re meget dyrere end normalt, for at kompensere for alle dem som ikke ville kunne betale dem tilbage, det som de skylder.<\/p>\n\n\n\n<p>Vi anbefaler derfor ogs\u00e5 p\u00e5 det st\u00e6rkeste at ens f\u00f8rste prioritet er at komme ud af RKI, hvis man befinder sig inde i systemet. Det kan ikke betale sig \u00f8konomisk at optage mere g\u00e6ld n\u00e5r man st\u00e5r i RKI. Det er bedre f\u00f8rst at komme ud af systemet, og s\u00e5 kan man ans\u00f8ge om et l\u00e5n igen, da det vil v\u00e6re en meget billigere l\u00f8sning. Ligesom vi heller ikke anbefaler at man optager et l\u00e5n, for at afbetale g\u00e6ld, for at komme ud af RKI. Det er en ond cirkel og den forkerte m\u00e5de at g\u00f8re det p\u00e5.<\/p>\n\n\n\n<p>Inden vi g\u00e5r videre med ens situation hvis man er havnet i RKI vil vi n\u00e6rmere ind p\u00e5 hvordan man egentlig ender i RKI. Hvordan man finder ud af om man er i RKI, og hvad man skal g\u00f8re hvis det viser sig at man er registreret som en d\u00e5rlig betaler.<\/p>\n\n\n\n<h2 class=\"wp-block-heading\">Hvad skal der til for at ende i RKI<\/h2>\n\n\n\n<p>Virksomheder som er tilknyttet RKI kan registrere dig i systemer s\u00e5fremt at du har en g\u00e6ld til dem der er st\u00f8rre end 200 kroner. Det kan derfor oftest v\u00e6re meget sm\u00e5 bel\u00f8b som der er tale om. Det er derfor vigtigt ikke at ignorere disse, og f\u00e5 dem betalt hurtigst muligt hvis det er tilf\u00e6ldet. Det kan v\u00e6re noget s\u00e5 sm\u00e5t som en ubetalt parkeringsb\u00f8de der g\u00f8r at man ender i RKI. Det er derfor vigtigt ikke at ignorer nogle former for bel\u00f8ber, da det er s\u00e5 lidt som et bel\u00f8b p\u00e5 200 kroner der kan g\u00f8re at man ender med at v\u00e6re registreret i RKI.<\/p>\n\n\n\n<p>Det er muligt for virksomheder og det offentlige at tjekke private personer i RKI. Hvis man st\u00e5r i RKI kan det vise sig meget sv\u00e6rt at l\u00e5ne penge hos andre kreditorer, eller k\u00f8be noget p\u00e5 afbetaling. Det er derfor at foretr\u00e6kke ikke at st\u00e5 registreret i RKI.<\/p>\n\n\n\n<p>Som du kan se, skal der ikke ret meget til at man er registreret i RKI. Selvom at stereotypen af personer som er havnet i RKI er meget slem og sammenlignet med folk der bor p\u00e5 gaden. S\u00e5 er det langt fra virkeligheden. St\u00f8rstedelen af dem som havner i RKI er personer med en egentlig fin \u00f8konomi. Det er som regel uheldige \u00e5rsager, der g\u00f8r at folk havner i RKI. Uforudsigelige situationer som har den konsekvens at der ikke kan betales tilbage p\u00e5 den kredit man har ude.<\/p>\n\n\n\n<p>Hvilket ogs\u00e5 betyder at langt de fleste som havner i RKI er ude af databasen forholdsvis hurtigt igen. Da de alts\u00e5 har en fin \u00f8konomi, men er kommet i en situation hvor de ikke kan betale den udest\u00e5ende g\u00e6ld de har. Det kan v\u00e6re at de misser nogle afdrag p\u00e5 et l\u00e5n, eller et produkt eller service som de har p\u00e5 afbetaling. \u00c5rsagen til at de misser at betale tilbage kan v\u00e6re mange, men f\u00e6lles for langt den st\u00f8rste del af dem som havner i RKI, er at de inden for kort tid kommer til penge igen, som g\u00f8r at de kan betale deres g\u00e6ld tilbage. Da de netop ellers normalt har en fin sammenh\u00e6ngende \u00f8konomi.<\/p>\n\n\n\n<p>S\u00e5 snart at de har tilbagebetalt deres g\u00e6ld, s\u00e5 kommer de ud af databasen over d\u00e5rlige betalere. Hvilket betyder at de p\u00e5 ny kan optage l\u00e5n, og andre diverse produkter og services p\u00e5 afbetaling.<\/p>\n\n\n\n<p>Hvilket er en essentiel del af vores hverdag. Langt de fleste nyder godt af at kunne f\u00e5 kredit hos forskellige virksomheder. Vi anbefaler derfor at man prioritere at komme ud af RKI. Skulle man befinde sig i en situation hvor man er havnet i databasen.<\/p>\n\n\n\n<p>Selvom at st\u00f8rstedelen af dem som havner i RKI, selv kan finde ud af at komme ud i igen, s\u00e5 er der ogs\u00e5 nogle som har en \u00f8konomisk lidt sv\u00e6rere situation. Er du en af dem s\u00e5 fortvivl ej. Verden er ikke g\u00e5et under. Der er lys forude, og vi har her p\u00e5 siden, skrevet en artikel om hvordan du kan komme ud af din situation, hvis du er havnet i RKI, og umiddelbart ikke har en mulighed for at f\u00e5 tilbagebetalt den g\u00e6ld du m\u00e5tte have. Du kan finde vores artikel under vores blog.<\/p>\n\n\n\n<h2 class=\"wp-block-heading\">Tjek om du er registreret i RKI<\/h2>\n\n\n\n<p>Har du mistanke til at du m\u00e5ske kan v\u00e6re registreret i RKI. S\u00e5 er der flere m\u00e5der hvorp\u00e5 du kan tjekke hvorvidt du er registreret i RKI. Hvis du har mistanke til at du er registreret i RKI, s\u00e5 er du det h\u00f8jst sandsynlig ikke, men det er s\u00e5 nemt at tjekke. S\u00e5 hvis du er i tvivl kan du f\u00e5 ro i sj\u00e6len stort set med det samme ved at f\u00f8lge en af de nedenst\u00e5ende muligheder for at tjekke din status vedr\u00f8rende RKI status.<\/p>\n\n\n\n<p>Tjek din RKI-status p\u00e5 4 forskellige m\u00e5der:<\/p>\n\n\n\n<ul><li>G\u00e5 online p\u00e5 dininfo.dk<\/li><li>Send en email til forbrugerservice<\/li><li>Ring til automatisk telefon<\/li><li>Ring til personlig betjening<\/li><\/ul>\n\n\n\n<h3 class=\"wp-block-heading\">Online p\u00e5 dininfo.dk<\/h3>\n\n\n\n<p>Ved at bruge dit NemID kan du logge ind p\u00e5 dininfo.dk for at tjekke om hvorvidt du skulle v\u00e6re registreret i RKI. Du kan derfor nemt finde ud af din status med det samme.<\/p>\n\n\n\n<h3 class=\"wp-block-heading\">Email til forbrugerservice<\/h3>\n\n\n\n<p>Ved at sende en email til forbrugerservice p\u00e5 email:&nbsp;<a href=\"mailto:forbrugerservice@experian.dk\">forbrugerservice@experian.dk<\/a><\/p>\n\n\n\n<p>Din besvarelse vil blive sendt med almindelig post.<\/p>\n\n\n\n<h3 class=\"wp-block-heading\">Ring til automatisk telefon<\/h3>\n\n\n\n<p>Ved at ringe til Experians automatiske telefon p\u00e5 tlf.: 87 46 56 56<\/p>\n\n\n\n<p>Den automatiske telefon er \u00e5ben hele d\u00f8gnet rundt. Ved at indtaste dit CPR nummer vil du med post modtage et svar p\u00e5 din status ift. hvorvidt du er registreret i RKI.<\/p>\n\n\n\n<h3 class=\"wp-block-heading\">Ring til personlig betjening<\/h3>\n\n\n\n<p>Ved at ringe til Experians personlige betjening som har \u00e5bent fra 10-12 mandag til fredag. Af sikkerhedsm\u00e6ssige \u00e5rsager skal du svare p\u00e5 nogle kontrolsp\u00f8rgsm\u00e5l, for at sikre at du er den du udgiver dig for at v\u00e6re.<\/p>\n\n\n\n<h2 class=\"wp-block-heading\">Hvordan kommer man ud af RKI<\/h2>\n\n\n\n<p>Der er et meget kort svar. Tilbagebetaling af alt sin g\u00e6ld. Meget simpelt, men det kan vise sig at v\u00e6re sv\u00e6rt n\u00e5r man ingen penge har. Der skal derfor l\u00e6gges en plan.<\/p>\n\n\n\n<p>Hvis man st\u00e5r i RKI betyder det at man har en eller flere kreditorer som man skylder penge. Vi anbefaler derfor at man s\u00f8rger for at f\u00e5 lavet en aftale med de kreditorer som man skylder penge. Skylder man penge til flere kreditorer p\u00e5 en gang er det vigtigt at man f\u00e5r tilbagebetalt til dem allesammen. Man skal huske at v\u00e6re realistisk i sin planl\u00e6gning. S\u00e5dan at man kan f\u00e5 lavet en plan man kan overholde. Det nytter ikke noget at lave en plan og aftale med sine kreditorer for s\u00e5 efterf\u00f8lgende ikke at overholde den.<\/p>\n\n\n\n<p>Hvis du godt kunne t\u00e6nkte dig at vide mere om hvordan man kommer ud af RKI, s\u00e5 har vi som tidligere sagt, skrevet en artikel om hvordan man kommer ud af RKI. Vi \u00f8nsker nemlig at hj\u00e6lpe dig med din situation. Vores materiale er gratis at anvende. Vores online support hj\u00e6lper dig ogs\u00e5 gerne med at svare p\u00e5 nogle af de sp\u00f8rgsm\u00e5l du m\u00e5tte have.<\/p>\n\n\n\n<h2 class=\"wp-block-heading\">L\u00e5n trods RKI.<\/h2>\n\n\n\n<p>F\u00f8rste og fremmest skal det understreges at det ikke er noget vi anbefaler.<\/p>\n\n\n\n<p>Er du i den situation er du st\u00e5r i RKI men har stadigv\u00e6k brug for at l\u00e5ne penge, s\u00e5 er der muligheder, men eftersom at de kreditorer man indg\u00e5r et l\u00e5n med tager en st\u00f8rre risiko i og med at man er registreret som en d\u00e5rlig betaler, s\u00e5 skal man typisk regne med at det er noget dyrere l\u00e5n som man f\u00e5r tilbudt. Det er derfor vigtigt at t\u00e6nke sig om en ekstra gang inden at man optager et l\u00e5n, n\u00e5r man allerede er registreret i RKI. Da det kan f\u00f8re til at man ender med en endnu st\u00f8rre g\u00e6ld.<\/p>\n\n\n\n<p>Hvis du alligevel gerne vil l\u00e5ne trods RKI, s\u00e5 har vi dedikeret en hel side til det emne, som vi anbefaler at du l\u00e6ser igennem, inden at du tager en beslutning. Vi understreger at vi ikke anbefaler det, hvilket ogs\u00e5 er hvorfor vi ikke viser nogle\u00a0<a href=\"\/dk\/laan-trods-rki\/\">l\u00e5n trods RKI<\/a>\u00a0udbydere p\u00e5 vores side.<\/p>\n\n\n\n<h2 class=\"wp-block-heading\">RKI. En L\u00f8sning til erhverv mod d\u00e5rlige betalere.<\/h2>\n\n\n\n<p>Som virksomhed kan du beskytte din forretning ved at blive en del af RKI. Hvis du er interesseret kan du l\u00e6se mere p\u00e5 experians hjemmeside.<\/p>\n","protected":false},"excerpt":{"rendered":"<p>RKI er danmarks st\u00f8rste register over d\u00e5rlige betalere. Det sikre danske virksomheder mod d\u00e5rlige betalere. det blev k\u00f8bt af den globale forretningsgruppe&nbsp;Experian&nbsp;som agere indenfor deres st\u00f8rste operationer som kreditvurderingsbureau. RKI er anset for at v\u00e6re en p\u00e5lidelig kilde til at tjekke personer for g\u00e6ld. Experians register over d\u00e5rlige betaler best\u00e5r af en database, hvor man &#8230; <a title=\"RKI\" class=\"read-more\" href=\"https:\/\/navibanker.com\/dk\/rki\/\" aria-label=\"More on RKI\">L\u00e6s Mere<\/a><\/p>\n","protected":false},"author":1,"featured_media":0,"parent":0,"menu_order":0,"comment_status":"closed","ping_status":"closed","template":"","meta":{"inline_featured_image":false,"footnotes":""},"acf":[],"yoast_head":"<!-- This site is optimized with the Yoast SEO plugin v21.9.1 - https:\/\/yoast.com\/wordpress\/plugins\/seo\/ -->\n<title>RKI - Navibanker - Danmark<\/title>\n<meta name=\"robots\" content=\"index, follow, max-snippet:-1, max-image-preview:large, max-video-preview:-1\" \/>\n<link rel=\"canonical\" href=\"https:\/\/navibanker.com\/dk\/rki\/\" \/>\n<meta property=\"og:locale\" content=\"da_DK\" \/>\n<meta property=\"og:type\" content=\"article\" \/>\n<meta property=\"og:title\" content=\"RKI - Navibanker - Danmark\" \/>\n<meta property=\"og:description\" content=\"RKI er danmarks st\u00f8rste register over d\u00e5rlige betalere. Det sikre danske virksomheder mod d\u00e5rlige betalere. det blev k\u00f8bt af den globale forretningsgruppe&nbsp;Experian&nbsp;som agere indenfor deres st\u00f8rste operationer som kreditvurderingsbureau. RKI er anset for at v\u00e6re en p\u00e5lidelig kilde til at tjekke personer for g\u00e6ld. Experians register over d\u00e5rlige betaler best\u00e5r af en database, hvor man ... L\u00e6s Mere\" \/>\n<meta property=\"og:url\" content=\"https:\/\/navibanker.com\/dk\/rki\/\" \/>\n<meta property=\"og:site_name\" content=\"Navibanker - Danmark\" \/>\n<meta name=\"twitter:card\" content=\"summary_large_image\" \/>\n<meta name=\"twitter:label1\" content=\"Estimeret l\u00e6setid\" \/>\n\t<meta name=\"twitter:data1\" content=\"12 minutter\" \/>\n<script type=\"application\/ld+json\" class=\"yoast-schema-graph\">{\"@context\":\"https:\/\/schema.org\",\"@graph\":[{\"@type\":\"WebPage\",\"@id\":\"https:\/\/navibanker.com\/dk\/rki\/\",\"url\":\"https:\/\/navibanker.com\/dk\/rki\/\",\"name\":\"RKI - Navibanker - Danmark\",\"isPartOf\":{\"@id\":\"https:\/\/navibanker.com\/dk\/#website\"},\"datePublished\":\"2022-08-03T20:27:33+00:00\",\"dateModified\":\"2022-08-03T20:27:33+00:00\",\"breadcrumb\":{\"@id\":\"https:\/\/navibanker.com\/dk\/rki\/#breadcrumb\"},\"inLanguage\":\"da-DK\",\"potentialAction\":[{\"@type\":\"ReadAction\",\"target\":[\"https:\/\/navibanker.com\/dk\/rki\/\"]}]},{\"@type\":\"BreadcrumbList\",\"@id\":\"https:\/\/navibanker.com\/dk\/rki\/#breadcrumb\",\"itemListElement\":[{\"@type\":\"ListItem\",\"position\":1,\"name\":\"Home\",\"item\":\"https:\/\/navibanker.com\/dk\/\"},{\"@type\":\"ListItem\",\"position\":2,\"name\":\"RKI\"}]},{\"@type\":\"WebSite\",\"@id\":\"https:\/\/navibanker.com\/dk\/#website\",\"url\":\"https:\/\/navibanker.com\/dk\/\",\"name\":\"Navibanker - Danmark\",\"description\":\"Just another Navibanker.com Sites site\",\"publisher\":{\"@id\":\"https:\/\/navibanker.com\/dk\/#organization\"},\"potentialAction\":[{\"@type\":\"SearchAction\",\"target\":{\"@type\":\"EntryPoint\",\"urlTemplate\":\"https:\/\/navibanker.com\/dk\/?s={search_term_string}\"},\"query-input\":\"required name=search_term_string\"}],\"inLanguage\":\"da-DK\"},{\"@type\":\"Organization\",\"@id\":\"https:\/\/navibanker.com\/dk\/#organization\",\"name\":\"Navibanker - Danmark\",\"url\":\"https:\/\/navibanker.com\/dk\/\",\"logo\":{\"@type\":\"ImageObject\",\"inLanguage\":\"da-DK\",\"@id\":\"https:\/\/navibanker.com\/dk\/#\/schema\/logo\/image\/\",\"url\":\"https:\/\/navibanker.com\/dk\/wp-content\/uploads\/sites\/2\/2022\/07\/NaviBanker_fv_neg.svg\",\"contentUrl\":\"https:\/\/navibanker.com\/dk\/wp-content\/uploads\/sites\/2\/2022\/07\/NaviBanker_fv_neg.svg\",\"caption\":\"Navibanker - Danmark\"},\"image\":{\"@id\":\"https:\/\/navibanker.com\/dk\/#\/schema\/logo\/image\/\"}}]}<\/script>\n<!-- \/ Yoast SEO plugin. -->","yoast_head_json":{"title":"RKI - Navibanker - Danmark","robots":{"index":"index","follow":"follow","max-snippet":"max-snippet:-1","max-image-preview":"max-image-preview:large","max-video-preview":"max-video-preview:-1"},"canonical":"https:\/\/navibanker.com\/dk\/rki\/","og_locale":"da_DK","og_type":"article","og_title":"RKI - Navibanker - Danmark","og_description":"RKI er danmarks st\u00f8rste register over d\u00e5rlige betalere. Det sikre danske virksomheder mod d\u00e5rlige betalere. det blev k\u00f8bt af den globale forretningsgruppe&nbsp;Experian&nbsp;som agere indenfor deres st\u00f8rste operationer som kreditvurderingsbureau. RKI er anset for at v\u00e6re en p\u00e5lidelig kilde til at tjekke personer for g\u00e6ld. Experians register over d\u00e5rlige betaler best\u00e5r af en database, hvor man ... L\u00e6s Mere","og_url":"https:\/\/navibanker.com\/dk\/rki\/","og_site_name":"Navibanker - Danmark","twitter_card":"summary_large_image","twitter_misc":{"Estimeret l\u00e6setid":"12 minutter"},"schema":{"@context":"https:\/\/schema.org","@graph":[{"@type":"WebPage","@id":"https:\/\/navibanker.com\/dk\/rki\/","url":"https:\/\/navibanker.com\/dk\/rki\/","name":"RKI - Navibanker - Danmark","isPartOf":{"@id":"https:\/\/navibanker.com\/dk\/#website"},"datePublished":"2022-08-03T20:27:33+00:00","dateModified":"2022-08-03T20:27:33+00:00","breadcrumb":{"@id":"https:\/\/navibanker.com\/dk\/rki\/#breadcrumb"},"inLanguage":"da-DK","potentialAction":[{"@type":"ReadAction","target":["https:\/\/navibanker.com\/dk\/rki\/"]}]},{"@type":"BreadcrumbList","@id":"https:\/\/navibanker.com\/dk\/rki\/#breadcrumb","itemListElement":[{"@type":"ListItem","position":1,"name":"Home","item":"https:\/\/navibanker.com\/dk\/"},{"@type":"ListItem","position":2,"name":"RKI"}]},{"@type":"WebSite","@id":"https:\/\/navibanker.com\/dk\/#website","url":"https:\/\/navibanker.com\/dk\/","name":"Navibanker - Danmark","description":"Just another Navibanker.com Sites site","publisher":{"@id":"https:\/\/navibanker.com\/dk\/#organization"},"potentialAction":[{"@type":"SearchAction","target":{"@type":"EntryPoint","urlTemplate":"https:\/\/navibanker.com\/dk\/?s={search_term_string}"},"query-input":"required name=search_term_string"}],"inLanguage":"da-DK"},{"@type":"Organization","@id":"https:\/\/navibanker.com\/dk\/#organization","name":"Navibanker - Danmark","url":"https:\/\/navibanker.com\/dk\/","logo":{"@type":"ImageObject","inLanguage":"da-DK","@id":"https:\/\/navibanker.com\/dk\/#\/schema\/logo\/image\/","url":"https:\/\/navibanker.com\/dk\/wp-content\/uploads\/sites\/2\/2022\/07\/NaviBanker_fv_neg.svg","contentUrl":"https:\/\/navibanker.com\/dk\/wp-content\/uploads\/sites\/2\/2022\/07\/NaviBanker_fv_neg.svg","caption":"Navibanker - Danmark"},"image":{"@id":"https:\/\/navibanker.com\/dk\/#\/schema\/logo\/image\/"}}]}},"_links":{"self":[{"href":"https:\/\/navibanker.com\/dk\/wp-json\/wp\/v2\/pages\/1151"}],"collection":[{"href":"https:\/\/navibanker.com\/dk\/wp-json\/wp\/v2\/pages"}],"about":[{"href":"https:\/\/navibanker.com\/dk\/wp-json\/wp\/v2\/types\/page"}],"author":[{"embeddable":true,"href":"https:\/\/navibanker.com\/dk\/wp-json\/wp\/v2\/users\/1"}],"replies":[{"embeddable":true,"href":"https:\/\/navibanker.com\/dk\/wp-json\/wp\/v2\/comments?post=1151"}],"version-history":[{"count":1,"href":"https:\/\/navibanker.com\/dk\/wp-json\/wp\/v2\/pages\/1151\/revisions"}],"predecessor-version":[{"id":1152,"href":"https:\/\/navibanker.com\/dk\/wp-json\/wp\/v2\/pages\/1151\/revisions\/1152"}],"wp:attachment":[{"href":"https:\/\/navibanker.com\/dk\/wp-json\/wp\/v2\/media?parent=1151"}],"curies":[{"name":"wp","href":"https:\/\/api.w.org\/{rel}","templated":true}]}}