{"id":1149,"date":"2022-08-03T20:26:30","date_gmt":"2022-08-03T20:26:30","guid":{"rendered":"https:\/\/navibanker.com\/dk\/?page_id=1149"},"modified":"2022-08-03T20:26:30","modified_gmt":"2022-08-03T20:26:30","slug":"aaop","status":"publish","type":"page","link":"https:\/\/navibanker.com\/dk\/aaop\/","title":{"rendered":"Hvad st\u00e5r \u00c5OP for?"},"content":{"rendered":"\n<p>\u00c5OP st\u00e5r for \u00c5rlige Omkostninger i Procent. Ved hj\u00e6lp af din \u00c5OP kan du se dine totale omkostninger ved optagelse af et l\u00e5n. Man skal l\u00e6se sin \u00c5OP som ens totale \u00e5rlige omkostninger opgjort i procenter af det totale l\u00e5nebel\u00f8b. Det vil sige at hvis din \u00c5OP er 10% og dit totale <a href=\"https:\/\/navibanker.com\/dk\/laanebeloeb\/\">l\u00e5nebel\u00f8b<\/a> er kroner 10.000, s\u00e5 er dine totale omkostninger ved optagelse af l\u00e5net kr. 1000 om \u00e5ret.<\/p>\n\n\n\n<p>Vi kan derfor bruge \u00c5OP som en indikator p\u00e5 hvor dyrt et l\u00e5n er. Hvilket giver os muligheden for at sammenligne l\u00e5n. Her er det bare vigtigt at man sammenligner 2 eller flere l\u00e5n med samme parametre.<\/p>\n\n\n\n<h2 class=\"wp-block-heading\">L\u00e5neudbydere skal oplyse om \u00c5OP<\/h2>\n\n\n\n<p>L\u00e5neudbydere er underlagt kreditaftaleloven, som siger at banker og l\u00e5neudbydere skal oplyse \u00c5OP i forbindelse med tilbud af l\u00e5n. Grunden til dette er at det skal v\u00e6re med til at g\u00f8re det nemmere for forbrugeren at gennemskue, hvor meget det vil komme til at koste at optage et l\u00e5n i \u00e5rlige omkostninger.<\/p>\n\n\n\n<p>Her er n\u00f8gleordet \u201c\u00e5rlige omkostninger\u201d fordi at selvom at det er med til at give et rigtigt godt overblik over hvad det kommer til at koste en forbruger over en periode p\u00e5 et \u00e5r at have optage et l\u00e5n. S\u00e5 har det den ulempe at det bliver sv\u00e6rt at l\u00e6se \u00c5OP, n\u00e5r man optager et\u00a0<a href=\"\/dk\/kviklaan\/\">kvikl\u00e5n<\/a>\u00a0med henblik p\u00e5 at l\u00e5n i en kortere periode end et \u00e5r.<\/p>\n\n\n\n<p>Et godt eksempel, er hvis man godt kunne t\u00e6nke sig at l\u00e5ne 4000 kroner i 7 dage. Hvis vi helt hypotetisk siger at kreditomkostninger for denne l\u00e5neperiode p\u00e5 7 dage vil v\u00e6re 392 kr. S\u00e5 vil vi kunne regne os frem til at \u00c5OP vil v\u00e6re 12,995,5 procent. Hvilket lyder helt hen i vejret, som noget man aldrig nogensinde skulle bev\u00e6ge sig ud i. Selvom at vi kan se at kreditomkostninger ved at optage det her hypotetiske l\u00e5n kun er p\u00e5 392 kr. Et bevis for at \u00c5OP kan give et forskruet billede n\u00e5r man \u00f8nsker at optage et l\u00e5n med en l\u00e5neperiode der er mindre end et \u00e5r. I det her eksempel 7 dage. Hvor mange ville sige god for at optage det her hypotetiske l\u00e5n.<\/p>\n\n\n\n<p>Vi kan derfor konludere at jo kortere en l\u00e5neperiode er, desto st\u00f8rre bliver \u00c5OP. Man skal derfor v\u00e6re opm\u00e6rksom p\u00e5 at man kan komme ud for meget h\u00f8je \u00c5OP ved korte l\u00e5neperioder, som er meget typisk for n\u00e5r man gerne vil <a href=\"https:\/\/navibanker.com\/dk\/\">l\u00e5n penge<\/a> med et kvikl\u00e5n.<\/p>\n\n\n\n<h2 class=\"wp-block-heading\">\u00c5OP er ikke den endelige procent der skal betales<\/h2>\n\n\n\n<p>N\u00e5r det s\u00e5 er sagt, s\u00e5 er \u00c5OP en lille bitte smule misvisende. \u00c5OP kan g\u00f8re det meget mere overskueligt i forhold til hvor meget man skal regne med at komme af med i omkostninger ved optagelse af et l\u00e5n. Det er bare vigtigt at man ved hvordan parametre er skruet sammen, s\u00e5dan at man kan gennemskue hvad tallet fort\u00e6ller.<\/p>\n\n\n\n<p>Nu hvor vi har v\u00e6ret over hvordan man ikke m\u00e5 misfortolke \u00c5OP, s\u00e5 er der stadigv\u00e6k enkelte steder man skal v\u00e6re opm\u00e6rksom. Der er nemlig flere ting som har en indflydelse p\u00e5 beregningen af \u00c5OP, der kan v\u00e6re med til at give et forkert billede af virkeligheden.<\/p>\n\n\n\n<p>Man skal derfor v\u00e6re opm\u00e6rksom p\u00e5 f\u00f8lgende:<\/p>\n\n\n\n<ul><li>Fradrag<\/li><li>L\u00f8betid<\/li><\/ul>\n\n\n\n<h2 class=\"wp-block-heading\">Fradrag<\/h2>\n\n\n\n<p>Fradrag g\u00f8r det at optage et l\u00e5n billigere end hvad der egentlig er oplyst som \u00c5OP. Da man &nbsp;med fradrag kan tr\u00e6kke renter fra i skat. Hvilket resultere i at man ender med f\u00e6rre omkostninger for det fulde l\u00e5n, end hvad \u00c5OP\u2019en antyder. Dette er en positiv ting for dig. S\u00e5 du skal huske n\u00e5r du laver regnestykket om at optage et l\u00e5n, ja s\u00e5 er der faktisk nogle renter som du kan tr\u00e6kke fra i din \u00e5rsopg\u00f8relse. Dette g\u00f8r det billigere at optage l\u00e5net, end hvad din \u00c5OP egentlig viser dig.<\/p>\n\n\n\n<h2 class=\"wp-block-heading\">L\u00f8betid<\/h2>\n\n\n\n<p>Man skal ogs\u00e5 v\u00e6re opm\u00e6rksom p\u00e5 at \u00c5OP falder i takt med at man forl\u00e6nger l\u00f8betiden p\u00e5 et l\u00e5n, men her skal man holde tungen lige i munde, fordi det betyder netop ikke at ens l\u00e5n bliver billigere. Det som man hele tiden skal huske p\u00e5 er, at \u00c5OP er opgjort pr. \u00e5r og l\u00f8ber ens l\u00e5n over en l\u00e6ngere periode end et \u00e5r, ja s\u00e5 kan man godt f\u00e5 en forvr\u00e6nget billede af virkeligheden. Man skal derfor ogs\u00e5 huske at dette kan g\u00e5 begge veje. Hvis man derfor optager et l\u00e5n med henblik p\u00e5 at betale det tilbage inden for et \u00e5r, ja s\u00e5 viser \u00c5OP ogs\u00e5 et forkert billede, og s\u00e5 kommer man faktisk ikke til at betale liges\u00e5 meget som \u00c5OP opgiver.<\/p>\n\n\n\n<p>Konklusionen p\u00e5 de 2 ovenst\u00e5ende punkter, er at man ikke altid skal lade sig skr\u00e6mme af en h\u00f8j \u00c5OP, f\u00f8r at man har taget alle tingene ind i regnestykker. Det kan nemlig i mange tilf\u00e6lde vise sig at man skal af med mindre i total omkostninger, end hvad \u00c5OP\u2019en hentyder til at man skal af med. S\u00e5 selvom at \u00c5OP giver et godt overblik, s\u00e5 kan den ogs\u00e5 v\u00e6re misvisende. Det er derfor n\u00f8dvendigt at vide hvordan man regner \u00c5OP ud, for at have den fulde forst\u00e5else af regnestykket.<\/p>\n\n\n\n<p>Hvis du synes at ovenst\u00e5ende virker alt for kompliceret, s\u00e5 frygt ikke. Det eneste som man skal huske at tage i mente n\u00e5r man kigger p\u00e5 en \u00c5OP, er at det er opgjort pr. \u00e5rs basis. Det vil sige at det er de omkostninger man har pr. &nbsp;\u00e5r i procent af sit total l\u00e5nebel\u00f8b.<\/p>\n\n\n\n<h3 class=\"wp-block-heading\">Hvad d\u00e6kker \u00c5OP over?<\/h3>\n\n\n\n<p>Nu har vi mere eller mindre f\u00e5et st\u00e5r hvad \u00c5OP er og hvad det st\u00e5r for, samt hvordan vi regner det ud. Vi ved ogs\u00e5 at \u00c5OP er de totale omkostninger, og her kan du se hvilke elementer som har en indflydelse p\u00e5 din \u00c5OP.<\/p>\n\n\n\n<p>Engangsomkostninger<\/p>\n\n\n\n<ul><li>Stiftelsesprovision<\/li><li>Gebyrer<\/li><li>Ekspeditionsgebyr<\/li><li>Dokumentgebyr<\/li><li>Tinglysningsafgift<\/li><li>osv.<\/li><\/ul>\n\n\n\n<p>L\u00f8bende omkostninger<\/p>\n\n\n\n<ul><li>M\u00e5nedlige\/\u00c5rlige kontogebyrer<\/li><li>Administrationsgebyr<\/li><li>Renter<\/li><li>Depotgebyrer<\/li><li>PBS gebyrer<\/li><li>osv.<\/li><\/ul>\n\n\n\n<p>Det er en del punkter og mange ting at holde styr p\u00e5, og det er netop derfor at vi gerne vil have \u00c5OP oplyst, fordi s\u00e5 beh\u00f8ver vi ikke g\u00e5 alle de punkter igennem. Konklusion til allersidst, m\u00e5 derfor v\u00e6re at en \u00c5OP er meget nyttig n\u00e5r man skal regne sine totale omkostninger ud for sit l\u00e5n, man skal bare huske ogs\u00e5 at tage nogle ting i mente, da det ikke altid er det rigtige billede som \u00c5OP\u2019en giver. En god tommelfingerregel er derfor kun at anvende \u00c5OP som en indikator, men at man selv lige skal s\u00e6tte sig ned og lave regnestykker inden at man opgaver l\u00e5net. Typisk er l\u00e5neudbyderne gode til at hj\u00e6lpe en med dette, s\u00e5dan at du kan f\u00e5 det rigtige overblik.<\/p>\n","protected":false},"excerpt":{"rendered":"<p>\u00c5OP st\u00e5r for \u00c5rlige Omkostninger i Procent. Ved hj\u00e6lp af din \u00c5OP kan du se dine totale omkostninger ved optagelse af et l\u00e5n. Man skal l\u00e6se sin \u00c5OP som ens totale \u00e5rlige omkostninger opgjort i procenter af det totale l\u00e5nebel\u00f8b. Det vil sige at hvis din \u00c5OP er 10% og dit totale l\u00e5nebel\u00f8b er kroner &#8230; <a title=\"Hvad st\u00e5r \u00c5OP for?\" class=\"read-more\" href=\"https:\/\/navibanker.com\/dk\/aaop\/\" aria-label=\"More on Hvad st\u00e5r \u00c5OP for?\">L\u00e6s Mere<\/a><\/p>\n","protected":false},"author":1,"featured_media":0,"parent":0,"menu_order":0,"comment_status":"closed","ping_status":"closed","template":"","meta":{"inline_featured_image":false,"footnotes":""},"acf":[],"yoast_head":"<!-- This site is optimized with the Yoast SEO plugin v21.9.1 - https:\/\/yoast.com\/wordpress\/plugins\/seo\/ -->\n<title>\u00c5OP \u2192 Hvad st\u00e5r det for? S\u00e5dan sammenligner man bedst l\u00e5n<\/title>\n<meta name=\"description\" content=\"Brug \u00c5OP til sammenligning af l\u00e5n. Der er dog et par ting som du skal v\u00e6re opm\u00e6rksom p\u00e5 ved brug af \u00c5OP som indikator. L\u00e6s med her.\" \/>\n<meta name=\"robots\" content=\"index, follow, max-snippet:-1, max-image-preview:large, max-video-preview:-1\" \/>\n<link rel=\"canonical\" href=\"https:\/\/navibanker.com\/dk\/aaop\/\" \/>\n<meta property=\"og:locale\" content=\"da_DK\" \/>\n<meta property=\"og:type\" content=\"article\" \/>\n<meta property=\"og:title\" content=\"\u00c5OP \u2192 Hvad st\u00e5r det for? S\u00e5dan sammenligner man bedst l\u00e5n\" \/>\n<meta property=\"og:description\" content=\"Brug \u00c5OP til sammenligning af l\u00e5n. Der er dog et par ting som du skal v\u00e6re opm\u00e6rksom p\u00e5 ved brug af \u00c5OP som indikator. L\u00e6s med her.\" \/>\n<meta property=\"og:url\" content=\"https:\/\/navibanker.com\/dk\/aaop\/\" \/>\n<meta property=\"og:site_name\" content=\"Navibanker - Danmark\" \/>\n<meta name=\"twitter:card\" content=\"summary_large_image\" \/>\n<meta name=\"twitter:label1\" content=\"Estimeret l\u00e6setid\" \/>\n\t<meta name=\"twitter:data1\" content=\"6 minutter\" \/>\n<script type=\"application\/ld+json\" class=\"yoast-schema-graph\">{\"@context\":\"https:\/\/schema.org\",\"@graph\":[{\"@type\":\"WebPage\",\"@id\":\"https:\/\/navibanker.com\/dk\/aaop\/\",\"url\":\"https:\/\/navibanker.com\/dk\/aaop\/\",\"name\":\"\u00c5OP \u2192 Hvad st\u00e5r det for? S\u00e5dan sammenligner man bedst l\u00e5n\",\"isPartOf\":{\"@id\":\"https:\/\/navibanker.com\/dk\/#website\"},\"datePublished\":\"2022-08-03T20:26:30+00:00\",\"dateModified\":\"2022-08-03T20:26:30+00:00\",\"description\":\"Brug \u00c5OP til sammenligning af l\u00e5n. Der er dog et par ting som du skal v\u00e6re opm\u00e6rksom p\u00e5 ved brug af \u00c5OP som indikator. L\u00e6s med her.\",\"breadcrumb\":{\"@id\":\"https:\/\/navibanker.com\/dk\/aaop\/#breadcrumb\"},\"inLanguage\":\"da-DK\",\"potentialAction\":[{\"@type\":\"ReadAction\",\"target\":[\"https:\/\/navibanker.com\/dk\/aaop\/\"]}]},{\"@type\":\"BreadcrumbList\",\"@id\":\"https:\/\/navibanker.com\/dk\/aaop\/#breadcrumb\",\"itemListElement\":[{\"@type\":\"ListItem\",\"position\":1,\"name\":\"Home\",\"item\":\"https:\/\/navibanker.com\/dk\/\"},{\"@type\":\"ListItem\",\"position\":2,\"name\":\"Hvad st\u00e5r \u00c5OP for?\"}]},{\"@type\":\"WebSite\",\"@id\":\"https:\/\/navibanker.com\/dk\/#website\",\"url\":\"https:\/\/navibanker.com\/dk\/\",\"name\":\"Navibanker - Danmark\",\"description\":\"Just another Navibanker.com Sites site\",\"publisher\":{\"@id\":\"https:\/\/navibanker.com\/dk\/#organization\"},\"potentialAction\":[{\"@type\":\"SearchAction\",\"target\":{\"@type\":\"EntryPoint\",\"urlTemplate\":\"https:\/\/navibanker.com\/dk\/?s={search_term_string}\"},\"query-input\":\"required name=search_term_string\"}],\"inLanguage\":\"da-DK\"},{\"@type\":\"Organization\",\"@id\":\"https:\/\/navibanker.com\/dk\/#organization\",\"name\":\"Navibanker - Danmark\",\"url\":\"https:\/\/navibanker.com\/dk\/\",\"logo\":{\"@type\":\"ImageObject\",\"inLanguage\":\"da-DK\",\"@id\":\"https:\/\/navibanker.com\/dk\/#\/schema\/logo\/image\/\",\"url\":\"https:\/\/navibanker.com\/dk\/wp-content\/uploads\/sites\/2\/2022\/07\/NaviBanker_fv_neg.svg\",\"contentUrl\":\"https:\/\/navibanker.com\/dk\/wp-content\/uploads\/sites\/2\/2022\/07\/NaviBanker_fv_neg.svg\",\"caption\":\"Navibanker - Danmark\"},\"image\":{\"@id\":\"https:\/\/navibanker.com\/dk\/#\/schema\/logo\/image\/\"}}]}<\/script>\n<!-- \/ Yoast SEO plugin. -->","yoast_head_json":{"title":"\u00c5OP \u2192 Hvad st\u00e5r det for? S\u00e5dan sammenligner man bedst l\u00e5n","description":"Brug \u00c5OP til sammenligning af l\u00e5n. Der er dog et par ting som du skal v\u00e6re opm\u00e6rksom p\u00e5 ved brug af \u00c5OP som indikator. L\u00e6s med her.","robots":{"index":"index","follow":"follow","max-snippet":"max-snippet:-1","max-image-preview":"max-image-preview:large","max-video-preview":"max-video-preview:-1"},"canonical":"https:\/\/navibanker.com\/dk\/aaop\/","og_locale":"da_DK","og_type":"article","og_title":"\u00c5OP \u2192 Hvad st\u00e5r det for? S\u00e5dan sammenligner man bedst l\u00e5n","og_description":"Brug \u00c5OP til sammenligning af l\u00e5n. Der er dog et par ting som du skal v\u00e6re opm\u00e6rksom p\u00e5 ved brug af \u00c5OP som indikator. L\u00e6s med her.","og_url":"https:\/\/navibanker.com\/dk\/aaop\/","og_site_name":"Navibanker - Danmark","twitter_card":"summary_large_image","twitter_misc":{"Estimeret l\u00e6setid":"6 minutter"},"schema":{"@context":"https:\/\/schema.org","@graph":[{"@type":"WebPage","@id":"https:\/\/navibanker.com\/dk\/aaop\/","url":"https:\/\/navibanker.com\/dk\/aaop\/","name":"\u00c5OP \u2192 Hvad st\u00e5r det for? S\u00e5dan sammenligner man bedst l\u00e5n","isPartOf":{"@id":"https:\/\/navibanker.com\/dk\/#website"},"datePublished":"2022-08-03T20:26:30+00:00","dateModified":"2022-08-03T20:26:30+00:00","description":"Brug \u00c5OP til sammenligning af l\u00e5n. Der er dog et par ting som du skal v\u00e6re opm\u00e6rksom p\u00e5 ved brug af \u00c5OP som indikator. L\u00e6s med her.","breadcrumb":{"@id":"https:\/\/navibanker.com\/dk\/aaop\/#breadcrumb"},"inLanguage":"da-DK","potentialAction":[{"@type":"ReadAction","target":["https:\/\/navibanker.com\/dk\/aaop\/"]}]},{"@type":"BreadcrumbList","@id":"https:\/\/navibanker.com\/dk\/aaop\/#breadcrumb","itemListElement":[{"@type":"ListItem","position":1,"name":"Home","item":"https:\/\/navibanker.com\/dk\/"},{"@type":"ListItem","position":2,"name":"Hvad st\u00e5r \u00c5OP for?"}]},{"@type":"WebSite","@id":"https:\/\/navibanker.com\/dk\/#website","url":"https:\/\/navibanker.com\/dk\/","name":"Navibanker - Danmark","description":"Just another Navibanker.com Sites site","publisher":{"@id":"https:\/\/navibanker.com\/dk\/#organization"},"potentialAction":[{"@type":"SearchAction","target":{"@type":"EntryPoint","urlTemplate":"https:\/\/navibanker.com\/dk\/?s={search_term_string}"},"query-input":"required name=search_term_string"}],"inLanguage":"da-DK"},{"@type":"Organization","@id":"https:\/\/navibanker.com\/dk\/#organization","name":"Navibanker - Danmark","url":"https:\/\/navibanker.com\/dk\/","logo":{"@type":"ImageObject","inLanguage":"da-DK","@id":"https:\/\/navibanker.com\/dk\/#\/schema\/logo\/image\/","url":"https:\/\/navibanker.com\/dk\/wp-content\/uploads\/sites\/2\/2022\/07\/NaviBanker_fv_neg.svg","contentUrl":"https:\/\/navibanker.com\/dk\/wp-content\/uploads\/sites\/2\/2022\/07\/NaviBanker_fv_neg.svg","caption":"Navibanker - Danmark"},"image":{"@id":"https:\/\/navibanker.com\/dk\/#\/schema\/logo\/image\/"}}]}},"_links":{"self":[{"href":"https:\/\/navibanker.com\/dk\/wp-json\/wp\/v2\/pages\/1149"}],"collection":[{"href":"https:\/\/navibanker.com\/dk\/wp-json\/wp\/v2\/pages"}],"about":[{"href":"https:\/\/navibanker.com\/dk\/wp-json\/wp\/v2\/types\/page"}],"author":[{"embeddable":true,"href":"https:\/\/navibanker.com\/dk\/wp-json\/wp\/v2\/users\/1"}],"replies":[{"embeddable":true,"href":"https:\/\/navibanker.com\/dk\/wp-json\/wp\/v2\/comments?post=1149"}],"version-history":[{"count":3,"href":"https:\/\/navibanker.com\/dk\/wp-json\/wp\/v2\/pages\/1149\/revisions"}],"predecessor-version":[{"id":1288,"href":"https:\/\/navibanker.com\/dk\/wp-json\/wp\/v2\/pages\/1149\/revisions\/1288"}],"wp:attachment":[{"href":"https:\/\/navibanker.com\/dk\/wp-json\/wp\/v2\/media?parent=1149"}],"curies":[{"name":"wp","href":"https:\/\/api.w.org\/{rel}","templated":true}]}}